{"id":7301,"date":"2025-05-28T06:20:18","date_gmt":"2025-05-28T06:20:18","guid":{"rendered":"https:\/\/bvbdl.de\/?page_id=7301"},"modified":"2025-05-28T06:20:48","modified_gmt":"2025-05-28T06:20:48","slug":"anmeldung-zum-praesenzseminar-produktveredelung-und-no-waste-in-simonshofen-am-24-06-2025","status":"publish","type":"page","link":"https:\/\/bvbdl.de\/index.php\/anmeldung-zum-praesenzseminar-produktveredelung-und-no-waste-in-simonshofen-am-24-06-2025\/","title":{"rendered":"Anmeldung zum Pr\u00e4senzseminar &#8220;Produktveredelung und No Waste in Simonshofen am 24.06.2025&#8221;"},"content":{"rendered":"\n<p><\/p>\n\n\n\n<div class=\"wpforms-container wpforms-container-full\" id=\"wpforms-7293\"><form id=\"wpforms-form-7293\" class=\"wpforms-validate wpforms-form wpforms-ajax-form\" data-formid=\"7293\" method=\"post\" enctype=\"multipart\/form-data\" action=\"\/index.php\/wp-json\/wp\/v2\/pages\/7301\" data-token=\"bfa09221c9f6c8941a85764b1bf2c05b\" data-token-time=\"1775650780\"><noscript class=\"wpforms-error-noscript\">Bitte aktiviere JavaScript in deinem Browser, um dieses Formular fertigzustellen.<\/noscript><div class=\"wpforms-field-container\"><div id=\"wpforms-7293-field_15-container\" class=\"wpforms-field wpforms-field-checkbox\" data-field-id=\"15\"><label class=\"wpforms-field-label\">Mein Dorfladen ist Mitglied beim Bundesverband der B\u00fcrger- und Dorfl\u00e4den in Deutschland e.V <span class=\"wpforms-required-label\">*<\/span><\/label><ul id=\"wpforms-7293-field_15\" class=\"wpforms-field-required\"><li class=\"choice-1 depth-1\"><input type=\"checkbox\" id=\"wpforms-7293-field_15_1\" name=\"wpforms[fields][15][]\" value=\"Ja\" required ><label class=\"wpforms-field-label-inline\" for=\"wpforms-7293-field_15_1\">Ja<\/label><\/li><li class=\"choice-2 depth-1\"><input type=\"checkbox\" id=\"wpforms-7293-field_15_2\" name=\"wpforms[fields][15][]\" value=\"Nein\" required ><label class=\"wpforms-field-label-inline\" for=\"wpforms-7293-field_15_2\">Nein<\/label><\/li><\/ul><\/div><div id=\"wpforms-7293-field_2-container\" class=\"wpforms-field wpforms-field-text\" data-field-id=\"2\"><label class=\"wpforms-field-label\" for=\"wpforms-7293-field_2\">Name Seminarteilnehmer  <span class=\"wpforms-required-label\">*<\/span><\/label><input type=\"text\" id=\"wpforms-7293-field_2\" class=\"wpforms-field-medium wpforms-field-required\" name=\"wpforms[fields][2]\" required><\/div><div id=\"wpforms-7293-field_16-container\" class=\"wpforms-field wpforms-field-text\" data-field-id=\"16\"><label class=\"wpforms-field-label\" for=\"wpforms-7293-field_16\">Ich nehme insgesamt mit folgender Anzahl an Personen an dem Seminar teil: <span class=\"wpforms-required-label\">*<\/span><\/label><input type=\"text\" id=\"wpforms-7293-field_16\" class=\"wpforms-field-medium wpforms-field-required\" name=\"wpforms[fields][16]\" required><\/div><div id=\"wpforms-7293-field_14-container\" class=\"wpforms-field wpforms-field-text\" data-field-id=\"14\"><label class=\"wpforms-field-label\" for=\"wpforms-7293-field_14\">Name Dorfladen <span class=\"wpforms-required-label\">*<\/span><\/label><input type=\"text\" id=\"wpforms-7293-field_14\" class=\"wpforms-field-medium wpforms-field-required\" name=\"wpforms[fields][14]\" required><\/div><div id=\"wpforms-7293-field_3-container\" class=\"wpforms-field wpforms-field-text\" data-field-id=\"3\"><label class=\"wpforms-field-label\" for=\"wpforms-7293-field_3\">E-Mail Adresse <span class=\"wpforms-required-label\">*<\/span><\/label><input type=\"text\" id=\"wpforms-7293-field_3\" class=\"wpforms-field-medium wpforms-field-required\" name=\"wpforms[fields][3]\" required><\/div><div id=\"wpforms-7293-field_4-container\" class=\"wpforms-field wpforms-field-text\" data-field-id=\"4\"><label class=\"wpforms-field-label\" for=\"wpforms-7293-field_4\">Telefonnummer: <span class=\"wpforms-required-label\">*<\/span><\/label><input type=\"text\" id=\"wpforms-7293-field_4\" class=\"wpforms-field-medium wpforms-field-required\" name=\"wpforms[fields][4]\" required><\/div><div id=\"wpforms-7293-field_6-container\" class=\"wpforms-field wpforms-field-text\" data-field-id=\"6\"><label class=\"wpforms-field-label\" for=\"wpforms-7293-field_6\">PLZ &amp; Ort Dorfladen <span class=\"wpforms-required-label\">*<\/span><\/label><input type=\"text\" id=\"wpforms-7293-field_6\" class=\"wpforms-field-medium wpforms-field-required\" name=\"wpforms[fields][6]\" required><\/div><div id=\"wpforms-7293-field_7-container\" class=\"wpforms-field wpforms-field-text\" data-field-id=\"7\"><label class=\"wpforms-field-label\" for=\"wpforms-7293-field_7\">Bundesland: <span class=\"wpforms-required-label\">*<\/span><\/label><input type=\"text\" id=\"wpforms-7293-field_7\" class=\"wpforms-field-medium wpforms-field-required\" name=\"wpforms[fields][7]\" required><\/div><div id=\"wpforms-7293-field_8-container\" class=\"wpforms-field wpforms-field-checkbox\" data-field-id=\"8\"><label class=\"wpforms-field-label\">Datenschutz: <span class=\"wpforms-required-label\">*<\/span><\/label><ul id=\"wpforms-7293-field_8\" class=\"wpforms-field-required\"><li class=\"choice-1 depth-1\"><input type=\"checkbox\" id=\"wpforms-7293-field_8_1\" name=\"wpforms[fields][8][]\" value=\"Ich stimme den Datenschutzbedingungen zwecks Bearbeitung meiner Daten zu.\" required ><label class=\"wpforms-field-label-inline\" for=\"wpforms-7293-field_8_1\">Ich stimme den Datenschutzbedingungen zwecks Bearbeitung meiner Daten zu.<\/label><\/li><\/ul><\/div><\/div><!-- .wpforms-field-container --><div class=\"wpforms-recaptcha-container wpforms-is-recaptcha wpforms-is-recaptcha-type-v2\" ><div class=\"g-recaptcha\" data-sitekey=\"6LcNyLcpAAAAAAO-XC8zeqbbSvdMdSQlI6ARmLxJ\"><\/div><input type=\"text\" name=\"g-recaptcha-hidden\" class=\"wpforms-recaptcha-hidden\" style=\"position:absolute!important;clip:rect(0,0,0,0)!important;height:1px!important;width:1px!important;border:0!important;overflow:hidden!important;padding:0!important;margin:0!important;\" data-rule-recaptcha=\"1\"><\/div><div class=\"wpforms-submit-container\" ><input type=\"hidden\" name=\"wpforms[id]\" value=\"7293\"><input type=\"hidden\" name=\"page_title\" value=\"\"><input type=\"hidden\" name=\"page_url\" value=\"https:\/\/bvbdl.de\/index.php\/wp-json\/wp\/v2\/pages\/7301\"><input type=\"hidden\" name=\"url_referer\" value=\"\"><button type=\"submit\" name=\"wpforms[submit]\" id=\"wpforms-submit-7293\" class=\"wpforms-submit\" data-alt-text=\"Senden\u2026\" data-submit-text=\"Absenden\" aria-live=\"assertive\" value=\"wpforms-submit\">Absenden<\/button><img loading=\"lazy\" decoding=\"async\" src=\"https:\/\/bvbdl.de\/wp-content\/plugins\/wpforms-lite\/assets\/images\/submit-spin.svg\" class=\"wpforms-submit-spinner\" style=\"display: none;\" width=\"26\" height=\"26\" alt=\"Wird geladen\"><\/div><\/form><\/div>  <!-- .wpforms-container -->\n\n\n\n<div class=\"wp-block-columns is-layout-flex wp-container-core-columns-is-layout-28f84493 wp-block-columns-is-layout-flex\">\n<div class=\"wp-block-column is-layout-flow wp-block-column-is-layout-flow\">\n<div class=\"wp-block-columns is-layout-flex wp-container-core-columns-is-layout-28f84493 wp-block-columns-is-layout-flex\">\n<div class=\"wp-block-column is-layout-flow wp-block-column-is-layout-flow\">\n<p>Bitte haben Sie Verst\u00e4ndnis, das die einzelnen Seminare nur bei ausreichender Teilnehmerzahl durchgef\u00fchrt werden.<\/p>\n<\/div>\n<\/div>\n<\/div>\n<\/div>\n\n\n\n<p><\/p>\n","protected":false},"excerpt":{"rendered":"<p>Bitte haben Sie Verst\u00e4ndnis, das die einzelnen Seminare nur bei ausreichender Teilnehmerzahl durchgef\u00fchrt werden.<\/p>\n","protected":false},"author":6,"featured_media":0,"parent":0,"menu_order":0,"comment_status":"closed","ping_status":"closed","template":"page-templates\/template-fullwidth.php","meta":{"_eb_attr":"","_themeisle_gutenberg_block_has_review":false,"footnotes":""},"class_list":["post-7301","page","type-page","status-publish","hentry"],"yoast_head":"<!-- This site is optimized with the Yoast SEO plugin v26.0 - https:\/\/yoast.com\/wordpress\/plugins\/seo\/ -->\n<title>Anmeldung zum Pr\u00e4senzseminar &quot;Produktveredelung und No Waste in Simonshofen am 24.06.2025&quot; - Bundesverband der B\u00fcrger- und Dorfl\u00e4den e.V. - Das Dorfladen Netzwerk<\/title>\n<meta name=\"description\" content=\"DISG Seminar f\u00fcr F\u00fchrungskr\u00e4fte des Dorfladens: Gesch\u00e4ftsf\u00fchrer, Marktleiter oder stellv. Marktleiter\" \/>\n<meta name=\"robots\" content=\"index, follow, max-snippet:-1, max-image-preview:large, max-video-preview:-1\" \/>\n<link rel=\"canonical\" href=\"https:\/\/bvbdl.de\/index.php\/anmeldung-zum-praesenzseminar-produktveredelung-und-no-waste-in-simonshofen-am-24-06-2025\/\" \/>\n<meta property=\"og:locale\" content=\"de_DE\" \/>\n<meta property=\"og:type\" content=\"article\" \/>\n<meta property=\"og:title\" content=\"Anmeldung zum Pr\u00e4senzseminar &quot;Produktveredelung und No Waste in Simonshofen am 24.06.2025&quot; - Bundesverband der B\u00fcrger- und Dorfl\u00e4den e.V. - Das Dorfladen Netzwerk\" \/>\n<meta property=\"og:description\" content=\"DISG Seminar f\u00fcr F\u00fchrungskr\u00e4fte des Dorfladens: Gesch\u00e4ftsf\u00fchrer, Marktleiter oder stellv. Marktleiter\" \/>\n<meta property=\"og:url\" content=\"https:\/\/bvbdl.de\/index.php\/anmeldung-zum-praesenzseminar-produktveredelung-und-no-waste-in-simonshofen-am-24-06-2025\/\" \/>\n<meta property=\"og:site_name\" content=\"Bundesverband der B\u00fcrger- und Dorfl\u00e4den e.V. - Das Dorfladen Netzwerk\" \/>\n<meta property=\"article:publisher\" content=\"https:\/\/www.facebook.com\/Dorfladen.Familie\" \/>\n<meta property=\"article:modified_time\" content=\"2025-05-28T06:20:48+00:00\" \/>\n<meta name=\"twitter:card\" content=\"summary_large_image\" \/>\n<meta name=\"twitter:label1\" content=\"Gesch\u00e4tzte Lesezeit\" \/>\n\t<meta name=\"twitter:data1\" content=\"1\u00a0Minute\" \/>\n<script type=\"application\/ld+json\" class=\"yoast-schema-graph\">{\"@context\":\"https:\/\/schema.org\",\"@graph\":[{\"@type\":\"WebPage\",\"@id\":\"https:\/\/bvbdl.de\/index.php\/anmeldung-zum-praesenzseminar-produktveredelung-und-no-waste-in-simonshofen-am-24-06-2025\/\",\"url\":\"https:\/\/bvbdl.de\/index.php\/anmeldung-zum-praesenzseminar-produktveredelung-und-no-waste-in-simonshofen-am-24-06-2025\/\",\"name\":\"Anmeldung zum Pr\u00e4senzseminar \\\"Produktveredelung und No Waste in Simonshofen am 24.06.2025\\\" - Bundesverband der B\u00fcrger- und Dorfl\u00e4den e.V. - Das Dorfladen Netzwerk\",\"isPartOf\":{\"@id\":\"https:\/\/bvbdl.de\/#website\"},\"datePublished\":\"2025-05-28T06:20:18+00:00\",\"dateModified\":\"2025-05-28T06:20:48+00:00\",\"description\":\"DISG Seminar f\u00fcr F\u00fchrungskr\u00e4fte des Dorfladens: Gesch\u00e4ftsf\u00fchrer, Marktleiter oder stellv. Marktleiter\",\"breadcrumb\":{\"@id\":\"https:\/\/bvbdl.de\/index.php\/anmeldung-zum-praesenzseminar-produktveredelung-und-no-waste-in-simonshofen-am-24-06-2025\/#breadcrumb\"},\"inLanguage\":\"de\",\"potentialAction\":[{\"@type\":\"ReadAction\",\"target\":[\"https:\/\/bvbdl.de\/index.php\/anmeldung-zum-praesenzseminar-produktveredelung-und-no-waste-in-simonshofen-am-24-06-2025\/\"]}]},{\"@type\":\"BreadcrumbList\",\"@id\":\"https:\/\/bvbdl.de\/index.php\/anmeldung-zum-praesenzseminar-produktveredelung-und-no-waste-in-simonshofen-am-24-06-2025\/#breadcrumb\",\"itemListElement\":[{\"@type\":\"ListItem\",\"position\":1,\"name\":\"Home\",\"item\":\"https:\/\/bvbdl.de\/\"},{\"@type\":\"ListItem\",\"position\":2,\"name\":\"Anmeldung zum Pr\u00e4senzseminar &#8220;Produktveredelung und No Waste in Simonshofen am 24.06.2025&#8221;\"}]},{\"@type\":\"WebSite\",\"@id\":\"https:\/\/bvbdl.de\/#website\",\"url\":\"https:\/\/bvbdl.de\/\",\"name\":\"Bundesverband der B\u00fcrger- und Dorfl\u00e4den e.V. - Das Dorfladen Netzwerk\",\"description\":\"bvbdl.de\",\"publisher\":{\"@id\":\"https:\/\/bvbdl.de\/#organization\"},\"potentialAction\":[{\"@type\":\"SearchAction\",\"target\":{\"@type\":\"EntryPoint\",\"urlTemplate\":\"https:\/\/bvbdl.de\/?s={search_term_string}\"},\"query-input\":{\"@type\":\"PropertyValueSpecification\",\"valueRequired\":true,\"valueName\":\"search_term_string\"}}],\"inLanguage\":\"de\"},{\"@type\":\"Organization\",\"@id\":\"https:\/\/bvbdl.de\/#organization\",\"name\":\"Bundesverband der B\u00fcrger- und Dorfl\u00e4den in Deutschland e.V.\",\"url\":\"https:\/\/bvbdl.de\/\",\"logo\":{\"@type\":\"ImageObject\",\"inLanguage\":\"de\",\"@id\":\"https:\/\/bvbdl.de\/#\/schema\/logo\/image\/\",\"url\":\"https:\/\/bvbdl.de\/wp-content\/uploads\/2025\/02\/Logo_Bundesverband_with_border.png\",\"contentUrl\":\"https:\/\/bvbdl.de\/wp-content\/uploads\/2025\/02\/Logo_Bundesverband_with_border.png\",\"width\":302,\"height\":278,\"caption\":\"Bundesverband der B\u00fcrger- und Dorfl\u00e4den in Deutschland e.V.\"},\"image\":{\"@id\":\"https:\/\/bvbdl.de\/#\/schema\/logo\/image\/\"},\"sameAs\":[\"https:\/\/www.facebook.com\/Dorfladen.Familie\",\"https:\/\/www.instagram.com\/dorfladennetzwerk\/\",\"https:\/\/www.youtube.com\/channel\/UCiIcZBpITXauy6ydrZiZIew\"]}]}<\/script>\n<!-- \/ Yoast SEO plugin. -->","yoast_head_json":{"title":"Anmeldung zum Pr\u00e4senzseminar \"Produktveredelung und No Waste in Simonshofen am 24.06.2025\" - Bundesverband der B\u00fcrger- und Dorfl\u00e4den e.V. - Das Dorfladen Netzwerk","description":"DISG Seminar f\u00fcr F\u00fchrungskr\u00e4fte des Dorfladens: Gesch\u00e4ftsf\u00fchrer, Marktleiter oder stellv. Marktleiter","robots":{"index":"index","follow":"follow","max-snippet":"max-snippet:-1","max-image-preview":"max-image-preview:large","max-video-preview":"max-video-preview:-1"},"canonical":"https:\/\/bvbdl.de\/index.php\/anmeldung-zum-praesenzseminar-produktveredelung-und-no-waste-in-simonshofen-am-24-06-2025\/","og_locale":"de_DE","og_type":"article","og_title":"Anmeldung zum Pr\u00e4senzseminar \"Produktveredelung und No Waste in Simonshofen am 24.06.2025\" - Bundesverband der B\u00fcrger- und Dorfl\u00e4den e.V. - Das Dorfladen Netzwerk","og_description":"DISG Seminar f\u00fcr F\u00fchrungskr\u00e4fte des Dorfladens: Gesch\u00e4ftsf\u00fchrer, Marktleiter oder stellv. Marktleiter","og_url":"https:\/\/bvbdl.de\/index.php\/anmeldung-zum-praesenzseminar-produktveredelung-und-no-waste-in-simonshofen-am-24-06-2025\/","og_site_name":"Bundesverband der B\u00fcrger- und Dorfl\u00e4den e.V. - Das Dorfladen Netzwerk","article_publisher":"https:\/\/www.facebook.com\/Dorfladen.Familie","article_modified_time":"2025-05-28T06:20:48+00:00","twitter_card":"summary_large_image","twitter_misc":{"Gesch\u00e4tzte Lesezeit":"1\u00a0Minute"},"schema":{"@context":"https:\/\/schema.org","@graph":[{"@type":"WebPage","@id":"https:\/\/bvbdl.de\/index.php\/anmeldung-zum-praesenzseminar-produktveredelung-und-no-waste-in-simonshofen-am-24-06-2025\/","url":"https:\/\/bvbdl.de\/index.php\/anmeldung-zum-praesenzseminar-produktveredelung-und-no-waste-in-simonshofen-am-24-06-2025\/","name":"Anmeldung zum Pr\u00e4senzseminar \"Produktveredelung und No Waste in Simonshofen am 24.06.2025\" - Bundesverband der B\u00fcrger- und Dorfl\u00e4den e.V. - Das Dorfladen Netzwerk","isPartOf":{"@id":"https:\/\/bvbdl.de\/#website"},"datePublished":"2025-05-28T06:20:18+00:00","dateModified":"2025-05-28T06:20:48+00:00","description":"DISG Seminar f\u00fcr F\u00fchrungskr\u00e4fte des Dorfladens: Gesch\u00e4ftsf\u00fchrer, Marktleiter oder stellv. Marktleiter","breadcrumb":{"@id":"https:\/\/bvbdl.de\/index.php\/anmeldung-zum-praesenzseminar-produktveredelung-und-no-waste-in-simonshofen-am-24-06-2025\/#breadcrumb"},"inLanguage":"de","potentialAction":[{"@type":"ReadAction","target":["https:\/\/bvbdl.de\/index.php\/anmeldung-zum-praesenzseminar-produktveredelung-und-no-waste-in-simonshofen-am-24-06-2025\/"]}]},{"@type":"BreadcrumbList","@id":"https:\/\/bvbdl.de\/index.php\/anmeldung-zum-praesenzseminar-produktveredelung-und-no-waste-in-simonshofen-am-24-06-2025\/#breadcrumb","itemListElement":[{"@type":"ListItem","position":1,"name":"Home","item":"https:\/\/bvbdl.de\/"},{"@type":"ListItem","position":2,"name":"Anmeldung zum Pr\u00e4senzseminar &#8220;Produktveredelung und No Waste in Simonshofen am 24.06.2025&#8221;"}]},{"@type":"WebSite","@id":"https:\/\/bvbdl.de\/#website","url":"https:\/\/bvbdl.de\/","name":"Bundesverband der B\u00fcrger- und Dorfl\u00e4den e.V. - Das Dorfladen Netzwerk","description":"bvbdl.de","publisher":{"@id":"https:\/\/bvbdl.de\/#organization"},"potentialAction":[{"@type":"SearchAction","target":{"@type":"EntryPoint","urlTemplate":"https:\/\/bvbdl.de\/?s={search_term_string}"},"query-input":{"@type":"PropertyValueSpecification","valueRequired":true,"valueName":"search_term_string"}}],"inLanguage":"de"},{"@type":"Organization","@id":"https:\/\/bvbdl.de\/#organization","name":"Bundesverband der B\u00fcrger- und Dorfl\u00e4den in Deutschland e.V.","url":"https:\/\/bvbdl.de\/","logo":{"@type":"ImageObject","inLanguage":"de","@id":"https:\/\/bvbdl.de\/#\/schema\/logo\/image\/","url":"https:\/\/bvbdl.de\/wp-content\/uploads\/2025\/02\/Logo_Bundesverband_with_border.png","contentUrl":"https:\/\/bvbdl.de\/wp-content\/uploads\/2025\/02\/Logo_Bundesverband_with_border.png","width":302,"height":278,"caption":"Bundesverband der B\u00fcrger- und Dorfl\u00e4den in Deutschland e.V."},"image":{"@id":"https:\/\/bvbdl.de\/#\/schema\/logo\/image\/"},"sameAs":["https:\/\/www.facebook.com\/Dorfladen.Familie","https:\/\/www.instagram.com\/dorfladennetzwerk\/","https:\/\/www.youtube.com\/channel\/UCiIcZBpITXauy6ydrZiZIew"]}]}},"_links":{"self":[{"href":"https:\/\/bvbdl.de\/index.php\/wp-json\/wp\/v2\/pages\/7301","targetHints":{"allow":["GET"]}}],"collection":[{"href":"https:\/\/bvbdl.de\/index.php\/wp-json\/wp\/v2\/pages"}],"about":[{"href":"https:\/\/bvbdl.de\/index.php\/wp-json\/wp\/v2\/types\/page"}],"author":[{"embeddable":true,"href":"https:\/\/bvbdl.de\/index.php\/wp-json\/wp\/v2\/users\/6"}],"replies":[{"embeddable":true,"href":"https:\/\/bvbdl.de\/index.php\/wp-json\/wp\/v2\/comments?post=7301"}],"version-history":[{"count":2,"href":"https:\/\/bvbdl.de\/index.php\/wp-json\/wp\/v2\/pages\/7301\/revisions"}],"predecessor-version":[{"id":7303,"href":"https:\/\/bvbdl.de\/index.php\/wp-json\/wp\/v2\/pages\/7301\/revisions\/7303"}],"wp:attachment":[{"href":"https:\/\/bvbdl.de\/index.php\/wp-json\/wp\/v2\/media?parent=7301"}],"curies":[{"name":"wp","href":"https:\/\/api.w.org\/{rel}","templated":true}]}}