{"id":7135,"date":"2025-02-19T14:46:22","date_gmt":"2025-02-19T14:46:22","guid":{"rendered":"https:\/\/bvbdl.de\/?page_id=7135"},"modified":"2025-02-19T14:46:23","modified_gmt":"2025-02-19T14:46:23","slug":"peter-feldbauer-beim-bayrischen-rundfunk-bei-habe-die-ehre","status":"publish","type":"page","link":"https:\/\/bvbdl.de\/index.php\/peter-feldbauer-beim-bayrischen-rundfunk-bei-habe-die-ehre\/","title":{"rendered":"Peter Feldbauer beim Bayrischen Rundfunk bei &#8220;Habe die Ehre&#8221;"},"content":{"rendered":"\n<figure class=\"wp-block-image size-large\"><img loading=\"lazy\" decoding=\"async\" width=\"1024\" height=\"576\" src=\"https:\/\/bvbdl.de\/wp-content\/uploads\/2025\/02\/BR-Wobser-Feldbauer-1024x576.jpg\" alt=\"\" class=\"wp-image-7136\" srcset=\"https:\/\/bvbdl.de\/wp-content\/uploads\/2025\/02\/BR-Wobser-Feldbauer-1024x576.jpg 1024w, https:\/\/bvbdl.de\/wp-content\/uploads\/2025\/02\/BR-Wobser-Feldbauer-300x169.jpg 300w, https:\/\/bvbdl.de\/wp-content\/uploads\/2025\/02\/BR-Wobser-Feldbauer-768x432.jpg 768w, https:\/\/bvbdl.de\/wp-content\/uploads\/2025\/02\/BR-Wobser-Feldbauer-1536x864.jpg 1536w, https:\/\/bvbdl.de\/wp-content\/uploads\/2025\/02\/BR-Wobser-Feldbauer.jpg 2000w\" sizes=\"auto, (max-width: 1024px) 100vw, 1024px\" \/><\/figure>\n\n\n\n<p>Joachim Wobser und Peter Feldbauer im BR Studio Mainfranken in W\u00fcrzburg. Im Hintergrund Sascha Wehmeier.<\/p>\n\n\n\n<p>Ein herzliches <strong>Dankesch\u00f6n<\/strong> an den <strong>Bayerischen Rundfunk<\/strong> f\u00fcr die Einladung und das spannende Gespr\u00e4ch in der Sendung <strong>BR Heimat \u2013 Habe die Ehre!<\/strong>. Es war ein <strong>angenehmer und inspirierender Austausch<\/strong> mit <strong>Jochen Wobser<\/strong> \u00fcber die Bedeutung der Dorfl\u00e4den als soziale Treffpunkte und Nahversorger.<\/p>\n\n\n\n<p>Wir konnten sowohl unser Herzensprojekt, den <strong><a href=\"http:\/\/www.retschter-laedchen.de\" target=\"_blank\" rel=\"noreferrer noopener\">Dorfladen Retzstadt<\/a><\/strong>, als auch die Arbeit des <strong>Bundesverbands der B\u00fcrger- und Dorfl\u00e4den e.V.<\/strong> vorstellen und \u00fcber die Zukunft der Nahversorgung sprechen.<\/p>\n\n\n\n<p>Wer die Sendung verpasst hat, kann den Beitrag als <strong>Podcast<\/strong> nachh\u00f6ren:<\/p>\n\n\n\n<p><a href=\"https:\/\/www.br.de\/mediathek\/podcast\/habe-die-ehre\/dorfladen-berater-peter-feldbauer-aus-retzstadt\/2103485\">https:\/\/www.br.de\/mediathek\/podcast\/habe-die-ehre\/dorfladen-berater-peter-feldbauer-aus-retzstadt\/2103485<\/a><\/p>\n\n\n\n<p><\/p>\n","protected":false},"excerpt":{"rendered":"<p>Joachim Wobser und Peter Feldbauer im BR Studio Mainfranken in W\u00fcrzburg. Im Hintergrund Sascha Wehmeier. Ein herzliches Dankesch\u00f6n an den Bayerischen Rundfunk f\u00fcr die Einladung und das spannende Gespr\u00e4ch in der Sendung BR Heimat \u2013 Habe die Ehre!. Es war ein angenehmer und inspirierender Austausch mit Jochen Wobser \u00fcber die [&hellip;]<\/p>\n","protected":false},"author":6,"featured_media":0,"parent":0,"menu_order":0,"comment_status":"closed","ping_status":"closed","template":"","meta":{"_eb_attr":"","_themeisle_gutenberg_block_has_review":false,"footnotes":""},"class_list":["post-7135","page","type-page","status-publish","hentry"],"yoast_head":"<!-- This site is optimized with the Yoast SEO plugin v26.0 - https:\/\/yoast.com\/wordpress\/plugins\/seo\/ -->\n<title>Peter Feldbauer beim Bayrischen Rundfunk bei &quot;Habe die Ehre&quot; - Bundesverband der B\u00fcrger- und Dorfl\u00e4den e.V. - Das Dorfladen Netzwerk<\/title>\n<meta name=\"description\" content=\"Die Seite f\u00fcr Dorfladen Know How\" \/>\n<meta name=\"robots\" content=\"index, follow, max-snippet:-1, max-image-preview:large, max-video-preview:-1\" \/>\n<link rel=\"canonical\" href=\"https:\/\/bvbdl.de\/index.php\/peter-feldbauer-beim-bayrischen-rundfunk-bei-habe-die-ehre\/\" \/>\n<meta property=\"og:locale\" content=\"de_DE\" \/>\n<meta property=\"og:type\" content=\"article\" \/>\n<meta property=\"og:title\" content=\"Peter Feldbauer beim Bayrischen Rundfunk bei &quot;Habe die Ehre&quot; - Bundesverband der B\u00fcrger- und Dorfl\u00e4den e.V. - Das Dorfladen Netzwerk\" \/>\n<meta property=\"og:description\" content=\"Die Seite f\u00fcr Dorfladen Know How\" \/>\n<meta property=\"og:url\" content=\"https:\/\/bvbdl.de\/index.php\/peter-feldbauer-beim-bayrischen-rundfunk-bei-habe-die-ehre\/\" \/>\n<meta property=\"og:site_name\" content=\"Bundesverband der B\u00fcrger- und Dorfl\u00e4den e.V. - Das Dorfladen Netzwerk\" \/>\n<meta property=\"article:publisher\" content=\"https:\/\/www.facebook.com\/Dorfladen.Familie\" \/>\n<meta property=\"article:modified_time\" content=\"2025-02-19T14:46:23+00:00\" \/>\n<meta property=\"og:image\" content=\"https:\/\/bvbdl.de\/wp-content\/uploads\/2025\/02\/BR-Wobser-Feldbauer.jpg\" \/>\n\t<meta property=\"og:image:width\" content=\"2000\" \/>\n\t<meta property=\"og:image:height\" content=\"1125\" \/>\n\t<meta property=\"og:image:type\" content=\"image\/jpeg\" \/>\n<meta name=\"twitter:card\" content=\"summary_large_image\" \/>\n<meta name=\"twitter:label1\" content=\"Gesch\u00e4tzte Lesezeit\" \/>\n\t<meta name=\"twitter:data1\" content=\"1\u00a0Minute\" \/>\n<script type=\"application\/ld+json\" class=\"yoast-schema-graph\">{\"@context\":\"https:\/\/schema.org\",\"@graph\":[{\"@type\":\"WebPage\",\"@id\":\"https:\/\/bvbdl.de\/index.php\/peter-feldbauer-beim-bayrischen-rundfunk-bei-habe-die-ehre\/\",\"url\":\"https:\/\/bvbdl.de\/index.php\/peter-feldbauer-beim-bayrischen-rundfunk-bei-habe-die-ehre\/\",\"name\":\"Peter Feldbauer beim Bayrischen Rundfunk bei \\\"Habe die Ehre\\\" - Bundesverband der B\u00fcrger- und Dorfl\u00e4den e.V. - Das Dorfladen Netzwerk\",\"isPartOf\":{\"@id\":\"https:\/\/bvbdl.de\/#website\"},\"primaryImageOfPage\":{\"@id\":\"https:\/\/bvbdl.de\/index.php\/peter-feldbauer-beim-bayrischen-rundfunk-bei-habe-die-ehre\/#primaryimage\"},\"image\":{\"@id\":\"https:\/\/bvbdl.de\/index.php\/peter-feldbauer-beim-bayrischen-rundfunk-bei-habe-die-ehre\/#primaryimage\"},\"thumbnailUrl\":\"https:\/\/bvbdl.de\/wp-content\/uploads\/2025\/02\/BR-Wobser-Feldbauer-1024x576.jpg\",\"datePublished\":\"2025-02-19T14:46:22+00:00\",\"dateModified\":\"2025-02-19T14:46:23+00:00\",\"description\":\"Die Seite f\u00fcr Dorfladen Know How\",\"breadcrumb\":{\"@id\":\"https:\/\/bvbdl.de\/index.php\/peter-feldbauer-beim-bayrischen-rundfunk-bei-habe-die-ehre\/#breadcrumb\"},\"inLanguage\":\"de\",\"potentialAction\":[{\"@type\":\"ReadAction\",\"target\":[\"https:\/\/bvbdl.de\/index.php\/peter-feldbauer-beim-bayrischen-rundfunk-bei-habe-die-ehre\/\"]}]},{\"@type\":\"ImageObject\",\"inLanguage\":\"de\",\"@id\":\"https:\/\/bvbdl.de\/index.php\/peter-feldbauer-beim-bayrischen-rundfunk-bei-habe-die-ehre\/#primaryimage\",\"url\":\"https:\/\/bvbdl.de\/wp-content\/uploads\/2025\/02\/BR-Wobser-Feldbauer.jpg\",\"contentUrl\":\"https:\/\/bvbdl.de\/wp-content\/uploads\/2025\/02\/BR-Wobser-Feldbauer.jpg\",\"width\":2000,\"height\":1125},{\"@type\":\"BreadcrumbList\",\"@id\":\"https:\/\/bvbdl.de\/index.php\/peter-feldbauer-beim-bayrischen-rundfunk-bei-habe-die-ehre\/#breadcrumb\",\"itemListElement\":[{\"@type\":\"ListItem\",\"position\":1,\"name\":\"Home\",\"item\":\"https:\/\/bvbdl.de\/\"},{\"@type\":\"ListItem\",\"position\":2,\"name\":\"Peter Feldbauer beim Bayrischen Rundfunk bei &#8220;Habe die Ehre&#8221;\"}]},{\"@type\":\"WebSite\",\"@id\":\"https:\/\/bvbdl.de\/#website\",\"url\":\"https:\/\/bvbdl.de\/\",\"name\":\"Bundesverband der B\u00fcrger- und Dorfl\u00e4den e.V. - Das Dorfladen Netzwerk\",\"description\":\"bvbdl.de\",\"publisher\":{\"@id\":\"https:\/\/bvbdl.de\/#organization\"},\"potentialAction\":[{\"@type\":\"SearchAction\",\"target\":{\"@type\":\"EntryPoint\",\"urlTemplate\":\"https:\/\/bvbdl.de\/?s={search_term_string}\"},\"query-input\":{\"@type\":\"PropertyValueSpecification\",\"valueRequired\":true,\"valueName\":\"search_term_string\"}}],\"inLanguage\":\"de\"},{\"@type\":\"Organization\",\"@id\":\"https:\/\/bvbdl.de\/#organization\",\"name\":\"Bundesverband der B\u00fcrger- und Dorfl\u00e4den in Deutschland e.V.\",\"url\":\"https:\/\/bvbdl.de\/\",\"logo\":{\"@type\":\"ImageObject\",\"inLanguage\":\"de\",\"@id\":\"https:\/\/bvbdl.de\/#\/schema\/logo\/image\/\",\"url\":\"https:\/\/bvbdl.de\/wp-content\/uploads\/2025\/02\/Logo_Bundesverband_with_border.png\",\"contentUrl\":\"https:\/\/bvbdl.de\/wp-content\/uploads\/2025\/02\/Logo_Bundesverband_with_border.png\",\"width\":302,\"height\":278,\"caption\":\"Bundesverband der B\u00fcrger- und Dorfl\u00e4den in Deutschland e.V.\"},\"image\":{\"@id\":\"https:\/\/bvbdl.de\/#\/schema\/logo\/image\/\"},\"sameAs\":[\"https:\/\/www.facebook.com\/Dorfladen.Familie\",\"https:\/\/www.instagram.com\/dorfladennetzwerk\/\",\"https:\/\/www.youtube.com\/channel\/UCiIcZBpITXauy6ydrZiZIew\"]}]}<\/script>\n<!-- \/ Yoast SEO plugin. -->","yoast_head_json":{"title":"Peter Feldbauer beim Bayrischen Rundfunk bei \"Habe die Ehre\" - Bundesverband der B\u00fcrger- und Dorfl\u00e4den e.V. - Das Dorfladen Netzwerk","description":"Die Seite f\u00fcr Dorfladen Know How","robots":{"index":"index","follow":"follow","max-snippet":"max-snippet:-1","max-image-preview":"max-image-preview:large","max-video-preview":"max-video-preview:-1"},"canonical":"https:\/\/bvbdl.de\/index.php\/peter-feldbauer-beim-bayrischen-rundfunk-bei-habe-die-ehre\/","og_locale":"de_DE","og_type":"article","og_title":"Peter Feldbauer beim Bayrischen Rundfunk bei \"Habe die Ehre\" - Bundesverband der B\u00fcrger- und Dorfl\u00e4den e.V. - Das Dorfladen Netzwerk","og_description":"Die Seite f\u00fcr Dorfladen Know How","og_url":"https:\/\/bvbdl.de\/index.php\/peter-feldbauer-beim-bayrischen-rundfunk-bei-habe-die-ehre\/","og_site_name":"Bundesverband der B\u00fcrger- und Dorfl\u00e4den e.V. - Das Dorfladen Netzwerk","article_publisher":"https:\/\/www.facebook.com\/Dorfladen.Familie","article_modified_time":"2025-02-19T14:46:23+00:00","og_image":[{"width":2000,"height":1125,"url":"https:\/\/bvbdl.de\/wp-content\/uploads\/2025\/02\/BR-Wobser-Feldbauer.jpg","type":"image\/jpeg"}],"twitter_card":"summary_large_image","twitter_misc":{"Gesch\u00e4tzte Lesezeit":"1\u00a0Minute"},"schema":{"@context":"https:\/\/schema.org","@graph":[{"@type":"WebPage","@id":"https:\/\/bvbdl.de\/index.php\/peter-feldbauer-beim-bayrischen-rundfunk-bei-habe-die-ehre\/","url":"https:\/\/bvbdl.de\/index.php\/peter-feldbauer-beim-bayrischen-rundfunk-bei-habe-die-ehre\/","name":"Peter Feldbauer beim Bayrischen Rundfunk bei \"Habe die Ehre\" - Bundesverband der B\u00fcrger- und Dorfl\u00e4den e.V. - Das Dorfladen Netzwerk","isPartOf":{"@id":"https:\/\/bvbdl.de\/#website"},"primaryImageOfPage":{"@id":"https:\/\/bvbdl.de\/index.php\/peter-feldbauer-beim-bayrischen-rundfunk-bei-habe-die-ehre\/#primaryimage"},"image":{"@id":"https:\/\/bvbdl.de\/index.php\/peter-feldbauer-beim-bayrischen-rundfunk-bei-habe-die-ehre\/#primaryimage"},"thumbnailUrl":"https:\/\/bvbdl.de\/wp-content\/uploads\/2025\/02\/BR-Wobser-Feldbauer-1024x576.jpg","datePublished":"2025-02-19T14:46:22+00:00","dateModified":"2025-02-19T14:46:23+00:00","description":"Die Seite f\u00fcr Dorfladen Know How","breadcrumb":{"@id":"https:\/\/bvbdl.de\/index.php\/peter-feldbauer-beim-bayrischen-rundfunk-bei-habe-die-ehre\/#breadcrumb"},"inLanguage":"de","potentialAction":[{"@type":"ReadAction","target":["https:\/\/bvbdl.de\/index.php\/peter-feldbauer-beim-bayrischen-rundfunk-bei-habe-die-ehre\/"]}]},{"@type":"ImageObject","inLanguage":"de","@id":"https:\/\/bvbdl.de\/index.php\/peter-feldbauer-beim-bayrischen-rundfunk-bei-habe-die-ehre\/#primaryimage","url":"https:\/\/bvbdl.de\/wp-content\/uploads\/2025\/02\/BR-Wobser-Feldbauer.jpg","contentUrl":"https:\/\/bvbdl.de\/wp-content\/uploads\/2025\/02\/BR-Wobser-Feldbauer.jpg","width":2000,"height":1125},{"@type":"BreadcrumbList","@id":"https:\/\/bvbdl.de\/index.php\/peter-feldbauer-beim-bayrischen-rundfunk-bei-habe-die-ehre\/#breadcrumb","itemListElement":[{"@type":"ListItem","position":1,"name":"Home","item":"https:\/\/bvbdl.de\/"},{"@type":"ListItem","position":2,"name":"Peter Feldbauer beim Bayrischen Rundfunk bei &#8220;Habe die Ehre&#8221;"}]},{"@type":"WebSite","@id":"https:\/\/bvbdl.de\/#website","url":"https:\/\/bvbdl.de\/","name":"Bundesverband der B\u00fcrger- und Dorfl\u00e4den e.V. - Das Dorfladen Netzwerk","description":"bvbdl.de","publisher":{"@id":"https:\/\/bvbdl.de\/#organization"},"potentialAction":[{"@type":"SearchAction","target":{"@type":"EntryPoint","urlTemplate":"https:\/\/bvbdl.de\/?s={search_term_string}"},"query-input":{"@type":"PropertyValueSpecification","valueRequired":true,"valueName":"search_term_string"}}],"inLanguage":"de"},{"@type":"Organization","@id":"https:\/\/bvbdl.de\/#organization","name":"Bundesverband der B\u00fcrger- und Dorfl\u00e4den in Deutschland e.V.","url":"https:\/\/bvbdl.de\/","logo":{"@type":"ImageObject","inLanguage":"de","@id":"https:\/\/bvbdl.de\/#\/schema\/logo\/image\/","url":"https:\/\/bvbdl.de\/wp-content\/uploads\/2025\/02\/Logo_Bundesverband_with_border.png","contentUrl":"https:\/\/bvbdl.de\/wp-content\/uploads\/2025\/02\/Logo_Bundesverband_with_border.png","width":302,"height":278,"caption":"Bundesverband der B\u00fcrger- und Dorfl\u00e4den in Deutschland e.V."},"image":{"@id":"https:\/\/bvbdl.de\/#\/schema\/logo\/image\/"},"sameAs":["https:\/\/www.facebook.com\/Dorfladen.Familie","https:\/\/www.instagram.com\/dorfladennetzwerk\/","https:\/\/www.youtube.com\/channel\/UCiIcZBpITXauy6ydrZiZIew"]}]}},"_links":{"self":[{"href":"https:\/\/bvbdl.de\/index.php\/wp-json\/wp\/v2\/pages\/7135","targetHints":{"allow":["GET"]}}],"collection":[{"href":"https:\/\/bvbdl.de\/index.php\/wp-json\/wp\/v2\/pages"}],"about":[{"href":"https:\/\/bvbdl.de\/index.php\/wp-json\/wp\/v2\/types\/page"}],"author":[{"embeddable":true,"href":"https:\/\/bvbdl.de\/index.php\/wp-json\/wp\/v2\/users\/6"}],"replies":[{"embeddable":true,"href":"https:\/\/bvbdl.de\/index.php\/wp-json\/wp\/v2\/comments?post=7135"}],"version-history":[{"count":1,"href":"https:\/\/bvbdl.de\/index.php\/wp-json\/wp\/v2\/pages\/7135\/revisions"}],"predecessor-version":[{"id":7137,"href":"https:\/\/bvbdl.de\/index.php\/wp-json\/wp\/v2\/pages\/7135\/revisions\/7137"}],"wp:attachment":[{"href":"https:\/\/bvbdl.de\/index.php\/wp-json\/wp\/v2\/media?parent=7135"}],"curies":[{"name":"wp","href":"https:\/\/api.w.org\/{rel}","templated":true}]}}