{"id":6599,"date":"2024-05-06T09:59:57","date_gmt":"2024-05-06T09:59:57","guid":{"rendered":"https:\/\/bvbdl.de\/?page_id=6599"},"modified":"2024-11-29T13:04:08","modified_gmt":"2024-11-29T13:04:08","slug":"24-7-hybrid-dorfladen","status":"publish","type":"page","link":"https:\/\/bvbdl.de\/index.php\/24-7-hybrid-dorfladen\/","title":{"rendered":"24\/7 Dorfladen, Hybrid oder klassischer Dorfladen?"},"content":{"rendered":"\n<p>\u00dcber <strong>24\/7<\/strong> (&#8220;personalfrei&#8221;) &#8211; oder <strong>Hybrid-Dorfl\u00e4den <\/strong>(zeitweise personalbesetzt) wird derzeit in den Medien h\u00e4ufig berichtet. Oft werden diese Konzepte als Allheilmittel f\u00fcr Dorfl\u00e4den der Zukunft angepriesen.<\/p>\n\n\n\n<p>Unter unseren Mitgliedern sind alle Konzepte vertreten. Durch unseren verbandsinternen Betriebsvergleich kennen wir die realistischen Zahlen aus den teilnehmenden Dorfl\u00e4den. <\/p>\n\n\n\n<p><\/p>\n\n\n\n<p><strong>Wir empfehlen hier das Thema 24-7 dringend neutral zu betrachten:<\/strong><\/p>\n\n\n\n<p>Es wird sicher Standorte geben an denen ein reiner 24-7 Dorfladen funktionieren wird: Das ist vor allem an hochfrequentierten Stellen wie Innenstadtlagen, Bahnh\u00f6fen etc. der Fall.<\/p>\n\n\n\n<p>Unsere Hybrid Dorfl\u00e4den berichten, dass aus Umsatzsicht der Sonntag der interessanteste Tag ist. Bitte beachten Sie jedoch dass Sie in den \u00d6ffnungszeiten ohne Personal trotzdem eine Art Bereitschaftsdienst z.B. f\u00fcr Kassenst\u00f6rungen, Notf\u00e4lle etc. ben\u00f6tigen.<\/p>\n\n\n\n<p>Auch wenn wir es nicht so euphorisch wie die Medien sehen, verschlie\u00dfen wir uns dennoch nicht vor dem Thema: Viele Marktteilnehmer rufen aber eine deutlich zu hohe Franchise- oder Lizenzgeb\u00fchr f\u00fcr das Konzept zum Betrieb eines 24\/7 Dorfladens auf. Ebenso werden f\u00fcr Ladenbau und die technische Investition zu hohe Preise eingefordert. Uns sind Summen von 20.000 bis zu 85.000 f\u00fcr die Marktumstellung auf einen hybriden Dorfladen bekannt. Diese Werte sind deutlich zu hoch.<\/p>\n\n\n\n<p>Daher gehen wir unseren eigenen 24-7 Weg: Im Rahmen einer kostenlosen Mitgliedschaft haben Sie die M\u00f6glichkeit unser nachfolgendes 24\/7 CI (Corporate Identity) kostenlos zu nutzen. Auch stehen wir bei der ben\u00f6tigten Hardware (Ladenbau, Kasse, Video\u00fcberwachung, Schlie\u00dfsystem, etc.) mit Rat und Tat zur Seite.<\/p>\n\n\n\n<p>Nehmen Sie <a href=\"https:\/\/bvbdl.de\/index.php\/kontakt-zu-hr-groell\/\">hier <\/a>kontakt mit uns auf.<\/p>\n\n\n\n<figure class=\"wp-block-image size-full\"><img loading=\"lazy\" decoding=\"async\" width=\"1000\" height=\"500\" src=\"https:\/\/bvbdl.de\/wp-content\/uploads\/2024\/05\/Co-Branding-24-7.jpg\" alt=\"\" class=\"wp-image-6600\" srcset=\"https:\/\/bvbdl.de\/wp-content\/uploads\/2024\/05\/Co-Branding-24-7.jpg 1000w, https:\/\/bvbdl.de\/wp-content\/uploads\/2024\/05\/Co-Branding-24-7-300x150.jpg 300w, https:\/\/bvbdl.de\/wp-content\/uploads\/2024\/05\/Co-Branding-24-7-768x384.jpg 768w\" sizes=\"auto, (max-width: 1000px) 100vw, 1000px\" \/><figcaption class=\"wp-element-caption\">Unser 24\/7 Logo als Co-Branding zu einem evtl. bestehendem Logo &#8211; Copyright Bundesverband der B\u00fcrger- und Dorfladen e.V.<\/figcaption><\/figure>\n\n\n\n<figure class=\"wp-block-image size-large\"><img loading=\"lazy\" decoding=\"async\" width=\"1024\" height=\"486\" src=\"https:\/\/bvbdl.de\/wp-content\/uploads\/2024\/05\/Mein-Dorfladen-24-7-1024x486.jpg\" alt=\"\" class=\"wp-image-6601\" srcset=\"https:\/\/bvbdl.de\/wp-content\/uploads\/2024\/05\/Mein-Dorfladen-24-7-1024x486.jpg 1024w, https:\/\/bvbdl.de\/wp-content\/uploads\/2024\/05\/Mein-Dorfladen-24-7-300x142.jpg 300w, https:\/\/bvbdl.de\/wp-content\/uploads\/2024\/05\/Mein-Dorfladen-24-7-768x365.jpg 768w, https:\/\/bvbdl.de\/wp-content\/uploads\/2024\/05\/Mein-Dorfladen-24-7-1536x729.jpg 1536w, https:\/\/bvbdl.de\/wp-content\/uploads\/2024\/05\/Mein-Dorfladen-24-7-2048x973.jpg 2048w\" sizes=\"auto, (max-width: 1024px) 100vw, 1024px\" \/><figcaption class=\"wp-element-caption\">&#8220;Mein 24\/7 Dorfladen&#8221; Logo &#8211; Copyright Bundesverband der B\u00fcrger- und Dorfladen e.V.<\/figcaption><\/figure>\n\n\n\n<figure class=\"wp-block-image size-large\"><img loading=\"lazy\" decoding=\"async\" width=\"1024\" height=\"457\" src=\"https:\/\/bvbdl.de\/wp-content\/uploads\/2024\/05\/Tante-S-24-7-1024x457.jpg\" alt=\"\" class=\"wp-image-6602\" srcset=\"https:\/\/bvbdl.de\/wp-content\/uploads\/2024\/05\/Tante-S-24-7-1024x457.jpg 1024w, https:\/\/bvbdl.de\/wp-content\/uploads\/2024\/05\/Tante-S-24-7-300x134.jpg 300w, https:\/\/bvbdl.de\/wp-content\/uploads\/2024\/05\/Tante-S-24-7-768x342.jpg 768w, https:\/\/bvbdl.de\/wp-content\/uploads\/2024\/05\/Tante-S-24-7-1536x685.jpg 1536w, https:\/\/bvbdl.de\/wp-content\/uploads\/2024\/05\/Tante-S-24-7-2048x913.jpg 2048w\" sizes=\"auto, (max-width: 1024px) 100vw, 1024px\" \/><figcaption class=\"wp-element-caption\">Unser 24\/7 Logo mit einem Phantasienamen &#8211; Copyright Bundesverband der B\u00fcrger- und Dorfladen e.V.<\/figcaption><\/figure>\n","protected":false},"excerpt":{"rendered":"<p>\u00dcber 24\/7 (&#8220;personalfrei&#8221;) &#8211; oder Hybrid-Dorfl\u00e4den (zeitweise personalbesetzt) wird derzeit in den Medien h\u00e4ufig berichtet. Oft werden diese Konzepte als Allheilmittel f\u00fcr Dorfl\u00e4den der Zukunft angepriesen. Unter unseren Mitgliedern sind alle Konzepte vertreten. Durch unseren verbandsinternen Betriebsvergleich kennen wir die realistischen Zahlen aus den teilnehmenden Dorfl\u00e4den. Wir empfehlen hier das [&hellip;]<\/p>\n","protected":false},"author":6,"featured_media":0,"parent":0,"menu_order":0,"comment_status":"closed","ping_status":"closed","template":"","meta":{"_eb_attr":"","_themeisle_gutenberg_block_has_review":false,"footnotes":""},"class_list":["post-6599","page","type-page","status-publish","hentry"],"yoast_head":"<!-- This site is optimized with the Yoast SEO plugin v26.0 - https:\/\/yoast.com\/wordpress\/plugins\/seo\/ -->\n<title>24\/7 Dorfladen, Hybrid oder klassischer Dorfladen? - Bundesverband der B\u00fcrger- und Dorfl\u00e4den e.V. - Das Dorfladen Netzwerk<\/title>\n<meta name=\"description\" content=\"24-7 Dorfladen, Rund um die Uhr Dorfladen, Hybrid Dorfladen, Personalloser, personalfrei, unbesetzter Dorfladen\" \/>\n<meta name=\"robots\" content=\"index, follow, max-snippet:-1, max-image-preview:large, max-video-preview:-1\" \/>\n<link rel=\"canonical\" href=\"https:\/\/bvbdl.de\/index.php\/24-7-hybrid-dorfladen\/\" \/>\n<meta property=\"og:locale\" content=\"de_DE\" \/>\n<meta property=\"og:type\" content=\"article\" \/>\n<meta property=\"og:title\" content=\"24\/7 Dorfladen, Hybrid oder klassischer Dorfladen? - Bundesverband der B\u00fcrger- und Dorfl\u00e4den e.V. - Das Dorfladen Netzwerk\" \/>\n<meta property=\"og:description\" content=\"24-7 Dorfladen, Rund um die Uhr Dorfladen, Hybrid Dorfladen, Personalloser, personalfrei, unbesetzter Dorfladen\" \/>\n<meta property=\"og:url\" content=\"https:\/\/bvbdl.de\/index.php\/24-7-hybrid-dorfladen\/\" \/>\n<meta property=\"og:site_name\" content=\"Bundesverband der B\u00fcrger- und Dorfl\u00e4den e.V. - Das Dorfladen Netzwerk\" \/>\n<meta property=\"article:publisher\" content=\"https:\/\/www.facebook.com\/Dorfladen.Familie\" \/>\n<meta property=\"article:modified_time\" content=\"2024-11-29T13:04:08+00:00\" \/>\n<meta property=\"og:image\" content=\"https:\/\/bvbdl.de\/wp-content\/uploads\/2024\/05\/Co-Branding-24-7.jpg\" \/>\n<meta name=\"twitter:card\" content=\"summary_large_image\" \/>\n<meta name=\"twitter:label1\" content=\"Gesch\u00e4tzte Lesezeit\" \/>\n\t<meta name=\"twitter:data1\" content=\"3\u00a0Minuten\" \/>\n<script type=\"application\/ld+json\" class=\"yoast-schema-graph\">{\"@context\":\"https:\/\/schema.org\",\"@graph\":[{\"@type\":\"WebPage\",\"@id\":\"https:\/\/bvbdl.de\/index.php\/24-7-hybrid-dorfladen\/\",\"url\":\"https:\/\/bvbdl.de\/index.php\/24-7-hybrid-dorfladen\/\",\"name\":\"24\/7 Dorfladen, Hybrid oder klassischer Dorfladen? - Bundesverband der B\u00fcrger- und Dorfl\u00e4den e.V. - Das Dorfladen Netzwerk\",\"isPartOf\":{\"@id\":\"https:\/\/bvbdl.de\/#website\"},\"primaryImageOfPage\":{\"@id\":\"https:\/\/bvbdl.de\/index.php\/24-7-hybrid-dorfladen\/#primaryimage\"},\"image\":{\"@id\":\"https:\/\/bvbdl.de\/index.php\/24-7-hybrid-dorfladen\/#primaryimage\"},\"thumbnailUrl\":\"https:\/\/bvbdl.de\/wp-content\/uploads\/2024\/05\/Co-Branding-24-7.jpg\",\"datePublished\":\"2024-05-06T09:59:57+00:00\",\"dateModified\":\"2024-11-29T13:04:08+00:00\",\"description\":\"24-7 Dorfladen, Rund um die Uhr Dorfladen, Hybrid Dorfladen, Personalloser, personalfrei, unbesetzter Dorfladen\",\"breadcrumb\":{\"@id\":\"https:\/\/bvbdl.de\/index.php\/24-7-hybrid-dorfladen\/#breadcrumb\"},\"inLanguage\":\"de\",\"potentialAction\":[{\"@type\":\"ReadAction\",\"target\":[\"https:\/\/bvbdl.de\/index.php\/24-7-hybrid-dorfladen\/\"]}]},{\"@type\":\"ImageObject\",\"inLanguage\":\"de\",\"@id\":\"https:\/\/bvbdl.de\/index.php\/24-7-hybrid-dorfladen\/#primaryimage\",\"url\":\"https:\/\/bvbdl.de\/wp-content\/uploads\/2024\/05\/Co-Branding-24-7.jpg\",\"contentUrl\":\"https:\/\/bvbdl.de\/wp-content\/uploads\/2024\/05\/Co-Branding-24-7.jpg\",\"width\":1000,\"height\":500},{\"@type\":\"BreadcrumbList\",\"@id\":\"https:\/\/bvbdl.de\/index.php\/24-7-hybrid-dorfladen\/#breadcrumb\",\"itemListElement\":[{\"@type\":\"ListItem\",\"position\":1,\"name\":\"Home\",\"item\":\"https:\/\/bvbdl.de\/\"},{\"@type\":\"ListItem\",\"position\":2,\"name\":\"24\/7 Dorfladen, Hybrid oder klassischer Dorfladen?\"}]},{\"@type\":\"WebSite\",\"@id\":\"https:\/\/bvbdl.de\/#website\",\"url\":\"https:\/\/bvbdl.de\/\",\"name\":\"Bundesverband der B\u00fcrger- und Dorfl\u00e4den e.V. - Das Dorfladen Netzwerk\",\"description\":\"bvbdl.de\",\"publisher\":{\"@id\":\"https:\/\/bvbdl.de\/#organization\"},\"potentialAction\":[{\"@type\":\"SearchAction\",\"target\":{\"@type\":\"EntryPoint\",\"urlTemplate\":\"https:\/\/bvbdl.de\/?s={search_term_string}\"},\"query-input\":{\"@type\":\"PropertyValueSpecification\",\"valueRequired\":true,\"valueName\":\"search_term_string\"}}],\"inLanguage\":\"de\"},{\"@type\":\"Organization\",\"@id\":\"https:\/\/bvbdl.de\/#organization\",\"name\":\"Bundesverband der B\u00fcrger- und Dorfl\u00e4den in Deutschland e.V.\",\"url\":\"https:\/\/bvbdl.de\/\",\"logo\":{\"@type\":\"ImageObject\",\"inLanguage\":\"de\",\"@id\":\"https:\/\/bvbdl.de\/#\/schema\/logo\/image\/\",\"url\":\"https:\/\/bvbdl.de\/wp-content\/uploads\/2025\/02\/Logo_Bundesverband_with_border.png\",\"contentUrl\":\"https:\/\/bvbdl.de\/wp-content\/uploads\/2025\/02\/Logo_Bundesverband_with_border.png\",\"width\":302,\"height\":278,\"caption\":\"Bundesverband der B\u00fcrger- und Dorfl\u00e4den in Deutschland e.V.\"},\"image\":{\"@id\":\"https:\/\/bvbdl.de\/#\/schema\/logo\/image\/\"},\"sameAs\":[\"https:\/\/www.facebook.com\/Dorfladen.Familie\",\"https:\/\/www.instagram.com\/dorfladennetzwerk\/\",\"https:\/\/www.youtube.com\/channel\/UCiIcZBpITXauy6ydrZiZIew\"]}]}<\/script>\n<!-- \/ Yoast SEO plugin. -->","yoast_head_json":{"title":"24\/7 Dorfladen, Hybrid oder klassischer Dorfladen? - Bundesverband der B\u00fcrger- und Dorfl\u00e4den e.V. - Das Dorfladen Netzwerk","description":"24-7 Dorfladen, Rund um die Uhr Dorfladen, Hybrid Dorfladen, Personalloser, personalfrei, unbesetzter Dorfladen","robots":{"index":"index","follow":"follow","max-snippet":"max-snippet:-1","max-image-preview":"max-image-preview:large","max-video-preview":"max-video-preview:-1"},"canonical":"https:\/\/bvbdl.de\/index.php\/24-7-hybrid-dorfladen\/","og_locale":"de_DE","og_type":"article","og_title":"24\/7 Dorfladen, Hybrid oder klassischer Dorfladen? - Bundesverband der B\u00fcrger- und Dorfl\u00e4den e.V. - Das Dorfladen Netzwerk","og_description":"24-7 Dorfladen, Rund um die Uhr Dorfladen, Hybrid Dorfladen, Personalloser, personalfrei, unbesetzter Dorfladen","og_url":"https:\/\/bvbdl.de\/index.php\/24-7-hybrid-dorfladen\/","og_site_name":"Bundesverband der B\u00fcrger- und Dorfl\u00e4den e.V. - Das Dorfladen Netzwerk","article_publisher":"https:\/\/www.facebook.com\/Dorfladen.Familie","article_modified_time":"2024-11-29T13:04:08+00:00","og_image":[{"url":"https:\/\/bvbdl.de\/wp-content\/uploads\/2024\/05\/Co-Branding-24-7.jpg","type":"","width":"","height":""}],"twitter_card":"summary_large_image","twitter_misc":{"Gesch\u00e4tzte Lesezeit":"3\u00a0Minuten"},"schema":{"@context":"https:\/\/schema.org","@graph":[{"@type":"WebPage","@id":"https:\/\/bvbdl.de\/index.php\/24-7-hybrid-dorfladen\/","url":"https:\/\/bvbdl.de\/index.php\/24-7-hybrid-dorfladen\/","name":"24\/7 Dorfladen, Hybrid oder klassischer Dorfladen? - Bundesverband der B\u00fcrger- und Dorfl\u00e4den e.V. - Das Dorfladen Netzwerk","isPartOf":{"@id":"https:\/\/bvbdl.de\/#website"},"primaryImageOfPage":{"@id":"https:\/\/bvbdl.de\/index.php\/24-7-hybrid-dorfladen\/#primaryimage"},"image":{"@id":"https:\/\/bvbdl.de\/index.php\/24-7-hybrid-dorfladen\/#primaryimage"},"thumbnailUrl":"https:\/\/bvbdl.de\/wp-content\/uploads\/2024\/05\/Co-Branding-24-7.jpg","datePublished":"2024-05-06T09:59:57+00:00","dateModified":"2024-11-29T13:04:08+00:00","description":"24-7 Dorfladen, Rund um die Uhr Dorfladen, Hybrid Dorfladen, Personalloser, personalfrei, unbesetzter Dorfladen","breadcrumb":{"@id":"https:\/\/bvbdl.de\/index.php\/24-7-hybrid-dorfladen\/#breadcrumb"},"inLanguage":"de","potentialAction":[{"@type":"ReadAction","target":["https:\/\/bvbdl.de\/index.php\/24-7-hybrid-dorfladen\/"]}]},{"@type":"ImageObject","inLanguage":"de","@id":"https:\/\/bvbdl.de\/index.php\/24-7-hybrid-dorfladen\/#primaryimage","url":"https:\/\/bvbdl.de\/wp-content\/uploads\/2024\/05\/Co-Branding-24-7.jpg","contentUrl":"https:\/\/bvbdl.de\/wp-content\/uploads\/2024\/05\/Co-Branding-24-7.jpg","width":1000,"height":500},{"@type":"BreadcrumbList","@id":"https:\/\/bvbdl.de\/index.php\/24-7-hybrid-dorfladen\/#breadcrumb","itemListElement":[{"@type":"ListItem","position":1,"name":"Home","item":"https:\/\/bvbdl.de\/"},{"@type":"ListItem","position":2,"name":"24\/7 Dorfladen, Hybrid oder klassischer Dorfladen?"}]},{"@type":"WebSite","@id":"https:\/\/bvbdl.de\/#website","url":"https:\/\/bvbdl.de\/","name":"Bundesverband der B\u00fcrger- und Dorfl\u00e4den e.V. - Das Dorfladen Netzwerk","description":"bvbdl.de","publisher":{"@id":"https:\/\/bvbdl.de\/#organization"},"potentialAction":[{"@type":"SearchAction","target":{"@type":"EntryPoint","urlTemplate":"https:\/\/bvbdl.de\/?s={search_term_string}"},"query-input":{"@type":"PropertyValueSpecification","valueRequired":true,"valueName":"search_term_string"}}],"inLanguage":"de"},{"@type":"Organization","@id":"https:\/\/bvbdl.de\/#organization","name":"Bundesverband der B\u00fcrger- und Dorfl\u00e4den in Deutschland e.V.","url":"https:\/\/bvbdl.de\/","logo":{"@type":"ImageObject","inLanguage":"de","@id":"https:\/\/bvbdl.de\/#\/schema\/logo\/image\/","url":"https:\/\/bvbdl.de\/wp-content\/uploads\/2025\/02\/Logo_Bundesverband_with_border.png","contentUrl":"https:\/\/bvbdl.de\/wp-content\/uploads\/2025\/02\/Logo_Bundesverband_with_border.png","width":302,"height":278,"caption":"Bundesverband der B\u00fcrger- und Dorfl\u00e4den in Deutschland e.V."},"image":{"@id":"https:\/\/bvbdl.de\/#\/schema\/logo\/image\/"},"sameAs":["https:\/\/www.facebook.com\/Dorfladen.Familie","https:\/\/www.instagram.com\/dorfladennetzwerk\/","https:\/\/www.youtube.com\/channel\/UCiIcZBpITXauy6ydrZiZIew"]}]}},"_links":{"self":[{"href":"https:\/\/bvbdl.de\/index.php\/wp-json\/wp\/v2\/pages\/6599","targetHints":{"allow":["GET"]}}],"collection":[{"href":"https:\/\/bvbdl.de\/index.php\/wp-json\/wp\/v2\/pages"}],"about":[{"href":"https:\/\/bvbdl.de\/index.php\/wp-json\/wp\/v2\/types\/page"}],"author":[{"embeddable":true,"href":"https:\/\/bvbdl.de\/index.php\/wp-json\/wp\/v2\/users\/6"}],"replies":[{"embeddable":true,"href":"https:\/\/bvbdl.de\/index.php\/wp-json\/wp\/v2\/comments?post=6599"}],"version-history":[{"count":6,"href":"https:\/\/bvbdl.de\/index.php\/wp-json\/wp\/v2\/pages\/6599\/revisions"}],"predecessor-version":[{"id":6924,"href":"https:\/\/bvbdl.de\/index.php\/wp-json\/wp\/v2\/pages\/6599\/revisions\/6924"}],"wp:attachment":[{"href":"https:\/\/bvbdl.de\/index.php\/wp-json\/wp\/v2\/media?parent=6599"}],"curies":[{"name":"wp","href":"https:\/\/api.w.org\/{rel}","templated":true}]}}