{"id":6559,"date":"2024-04-15T14:40:37","date_gmt":"2024-04-15T14:40:37","guid":{"rendered":"https:\/\/bvbdl.de\/?page_id=6559"},"modified":"2025-05-25T14:04:31","modified_gmt":"2025-05-25T14:04:31","slug":"geraete","status":"publish","type":"page","link":"https:\/\/bvbdl.de\/index.php\/geraete\/","title":{"rendered":"Ger\u00e4te"},"content":{"rendered":"\n<p>Ein durchdachter Dorfladen braucht nicht nur Regale und Theken \u2013 sondern auch die passende technische Ausstattung. Sie ist das R\u00fcckgrat des t\u00e4glichen Betriebs, sorgt f\u00fcr reibungslose Abl\u00e4ufe, hygienische Standards, Sicherheit und nicht zuletzt f\u00fcr einen professionellen Auftritt gegen\u00fcber den Kundinnen und Kunden.<\/p>\n\n\n\n<p>Als Bundesverband der B\u00fcrger- und Dorfl\u00e4den e.V. unterst\u00fctzen wir unsere Mitgliedsl\u00e4den auch bei der Auswahl, Beschaffung und optimalen Nutzung der passenden Ger\u00e4te.<\/p>\n\n\n\n<h3 class=\"wp-block-heading\">Von Kasse bis K\u00fchlhaus \u2013 alles, was ein Dorfladen braucht<\/h3>\n\n\n\n<p>Die Ausstattung eines Dorfladens ist so individuell wie der Laden selbst. Dennoch gibt es eine Vielzahl an technischen Ger\u00e4ten, die in fast jedem Projekt zum Einsatz kommen \u2013 etwa:<\/p>\n\n\n\n<ul class=\"wp-block-list\">\n<li><strong>Kassensysteme<\/strong>: Benutzerfreundlich, finanzamtkonform und oft mit integrierter Warenwirtschaft. Wir kennen Systeme, die speziell auf die Anforderungen kleiner Nahversorger zugeschnitten sind \u2013 einfach zu bedienen, aber leistungsstark.<\/li>\n\n\n\n<li><strong>K\u00fchltechnik<\/strong>: Ob <strong>K\u00fchltheken<\/strong>, <strong>Tiefk\u00fchltruhen<\/strong>, <strong>Getr\u00e4nkek\u00fchlschr\u00e4nke<\/strong> oder <strong>K\u00fchlh\u00e4user<\/strong> f\u00fcr gr\u00f6\u00dfere Mengen \u2013 wir beraten zur passenden Dimensionierung, Energieeffizienz und Hygieneanforderung.<\/li>\n\n\n\n<li><strong>Schneidemaschinen &amp; Vakuumierer<\/strong>: F\u00fcr Frischetheken unverzichtbar. Die Auswahl reicht von Einsteigerl\u00f6sungen bis hin zu Profi-Ger\u00e4ten f\u00fcr hohe Anspr\u00fcche.<\/li>\n\n\n\n<li><strong>W\u00e4getechnik<\/strong>: Moderne Ladenwaagen, teils mit Kassenschnittstelle, gew\u00e4hrleisten Genauigkeit und Effizienz im Verkauf von Frischware.<\/li>\n\n\n\n<li><strong>Video\u00fcberwachung<\/strong>: Sicherheit und Diebstahlpr\u00e4vention werden auch im Dorfladen zunehmend wichtig. Wir beraten zu diskreten, effektiven Systemen, die den Datenschutz wahren und trotzdem im Ernstfall helfen.<\/li>\n\n\n\n<li><strong>Lager- und Betriebstechnik<\/strong>: Von Back\u00f6fen f\u00fcr Aufbackwaren \u00fcber Sp\u00fcltechnik bis hin zu Arbeitstischen, Packstationen und Regalsystemen \u2013 wir denken den Alltag mit.<\/li>\n<\/ul>\n\n\n\n<h3 class=\"wp-block-heading\">Starke Partner \u2013 faire Konditionen<\/h3>\n\n\n\n<p>\u00dcber die Jahre haben wir als Verband ein tragf\u00e4higes Netzwerk von Ger\u00e4teanbietern und Fachh\u00e4ndlern aufgebaut. Viele dieser Partner bieten unseren Mitgliedsl\u00e4den <strong>Sonderkonditionen<\/strong> \u2013 ein Vorteil, die Einzelakteure am Markt oft nicht erhalten.<\/p>\n\n\n\n<p>Ob Leasing oder Kauf, Neu- oder Gebrauchtware \u2013 wir helfen, <strong>wirtschaftlich tragf\u00e4hige und langlebige L\u00f6sungen<\/strong> zu finden. Dabei achten wir auf Ersatzteilverf\u00fcgbarkeit, Energieeffizienz und die einfache Handhabbarkeit im Alltag \u2013 gerade auch f\u00fcr kleinere Teams ohne Spezialwissen.<\/p>\n\n\n\n<h3 class=\"wp-block-heading\">Beratung &amp; Vergleich \u2013 gemeinsam zur besten L\u00f6sung<\/h3>\n\n\n\n<p>Wir begleiten Sie gerne bei der Auswahl passender Ger\u00e4te \u2013 herstellerneutral, praxisnah und immer mit Blick auf Ihre konkreten Rahmenbedingungen: Fl\u00e4che, Budget, Personal, Sortimentsfokus.<\/p>\n\n\n\n<p>Unsere Erfahrung zeigt: Wer Technik fr\u00fchzeitig und sinnvoll in die Planung einbindet, spart sp\u00e4ter Zeit, Nerven und bares Geld.<\/p>\n","protected":false},"excerpt":{"rendered":"<p>Ein durchdachter Dorfladen braucht nicht nur Regale und Theken \u2013 sondern auch die passende technische Ausstattung. Sie ist das R\u00fcckgrat des t\u00e4glichen Betriebs, sorgt f\u00fcr reibungslose Abl\u00e4ufe, hygienische Standards, Sicherheit und nicht zuletzt f\u00fcr einen professionellen Auftritt gegen\u00fcber den Kundinnen und Kunden. Als Bundesverband der B\u00fcrger- und Dorfl\u00e4den e.V. unterst\u00fctzen [&hellip;]<\/p>\n","protected":false},"author":6,"featured_media":0,"parent":0,"menu_order":0,"comment_status":"closed","ping_status":"closed","template":"","meta":{"_eb_attr":"","_themeisle_gutenberg_block_has_review":false,"footnotes":""},"class_list":["post-6559","page","type-page","status-publish","hentry"],"yoast_head":"<!-- This site is optimized with the Yoast SEO plugin v26.0 - https:\/\/yoast.com\/wordpress\/plugins\/seo\/ -->\n<title>Ger\u00e4te - Bundesverband der B\u00fcrger- und Dorfl\u00e4den e.V. - Das Dorfladen Netzwerk<\/title>\n<meta name=\"description\" content=\"Die Seite f\u00fcr Dorfladen Know How\" \/>\n<meta name=\"robots\" content=\"index, follow, max-snippet:-1, max-image-preview:large, max-video-preview:-1\" \/>\n<link rel=\"canonical\" href=\"https:\/\/bvbdl.de\/index.php\/geraete\/\" \/>\n<meta property=\"og:locale\" content=\"de_DE\" \/>\n<meta property=\"og:type\" content=\"article\" \/>\n<meta property=\"og:title\" content=\"Ger\u00e4te - Bundesverband der B\u00fcrger- und Dorfl\u00e4den e.V. - Das Dorfladen Netzwerk\" \/>\n<meta property=\"og:description\" content=\"Die Seite f\u00fcr Dorfladen Know How\" \/>\n<meta property=\"og:url\" content=\"https:\/\/bvbdl.de\/index.php\/geraete\/\" \/>\n<meta property=\"og:site_name\" content=\"Bundesverband der B\u00fcrger- und Dorfl\u00e4den e.V. - Das Dorfladen Netzwerk\" \/>\n<meta property=\"article:publisher\" content=\"https:\/\/www.facebook.com\/Dorfladen.Familie\" \/>\n<meta property=\"article:modified_time\" content=\"2025-05-25T14:04:31+00:00\" \/>\n<meta name=\"twitter:card\" content=\"summary_large_image\" \/>\n<meta name=\"twitter:label1\" content=\"Gesch\u00e4tzte Lesezeit\" \/>\n\t<meta name=\"twitter:data1\" content=\"1\u00a0Minute\" \/>\n<script type=\"application\/ld+json\" class=\"yoast-schema-graph\">{\"@context\":\"https:\/\/schema.org\",\"@graph\":[{\"@type\":\"WebPage\",\"@id\":\"https:\/\/bvbdl.de\/index.php\/geraete\/\",\"url\":\"https:\/\/bvbdl.de\/index.php\/geraete\/\",\"name\":\"Ger\u00e4te - Bundesverband der B\u00fcrger- und Dorfl\u00e4den e.V. - Das Dorfladen Netzwerk\",\"isPartOf\":{\"@id\":\"https:\/\/bvbdl.de\/#website\"},\"datePublished\":\"2024-04-15T14:40:37+00:00\",\"dateModified\":\"2025-05-25T14:04:31+00:00\",\"description\":\"Die Seite f\u00fcr Dorfladen Know How\",\"breadcrumb\":{\"@id\":\"https:\/\/bvbdl.de\/index.php\/geraete\/#breadcrumb\"},\"inLanguage\":\"de\",\"potentialAction\":[{\"@type\":\"ReadAction\",\"target\":[\"https:\/\/bvbdl.de\/index.php\/geraete\/\"]}]},{\"@type\":\"BreadcrumbList\",\"@id\":\"https:\/\/bvbdl.de\/index.php\/geraete\/#breadcrumb\",\"itemListElement\":[{\"@type\":\"ListItem\",\"position\":1,\"name\":\"Home\",\"item\":\"https:\/\/bvbdl.de\/\"},{\"@type\":\"ListItem\",\"position\":2,\"name\":\"Ger\u00e4te\"}]},{\"@type\":\"WebSite\",\"@id\":\"https:\/\/bvbdl.de\/#website\",\"url\":\"https:\/\/bvbdl.de\/\",\"name\":\"Bundesverband der B\u00fcrger- und Dorfl\u00e4den e.V. - Das Dorfladen Netzwerk\",\"description\":\"bvbdl.de\",\"publisher\":{\"@id\":\"https:\/\/bvbdl.de\/#organization\"},\"potentialAction\":[{\"@type\":\"SearchAction\",\"target\":{\"@type\":\"EntryPoint\",\"urlTemplate\":\"https:\/\/bvbdl.de\/?s={search_term_string}\"},\"query-input\":{\"@type\":\"PropertyValueSpecification\",\"valueRequired\":true,\"valueName\":\"search_term_string\"}}],\"inLanguage\":\"de\"},{\"@type\":\"Organization\",\"@id\":\"https:\/\/bvbdl.de\/#organization\",\"name\":\"Bundesverband der B\u00fcrger- und Dorfl\u00e4den in Deutschland e.V.\",\"url\":\"https:\/\/bvbdl.de\/\",\"logo\":{\"@type\":\"ImageObject\",\"inLanguage\":\"de\",\"@id\":\"https:\/\/bvbdl.de\/#\/schema\/logo\/image\/\",\"url\":\"https:\/\/bvbdl.de\/wp-content\/uploads\/2025\/02\/Logo_Bundesverband_with_border.png\",\"contentUrl\":\"https:\/\/bvbdl.de\/wp-content\/uploads\/2025\/02\/Logo_Bundesverband_with_border.png\",\"width\":302,\"height\":278,\"caption\":\"Bundesverband der B\u00fcrger- und Dorfl\u00e4den in Deutschland e.V.\"},\"image\":{\"@id\":\"https:\/\/bvbdl.de\/#\/schema\/logo\/image\/\"},\"sameAs\":[\"https:\/\/www.facebook.com\/Dorfladen.Familie\",\"https:\/\/www.instagram.com\/dorfladennetzwerk\/\",\"https:\/\/www.youtube.com\/channel\/UCiIcZBpITXauy6ydrZiZIew\"]}]}<\/script>\n<!-- \/ Yoast SEO plugin. -->","yoast_head_json":{"title":"Ger\u00e4te - Bundesverband der B\u00fcrger- und Dorfl\u00e4den e.V. - Das Dorfladen Netzwerk","description":"Die Seite f\u00fcr Dorfladen Know How","robots":{"index":"index","follow":"follow","max-snippet":"max-snippet:-1","max-image-preview":"max-image-preview:large","max-video-preview":"max-video-preview:-1"},"canonical":"https:\/\/bvbdl.de\/index.php\/geraete\/","og_locale":"de_DE","og_type":"article","og_title":"Ger\u00e4te - Bundesverband der B\u00fcrger- und Dorfl\u00e4den e.V. - Das Dorfladen Netzwerk","og_description":"Die Seite f\u00fcr Dorfladen Know How","og_url":"https:\/\/bvbdl.de\/index.php\/geraete\/","og_site_name":"Bundesverband der B\u00fcrger- und Dorfl\u00e4den e.V. - Das Dorfladen Netzwerk","article_publisher":"https:\/\/www.facebook.com\/Dorfladen.Familie","article_modified_time":"2025-05-25T14:04:31+00:00","twitter_card":"summary_large_image","twitter_misc":{"Gesch\u00e4tzte Lesezeit":"1\u00a0Minute"},"schema":{"@context":"https:\/\/schema.org","@graph":[{"@type":"WebPage","@id":"https:\/\/bvbdl.de\/index.php\/geraete\/","url":"https:\/\/bvbdl.de\/index.php\/geraete\/","name":"Ger\u00e4te - Bundesverband der B\u00fcrger- und Dorfl\u00e4den e.V. - Das Dorfladen Netzwerk","isPartOf":{"@id":"https:\/\/bvbdl.de\/#website"},"datePublished":"2024-04-15T14:40:37+00:00","dateModified":"2025-05-25T14:04:31+00:00","description":"Die Seite f\u00fcr Dorfladen Know How","breadcrumb":{"@id":"https:\/\/bvbdl.de\/index.php\/geraete\/#breadcrumb"},"inLanguage":"de","potentialAction":[{"@type":"ReadAction","target":["https:\/\/bvbdl.de\/index.php\/geraete\/"]}]},{"@type":"BreadcrumbList","@id":"https:\/\/bvbdl.de\/index.php\/geraete\/#breadcrumb","itemListElement":[{"@type":"ListItem","position":1,"name":"Home","item":"https:\/\/bvbdl.de\/"},{"@type":"ListItem","position":2,"name":"Ger\u00e4te"}]},{"@type":"WebSite","@id":"https:\/\/bvbdl.de\/#website","url":"https:\/\/bvbdl.de\/","name":"Bundesverband der B\u00fcrger- und Dorfl\u00e4den e.V. - Das Dorfladen Netzwerk","description":"bvbdl.de","publisher":{"@id":"https:\/\/bvbdl.de\/#organization"},"potentialAction":[{"@type":"SearchAction","target":{"@type":"EntryPoint","urlTemplate":"https:\/\/bvbdl.de\/?s={search_term_string}"},"query-input":{"@type":"PropertyValueSpecification","valueRequired":true,"valueName":"search_term_string"}}],"inLanguage":"de"},{"@type":"Organization","@id":"https:\/\/bvbdl.de\/#organization","name":"Bundesverband der B\u00fcrger- und Dorfl\u00e4den in Deutschland e.V.","url":"https:\/\/bvbdl.de\/","logo":{"@type":"ImageObject","inLanguage":"de","@id":"https:\/\/bvbdl.de\/#\/schema\/logo\/image\/","url":"https:\/\/bvbdl.de\/wp-content\/uploads\/2025\/02\/Logo_Bundesverband_with_border.png","contentUrl":"https:\/\/bvbdl.de\/wp-content\/uploads\/2025\/02\/Logo_Bundesverband_with_border.png","width":302,"height":278,"caption":"Bundesverband der B\u00fcrger- und Dorfl\u00e4den in Deutschland e.V."},"image":{"@id":"https:\/\/bvbdl.de\/#\/schema\/logo\/image\/"},"sameAs":["https:\/\/www.facebook.com\/Dorfladen.Familie","https:\/\/www.instagram.com\/dorfladennetzwerk\/","https:\/\/www.youtube.com\/channel\/UCiIcZBpITXauy6ydrZiZIew"]}]}},"_links":{"self":[{"href":"https:\/\/bvbdl.de\/index.php\/wp-json\/wp\/v2\/pages\/6559","targetHints":{"allow":["GET"]}}],"collection":[{"href":"https:\/\/bvbdl.de\/index.php\/wp-json\/wp\/v2\/pages"}],"about":[{"href":"https:\/\/bvbdl.de\/index.php\/wp-json\/wp\/v2\/types\/page"}],"author":[{"embeddable":true,"href":"https:\/\/bvbdl.de\/index.php\/wp-json\/wp\/v2\/users\/6"}],"replies":[{"embeddable":true,"href":"https:\/\/bvbdl.de\/index.php\/wp-json\/wp\/v2\/comments?post=6559"}],"version-history":[{"count":3,"href":"https:\/\/bvbdl.de\/index.php\/wp-json\/wp\/v2\/pages\/6559\/revisions"}],"predecessor-version":[{"id":7275,"href":"https:\/\/bvbdl.de\/index.php\/wp-json\/wp\/v2\/pages\/6559\/revisions\/7275"}],"wp:attachment":[{"href":"https:\/\/bvbdl.de\/index.php\/wp-json\/wp\/v2\/media?parent=6559"}],"curies":[{"name":"wp","href":"https:\/\/api.w.org\/{rel}","templated":true}]}}