{"id":6412,"date":"2023-06-19T06:26:31","date_gmt":"2023-06-19T06:26:31","guid":{"rendered":"https:\/\/dorfladen-netzwerk.com\/?page_id=6412"},"modified":"2025-07-02T07:38:33","modified_gmt":"2025-07-02T07:38:33","slug":"trainings-und-entwicklungszentrum","status":"publish","type":"page","link":"https:\/\/bvbdl.de\/index.php\/trainings-und-entwicklungszentrum\/","title":{"rendered":"Trainings- und Entwicklungszentrum"},"content":{"rendered":"\n<figure class=\"wp-block-image size-large\"><img loading=\"lazy\" decoding=\"async\" width=\"1024\" height=\"319\" src=\"https:\/\/bvbdl.de\/wp-content\/uploads\/2023\/05\/Logo-mit-Anhaenger_web-1024x319.png\" alt=\"\" class=\"wp-image-6367\" srcset=\"https:\/\/bvbdl.de\/wp-content\/uploads\/2023\/05\/Logo-mit-Anhaenger_web-1024x319.png 1024w, https:\/\/bvbdl.de\/wp-content\/uploads\/2023\/05\/Logo-mit-Anhaenger_web-300x94.png 300w, https:\/\/bvbdl.de\/wp-content\/uploads\/2023\/05\/Logo-mit-Anhaenger_web-768x239.png 768w, https:\/\/bvbdl.de\/wp-content\/uploads\/2023\/05\/Logo-mit-Anhaenger_web.png 1200w\" sizes=\"auto, (max-width: 1024px) 100vw, 1024px\" \/><\/figure>\n\n\n\n<figure class=\"wp-block-image size-large\"><img loading=\"lazy\" decoding=\"async\" width=\"1024\" height=\"691\" src=\"https:\/\/bvbdl.de\/wp-content\/uploads\/2023\/05\/Schild-Trainings-und-Entwicklungszentrum-1024x691.jpg\" alt=\"\" class=\"wp-image-6365\" srcset=\"https:\/\/bvbdl.de\/wp-content\/uploads\/2023\/05\/Schild-Trainings-und-Entwicklungszentrum-1024x691.jpg 1024w, https:\/\/bvbdl.de\/wp-content\/uploads\/2023\/05\/Schild-Trainings-und-Entwicklungszentrum-300x202.jpg 300w, https:\/\/bvbdl.de\/wp-content\/uploads\/2023\/05\/Schild-Trainings-und-Entwicklungszentrum-768x518.jpg 768w, https:\/\/bvbdl.de\/wp-content\/uploads\/2023\/05\/Schild-Trainings-und-Entwicklungszentrum.jpg 1134w\" sizes=\"auto, (max-width: 1024px) 100vw, 1024px\" \/><figcaption class=\"wp-element-caption\">Trainings- und Entwicklungszentrum Retschter L\u00e4dchen<\/figcaption><\/figure>\n\n\n\n<p><strong>Trainingszentrum &amp; Entwicklungszentrum Retschter L\u00e4dchen<\/strong><\/p>\n\n\n\n<p>Seit Mai 2023 bietet das <em>Trainings- und Entwicklungszentrum Retschter L\u00e4dchen<\/em> eine praxisnahe Qualifizierung f\u00fcr angehende Marktleiterinnen und Marktleiter sowie Gesch\u00e4ftsf\u00fchrerinnen und Gesch\u00e4ftsf\u00fchrer von neuen oder bestehenden Dorfl\u00e4den.<\/p>\n\n\n\n<p>In einem kompakten <strong>3-t\u00e4gigen Training-on-the-Job<\/strong> lernen Teilnehmende direkt im laufenden Betrieb die zentralen Abl\u00e4ufe eines erfolgreichen Dorfladens kennen. Das Trainingszentrum vermittelt unter anderem:<\/p>\n\n\n\n<ul class=\"wp-block-list\">\n<li>Artikelkalkulation &amp; Sortimentspflege<\/li>\n\n\n\n<li>Bestellung &amp; Warenverr\u00e4umung<\/li>\n\n\n\n<li>Personalplanung mit dem ICE-Tool<\/li>\n\n\n\n<li>Grundlagen im Dorfladen-Marketing<\/li>\n\n\n\n<li>\u2026und viele weitere praxisrelevante Inhalte<\/li>\n<\/ul>\n\n\n\n<p>Geleitet wird das Training pers\u00f6nlich von Herrn <a href=\"https:\/\/bvbdl.de\/index.php\/das-beraterteam\/\">Peter Feldbauer<\/a>, Gesch\u00e4ftsf\u00fchrer des <a href=\"https:\/\/www.retschter-laedchen.de\/\" target=\"_blank\" rel=\"noreferrer noopener\">Retschter L\u00e4dchens<\/a> und Vorstandsmitglied im Bundesverband der B\u00fcrger- und Dorfl\u00e4den e.V.<\/p>\n\n\n\n<p>Voraussetzung f\u00fcr die Teilnahme:<\/p>\n\n\n\n<p><strong>Teilnahmevoraussetzungen:<\/strong><\/p>\n\n\n\n<ul class=\"wp-block-list\">\n<li>Der Dorfladen ist Mitglied im <strong>Bundesverband der B\u00fcrger- und Dorfl\u00e4den e.V.<\/strong><\/li>\n\n\n\n<li>Bei bestehenden Dorfl\u00e4den: <strong>Der ICE wird l\u00fcckenlos gef\u00fchrt<\/strong><\/li>\n\n\n\n<li>Bei neuen Dorfl\u00e4den: <strong>Die verbindliche Absicht, den ICE k\u00fcnftig einzusetzen<\/strong><\/li>\n\n\n\n<li><strong>Aktive Mitarbeit<\/strong> in allen Bereichen w\u00e4hrend des Trainings \u2013 vom Auff\u00fcllen der Regale \u00fcber die Kundenbedienung bis hin zu organisatorischen Aufgaben<\/li>\n<\/ul>\n\n\n\n<p>Sie haben Interesse? Dann nehmen Sie <a href=\"https:\/\/bvbdl.de\/index.php\/kontakt-zu-hr-feldbauer\/\">hier <\/a>Kontakt mit uns auf.<\/p>\n","protected":false},"excerpt":{"rendered":"<p>Trainingszentrum &amp; Entwicklungszentrum Retschter L\u00e4dchen Seit Mai 2023 bietet das Trainings- und Entwicklungszentrum Retschter L\u00e4dchen eine praxisnahe Qualifizierung f\u00fcr angehende Marktleiterinnen und Marktleiter sowie Gesch\u00e4ftsf\u00fchrerinnen und Gesch\u00e4ftsf\u00fchrer von neuen oder bestehenden Dorfl\u00e4den. In einem kompakten 3-t\u00e4gigen Training-on-the-Job lernen Teilnehmende direkt im laufenden Betrieb die zentralen Abl\u00e4ufe eines erfolgreichen Dorfladens kennen. [&hellip;]<\/p>\n","protected":false},"author":6,"featured_media":0,"parent":0,"menu_order":0,"comment_status":"closed","ping_status":"closed","template":"","meta":{"_eb_attr":"","_themeisle_gutenberg_block_has_review":false,"footnotes":""},"class_list":["post-6412","page","type-page","status-publish","hentry"],"yoast_head":"<!-- This site is optimized with the Yoast SEO plugin v26.0 - https:\/\/yoast.com\/wordpress\/plugins\/seo\/ -->\n<title>Trainings- und Entwicklungszentrum - Bundesverband der B\u00fcrger- und Dorfl\u00e4den e.V. - Das Dorfladen Netzwerk<\/title>\n<meta name=\"description\" content=\"Die Seite f\u00fcr Dorfladen Know How\" \/>\n<meta name=\"robots\" content=\"index, follow, max-snippet:-1, max-image-preview:large, max-video-preview:-1\" \/>\n<link rel=\"canonical\" href=\"https:\/\/bvbdl.de\/index.php\/trainings-und-entwicklungszentrum\/\" \/>\n<meta property=\"og:locale\" content=\"de_DE\" \/>\n<meta property=\"og:type\" content=\"article\" \/>\n<meta property=\"og:title\" content=\"Trainings- und Entwicklungszentrum - Bundesverband der B\u00fcrger- und Dorfl\u00e4den e.V. - Das Dorfladen Netzwerk\" \/>\n<meta property=\"og:description\" content=\"Die Seite f\u00fcr Dorfladen Know How\" \/>\n<meta property=\"og:url\" content=\"https:\/\/bvbdl.de\/index.php\/trainings-und-entwicklungszentrum\/\" \/>\n<meta property=\"og:site_name\" content=\"Bundesverband der B\u00fcrger- und Dorfl\u00e4den e.V. - Das Dorfladen Netzwerk\" \/>\n<meta property=\"article:publisher\" content=\"https:\/\/www.facebook.com\/Dorfladen.Familie\" \/>\n<meta property=\"article:modified_time\" content=\"2025-07-02T07:38:33+00:00\" \/>\n<meta property=\"og:image\" content=\"https:\/\/bvbdl.de\/wp-content\/uploads\/2023\/05\/Logo-mit-Anhaenger_web.png\" \/>\n\t<meta property=\"og:image:width\" content=\"1200\" \/>\n\t<meta property=\"og:image:height\" content=\"374\" \/>\n\t<meta property=\"og:image:type\" content=\"image\/png\" \/>\n<meta name=\"twitter:card\" content=\"summary_large_image\" \/>\n<meta name=\"twitter:label1\" content=\"Gesch\u00e4tzte Lesezeit\" \/>\n\t<meta name=\"twitter:data1\" content=\"1\u00a0Minute\" \/>\n<script type=\"application\/ld+json\" class=\"yoast-schema-graph\">{\"@context\":\"https:\/\/schema.org\",\"@graph\":[{\"@type\":\"WebPage\",\"@id\":\"https:\/\/bvbdl.de\/index.php\/trainings-und-entwicklungszentrum\/\",\"url\":\"https:\/\/bvbdl.de\/index.php\/trainings-und-entwicklungszentrum\/\",\"name\":\"Trainings- und Entwicklungszentrum - Bundesverband der B\u00fcrger- und Dorfl\u00e4den e.V. - Das Dorfladen Netzwerk\",\"isPartOf\":{\"@id\":\"https:\/\/bvbdl.de\/#website\"},\"primaryImageOfPage\":{\"@id\":\"https:\/\/bvbdl.de\/index.php\/trainings-und-entwicklungszentrum\/#primaryimage\"},\"image\":{\"@id\":\"https:\/\/bvbdl.de\/index.php\/trainings-und-entwicklungszentrum\/#primaryimage\"},\"thumbnailUrl\":\"https:\/\/bvbdl.de\/wp-content\/uploads\/2023\/05\/Logo-mit-Anhaenger_web-1024x319.png\",\"datePublished\":\"2023-06-19T06:26:31+00:00\",\"dateModified\":\"2025-07-02T07:38:33+00:00\",\"description\":\"Die Seite f\u00fcr Dorfladen Know How\",\"breadcrumb\":{\"@id\":\"https:\/\/bvbdl.de\/index.php\/trainings-und-entwicklungszentrum\/#breadcrumb\"},\"inLanguage\":\"de\",\"potentialAction\":[{\"@type\":\"ReadAction\",\"target\":[\"https:\/\/bvbdl.de\/index.php\/trainings-und-entwicklungszentrum\/\"]}]},{\"@type\":\"ImageObject\",\"inLanguage\":\"de\",\"@id\":\"https:\/\/bvbdl.de\/index.php\/trainings-und-entwicklungszentrum\/#primaryimage\",\"url\":\"https:\/\/bvbdl.de\/wp-content\/uploads\/2023\/05\/Logo-mit-Anhaenger_web.png\",\"contentUrl\":\"https:\/\/bvbdl.de\/wp-content\/uploads\/2023\/05\/Logo-mit-Anhaenger_web.png\",\"width\":1200,\"height\":374,\"caption\":\"Logo Retschter L\u00e4dchen\"},{\"@type\":\"BreadcrumbList\",\"@id\":\"https:\/\/bvbdl.de\/index.php\/trainings-und-entwicklungszentrum\/#breadcrumb\",\"itemListElement\":[{\"@type\":\"ListItem\",\"position\":1,\"name\":\"Home\",\"item\":\"https:\/\/bvbdl.de\/\"},{\"@type\":\"ListItem\",\"position\":2,\"name\":\"Trainings- und Entwicklungszentrum\"}]},{\"@type\":\"WebSite\",\"@id\":\"https:\/\/bvbdl.de\/#website\",\"url\":\"https:\/\/bvbdl.de\/\",\"name\":\"Bundesverband der B\u00fcrger- und Dorfl\u00e4den e.V. - Das Dorfladen Netzwerk\",\"description\":\"bvbdl.de\",\"publisher\":{\"@id\":\"https:\/\/bvbdl.de\/#organization\"},\"potentialAction\":[{\"@type\":\"SearchAction\",\"target\":{\"@type\":\"EntryPoint\",\"urlTemplate\":\"https:\/\/bvbdl.de\/?s={search_term_string}\"},\"query-input\":{\"@type\":\"PropertyValueSpecification\",\"valueRequired\":true,\"valueName\":\"search_term_string\"}}],\"inLanguage\":\"de\"},{\"@type\":\"Organization\",\"@id\":\"https:\/\/bvbdl.de\/#organization\",\"name\":\"Bundesverband der B\u00fcrger- und Dorfl\u00e4den in Deutschland e.V.\",\"url\":\"https:\/\/bvbdl.de\/\",\"logo\":{\"@type\":\"ImageObject\",\"inLanguage\":\"de\",\"@id\":\"https:\/\/bvbdl.de\/#\/schema\/logo\/image\/\",\"url\":\"https:\/\/bvbdl.de\/wp-content\/uploads\/2025\/02\/Logo_Bundesverband_with_border.png\",\"contentUrl\":\"https:\/\/bvbdl.de\/wp-content\/uploads\/2025\/02\/Logo_Bundesverband_with_border.png\",\"width\":302,\"height\":278,\"caption\":\"Bundesverband der B\u00fcrger- und Dorfl\u00e4den in Deutschland e.V.\"},\"image\":{\"@id\":\"https:\/\/bvbdl.de\/#\/schema\/logo\/image\/\"},\"sameAs\":[\"https:\/\/www.facebook.com\/Dorfladen.Familie\",\"https:\/\/www.instagram.com\/dorfladennetzwerk\/\",\"https:\/\/www.youtube.com\/channel\/UCiIcZBpITXauy6ydrZiZIew\"]}]}<\/script>\n<!-- \/ Yoast SEO plugin. -->","yoast_head_json":{"title":"Trainings- und Entwicklungszentrum - Bundesverband der B\u00fcrger- und Dorfl\u00e4den e.V. - Das Dorfladen Netzwerk","description":"Die Seite f\u00fcr Dorfladen Know How","robots":{"index":"index","follow":"follow","max-snippet":"max-snippet:-1","max-image-preview":"max-image-preview:large","max-video-preview":"max-video-preview:-1"},"canonical":"https:\/\/bvbdl.de\/index.php\/trainings-und-entwicklungszentrum\/","og_locale":"de_DE","og_type":"article","og_title":"Trainings- und Entwicklungszentrum - Bundesverband der B\u00fcrger- und Dorfl\u00e4den e.V. - Das Dorfladen Netzwerk","og_description":"Die Seite f\u00fcr Dorfladen Know How","og_url":"https:\/\/bvbdl.de\/index.php\/trainings-und-entwicklungszentrum\/","og_site_name":"Bundesverband der B\u00fcrger- und Dorfl\u00e4den e.V. - Das Dorfladen Netzwerk","article_publisher":"https:\/\/www.facebook.com\/Dorfladen.Familie","article_modified_time":"2025-07-02T07:38:33+00:00","og_image":[{"width":1200,"height":374,"url":"https:\/\/bvbdl.de\/wp-content\/uploads\/2023\/05\/Logo-mit-Anhaenger_web.png","type":"image\/png"}],"twitter_card":"summary_large_image","twitter_misc":{"Gesch\u00e4tzte Lesezeit":"1\u00a0Minute"},"schema":{"@context":"https:\/\/schema.org","@graph":[{"@type":"WebPage","@id":"https:\/\/bvbdl.de\/index.php\/trainings-und-entwicklungszentrum\/","url":"https:\/\/bvbdl.de\/index.php\/trainings-und-entwicklungszentrum\/","name":"Trainings- und Entwicklungszentrum - Bundesverband der B\u00fcrger- und Dorfl\u00e4den e.V. - Das Dorfladen Netzwerk","isPartOf":{"@id":"https:\/\/bvbdl.de\/#website"},"primaryImageOfPage":{"@id":"https:\/\/bvbdl.de\/index.php\/trainings-und-entwicklungszentrum\/#primaryimage"},"image":{"@id":"https:\/\/bvbdl.de\/index.php\/trainings-und-entwicklungszentrum\/#primaryimage"},"thumbnailUrl":"https:\/\/bvbdl.de\/wp-content\/uploads\/2023\/05\/Logo-mit-Anhaenger_web-1024x319.png","datePublished":"2023-06-19T06:26:31+00:00","dateModified":"2025-07-02T07:38:33+00:00","description":"Die Seite f\u00fcr Dorfladen Know How","breadcrumb":{"@id":"https:\/\/bvbdl.de\/index.php\/trainings-und-entwicklungszentrum\/#breadcrumb"},"inLanguage":"de","potentialAction":[{"@type":"ReadAction","target":["https:\/\/bvbdl.de\/index.php\/trainings-und-entwicklungszentrum\/"]}]},{"@type":"ImageObject","inLanguage":"de","@id":"https:\/\/bvbdl.de\/index.php\/trainings-und-entwicklungszentrum\/#primaryimage","url":"https:\/\/bvbdl.de\/wp-content\/uploads\/2023\/05\/Logo-mit-Anhaenger_web.png","contentUrl":"https:\/\/bvbdl.de\/wp-content\/uploads\/2023\/05\/Logo-mit-Anhaenger_web.png","width":1200,"height":374,"caption":"Logo Retschter L\u00e4dchen"},{"@type":"BreadcrumbList","@id":"https:\/\/bvbdl.de\/index.php\/trainings-und-entwicklungszentrum\/#breadcrumb","itemListElement":[{"@type":"ListItem","position":1,"name":"Home","item":"https:\/\/bvbdl.de\/"},{"@type":"ListItem","position":2,"name":"Trainings- und Entwicklungszentrum"}]},{"@type":"WebSite","@id":"https:\/\/bvbdl.de\/#website","url":"https:\/\/bvbdl.de\/","name":"Bundesverband der B\u00fcrger- und Dorfl\u00e4den e.V. - Das Dorfladen Netzwerk","description":"bvbdl.de","publisher":{"@id":"https:\/\/bvbdl.de\/#organization"},"potentialAction":[{"@type":"SearchAction","target":{"@type":"EntryPoint","urlTemplate":"https:\/\/bvbdl.de\/?s={search_term_string}"},"query-input":{"@type":"PropertyValueSpecification","valueRequired":true,"valueName":"search_term_string"}}],"inLanguage":"de"},{"@type":"Organization","@id":"https:\/\/bvbdl.de\/#organization","name":"Bundesverband der B\u00fcrger- und Dorfl\u00e4den in Deutschland e.V.","url":"https:\/\/bvbdl.de\/","logo":{"@type":"ImageObject","inLanguage":"de","@id":"https:\/\/bvbdl.de\/#\/schema\/logo\/image\/","url":"https:\/\/bvbdl.de\/wp-content\/uploads\/2025\/02\/Logo_Bundesverband_with_border.png","contentUrl":"https:\/\/bvbdl.de\/wp-content\/uploads\/2025\/02\/Logo_Bundesverband_with_border.png","width":302,"height":278,"caption":"Bundesverband der B\u00fcrger- und Dorfl\u00e4den in Deutschland e.V."},"image":{"@id":"https:\/\/bvbdl.de\/#\/schema\/logo\/image\/"},"sameAs":["https:\/\/www.facebook.com\/Dorfladen.Familie","https:\/\/www.instagram.com\/dorfladennetzwerk\/","https:\/\/www.youtube.com\/channel\/UCiIcZBpITXauy6ydrZiZIew"]}]}},"_links":{"self":[{"href":"https:\/\/bvbdl.de\/index.php\/wp-json\/wp\/v2\/pages\/6412","targetHints":{"allow":["GET"]}}],"collection":[{"href":"https:\/\/bvbdl.de\/index.php\/wp-json\/wp\/v2\/pages"}],"about":[{"href":"https:\/\/bvbdl.de\/index.php\/wp-json\/wp\/v2\/types\/page"}],"author":[{"embeddable":true,"href":"https:\/\/bvbdl.de\/index.php\/wp-json\/wp\/v2\/users\/6"}],"replies":[{"embeddable":true,"href":"https:\/\/bvbdl.de\/index.php\/wp-json\/wp\/v2\/comments?post=6412"}],"version-history":[{"count":6,"href":"https:\/\/bvbdl.de\/index.php\/wp-json\/wp\/v2\/pages\/6412\/revisions"}],"predecessor-version":[{"id":7352,"href":"https:\/\/bvbdl.de\/index.php\/wp-json\/wp\/v2\/pages\/6412\/revisions\/7352"}],"wp:attachment":[{"href":"https:\/\/bvbdl.de\/index.php\/wp-json\/wp\/v2\/media?parent=6412"}],"curies":[{"name":"wp","href":"https:\/\/api.w.org\/{rel}","templated":true}]}}