{"id":5887,"date":"2022-02-02T08:23:29","date_gmt":"2022-02-02T08:23:29","guid":{"rendered":"https:\/\/dorfladen-netzwerk.com\/?page_id=5887"},"modified":"2025-01-29T07:08:38","modified_gmt":"2025-01-29T07:08:38","slug":"zugangsdaten-zur-dorfladen-akademie-anfordern","status":"publish","type":"page","link":"https:\/\/bvbdl.de\/index.php\/zugangsdaten-zur-dorfladen-akademie-anfordern\/","title":{"rendered":"Zugangsdaten zur Ideenb\u00f6rse anfordern."},"content":{"rendered":"\n<p>Ja, bitte senden Sie mir die Zugangsdaten zur Ideenb\u00f6rse.<\/p>\n\n\n\n<div class=\"wpforms-container wpforms-container-full\" id=\"wpforms-5889\"><form id=\"wpforms-form-5889\" class=\"wpforms-validate wpforms-form wpforms-ajax-form\" data-formid=\"5889\" method=\"post\" enctype=\"multipart\/form-data\" action=\"\/index.php\/wp-json\/wp\/v2\/pages\/5887\" data-token=\"b041c04047cffb28d1cc2745b3858297\" data-token-time=\"1777969272\"><noscript class=\"wpforms-error-noscript\">Bitte aktiviere JavaScript in deinem Browser, um dieses Formular fertigzustellen.<\/noscript><div class=\"wpforms-field-container\"><div id=\"wpforms-5889-field_18-container\" class=\"wpforms-field wpforms-field-text\" data-field-id=\"18\"><label class=\"wpforms-field-label\" for=\"wpforms-5889-field_18\">Name des Dorfladens<\/label><input type=\"text\" id=\"wpforms-5889-field_18\" class=\"wpforms-field-medium\" name=\"wpforms[fields][18]\" ><\/div><div id=\"wpforms-5889-field_5-container\" class=\"wpforms-field wpforms-field-text\" data-field-id=\"5\"><label class=\"wpforms-field-label wpforms-label-hide\" for=\"wpforms-5889-field_5\">Name des Mitarbeiters\/der Mitarbeiterin <span class=\"wpforms-required-label\">*<\/span><\/label><input type=\"text\" id=\"wpforms-5889-field_5\" class=\"wpforms-field-medium wpforms-field-required\" name=\"wpforms[fields][5]\" placeholder=\"Ansprechpartner\" required><\/div><div id=\"wpforms-5889-field_1-container\" class=\"wpforms-field wpforms-field-email\" data-field-id=\"1\"><label class=\"wpforms-field-label wpforms-label-hide\" for=\"wpforms-5889-field_1\">E-Mail Adresse des Mitarbeiters\/der Mitarbeiterin <span class=\"wpforms-required-label\">*<\/span><\/label><input type=\"email\" id=\"wpforms-5889-field_1\" class=\"wpforms-field-medium wpforms-field-required\" name=\"wpforms[fields][1]\" placeholder=\"Email\" spellcheck=\"false\" required><\/div><div id=\"wpforms-5889-field_3-container\" class=\"wpforms-field wpforms-field-text\" data-field-id=\"3\"><label class=\"wpforms-field-label wpforms-label-hide\" for=\"wpforms-5889-field_3\">Telefon des Mitarbeiters\/der Mitarbeiterin<\/label><input type=\"text\" id=\"wpforms-5889-field_3\" class=\"wpforms-field-medium\" name=\"wpforms[fields][3]\" placeholder=\"Telefon\" ><\/div><div id=\"wpforms-5889-field_13-container\" class=\"wpforms-field wpforms-field-text\" data-field-id=\"13\"><label class=\"wpforms-field-label\" for=\"wpforms-5889-field_13\">Stra\u00dfe (Dorfladen) <span class=\"wpforms-required-label\">*<\/span><\/label><input type=\"text\" id=\"wpforms-5889-field_13\" class=\"wpforms-field-medium wpforms-field-required\" name=\"wpforms[fields][13]\" required><\/div><div id=\"wpforms-5889-field_15-container\" class=\"wpforms-field wpforms-field-text\" data-field-id=\"15\"><label class=\"wpforms-field-label\" for=\"wpforms-5889-field_15\">Hausnummer (Dorfladen) <span class=\"wpforms-required-label\">*<\/span><\/label><input type=\"text\" id=\"wpforms-5889-field_15\" class=\"wpforms-field-medium wpforms-field-required\" name=\"wpforms[fields][15]\" required><\/div><div id=\"wpforms-5889-field_12-container\" class=\"wpforms-field wpforms-field-text\" data-field-id=\"12\"><label class=\"wpforms-field-label\" for=\"wpforms-5889-field_12\">PLZ (Dorfladen) <span class=\"wpforms-required-label\">*<\/span><\/label><input type=\"text\" id=\"wpforms-5889-field_12\" class=\"wpforms-field-medium wpforms-field-required\" name=\"wpforms[fields][12]\" required><\/div><div id=\"wpforms-5889-field_16-container\" class=\"wpforms-field wpforms-field-text\" data-field-id=\"16\"><label class=\"wpforms-field-label\" for=\"wpforms-5889-field_16\">Ort (Dorfladen) <span class=\"wpforms-required-label\">*<\/span><\/label><input type=\"text\" id=\"wpforms-5889-field_16\" class=\"wpforms-field-medium wpforms-field-required\" name=\"wpforms[fields][16]\" required><\/div><div id=\"wpforms-5889-field_10-container\" class=\"wpforms-field wpforms-field-radio\" data-field-id=\"10\"><label class=\"wpforms-field-label\">Mein Dorfladen ist bereits Mitglied im Bundesverband der B\u00fcrger- und Dorfl\u00e4den in Deutschland e.V. <span class=\"wpforms-required-label\">*<\/span><\/label><ul id=\"wpforms-5889-field_10\" class=\"wpforms-field-required\"><li class=\"choice-1 depth-1\"><input type=\"radio\" id=\"wpforms-5889-field_10_1\" name=\"wpforms[fields][10]\" value=\"Ja\" required ><label class=\"wpforms-field-label-inline\" for=\"wpforms-5889-field_10_1\">Ja<\/label><\/li><li class=\"choice-2 depth-1\"><input type=\"radio\" id=\"wpforms-5889-field_10_2\" name=\"wpforms[fields][10]\" value=\"Nein\" required ><label class=\"wpforms-field-label-inline\" for=\"wpforms-5889-field_10_2\">Nein<\/label><\/li><li class=\"choice-3 depth-1\"><input type=\"radio\" id=\"wpforms-5889-field_10_3\" name=\"wpforms[fields][10]\" value=\"Nicht bekannt\" required ><label class=\"wpforms-field-label-inline\" for=\"wpforms-5889-field_10_3\">Nicht bekannt<\/label><\/li><\/ul><\/div><div id=\"wpforms-5889-field_8-container\" class=\"wpforms-field wpforms-field-checkbox\" data-field-id=\"8\"><label class=\"wpforms-field-label\">Ja ich m\u00f6chte mich austauschen! <span class=\"wpforms-required-label\">*<\/span><\/label><ul id=\"wpforms-5889-field_8\" class=\"wpforms-field-required\"><li class=\"choice-1 depth-1\"><input type=\"checkbox\" id=\"wpforms-5889-field_8_1\" name=\"wpforms[fields][8][]\" value=\"Bitte senden Sie mir die Zugangsdaten zur Ideenb\u00f6rse zu. Mir als MitarbeiterIn und dem Dorfladen entstehen dadurch keine Kosten.\" required ><label class=\"wpforms-field-label-inline\" for=\"wpforms-5889-field_8_1\">Bitte senden Sie mir die Zugangsdaten zur Ideenb\u00f6rse zu. Mir als MitarbeiterIn und dem Dorfladen entstehen dadurch keine Kosten.<\/label><\/li><\/ul><\/div><div id=\"wpforms-5889-field_17-container\" class=\"wpforms-field wpforms-field-checkbox\" data-field-id=\"17\"><label class=\"wpforms-field-label\">Die Ideenb\u00f6rse lebt vom Austausch: <span class=\"wpforms-required-label\">*<\/span><\/label><ul id=\"wpforms-5889-field_17\" class=\"wpforms-field-required\"><li class=\"choice-1 depth-1\"><input type=\"checkbox\" id=\"wpforms-5889-field_17_1\" name=\"wpforms[fields][17][]\" value=\"Mir ist bewu\u00dft, dass ich jedes Jahr zwei Ideen einstellen muss, da sonst der Zugang wieder gel\u00f6scht wird.\" required ><label class=\"wpforms-field-label-inline\" for=\"wpforms-5889-field_17_1\">Mir ist bewu\u00dft, dass ich jedes Jahr zwei Ideen einstellen muss, da sonst der Zugang wieder gel\u00f6scht wird.<\/label><\/li><\/ul><\/div><div id=\"wpforms-5889-field_6-container\" class=\"wpforms-field wpforms-field-checkbox\" data-field-id=\"6\"><label class=\"wpforms-field-label wpforms-label-hide\">Checkboxes <span class=\"wpforms-required-label\">*<\/span><\/label><ul id=\"wpforms-5889-field_6\" class=\"wpforms-field-required\"><li class=\"choice-1 depth-1\"><input type=\"checkbox\" id=\"wpforms-5889-field_6_1\" name=\"wpforms[fields][6][]\" value=\"Ich stimme den &lt;a href=&quot;\/index.php\/datenschutz\/&quot; target=&quot;_blank&quot; style=&quot;color:#75B726;text-transform:capitalize;&quot;&gt;Datenschutz&lt;\/a&gt; bedingungen zwecks Bearbeitung meiner Daten zu. \" required ><label class=\"wpforms-field-label-inline\" for=\"wpforms-5889-field_6_1\">Ich stimme den <a href=\"\/index.php\/datenschutz\/\" target=\"_blank\" style=\"color:#75B726;text-transform:capitalize\">Datenschutz<\/a> bedingungen zwecks Bearbeitung meiner Daten zu.<\/label><\/li><\/ul><\/div><\/div><!-- .wpforms-field-container --><div class=\"wpforms-recaptcha-container wpforms-is-recaptcha wpforms-is-recaptcha-type-v2\" ><div class=\"g-recaptcha\" data-sitekey=\"6LcNyLcpAAAAAAO-XC8zeqbbSvdMdSQlI6ARmLxJ\"><\/div><input type=\"text\" name=\"g-recaptcha-hidden\" class=\"wpforms-recaptcha-hidden\" style=\"position:absolute!important;clip:rect(0,0,0,0)!important;height:1px!important;width:1px!important;border:0!important;overflow:hidden!important;padding:0!important;margin:0!important;\" data-rule-recaptcha=\"1\"><\/div><div class=\"wpforms-submit-container\" ><input type=\"hidden\" name=\"wpforms[id]\" value=\"5889\"><input type=\"hidden\" name=\"page_title\" value=\"\"><input type=\"hidden\" name=\"page_url\" value=\"https:\/\/bvbdl.de\/index.php\/wp-json\/wp\/v2\/pages\/5887\"><input type=\"hidden\" name=\"url_referer\" value=\"\"><button type=\"submit\" name=\"wpforms[submit]\" id=\"wpforms-submit-5889\" class=\"wpforms-submit\" data-alt-text=\"Sending...\" data-submit-text=\"Daten abschicken\" aria-live=\"assertive\" value=\"wpforms-submit\">Daten abschicken<\/button><img loading=\"lazy\" decoding=\"async\" src=\"https:\/\/bvbdl.de\/wp-content\/plugins\/wpforms-lite\/assets\/images\/submit-spin.svg\" class=\"wpforms-submit-spinner\" style=\"display: none;\" width=\"26\" height=\"26\" alt=\"Wird geladen\"><\/div><\/form><\/div>  <!-- .wpforms-container -->\n\n\n\n<div class=\"wp-block-columns is-layout-flex wp-container-core-columns-is-layout-28f84493 wp-block-columns-is-layout-flex\">\n<div class=\"wp-block-column is-layout-flow wp-block-column-is-layout-flow\">\n<div class=\"wp-block-columns is-layout-flex wp-container-core-columns-is-layout-28f84493 wp-block-columns-is-layout-flex\">\n<div class=\"wp-block-column is-layout-flow wp-block-column-is-layout-flow\"><\/div>\n<\/div>\n<\/div>\n<\/div>\n","protected":false},"excerpt":{"rendered":"<p>Ja, bitte senden Sie mir die Zugangsdaten zur Ideenb\u00f6rse.<\/p>\n","protected":false},"author":6,"featured_media":0,"parent":0,"menu_order":0,"comment_status":"closed","ping_status":"closed","template":"page-templates\/template-fullwidth.php","meta":{"_eb_attr":"","_themeisle_gutenberg_block_has_review":false,"footnotes":""},"class_list":["post-5887","page","type-page","status-publish","hentry"],"yoast_head":"<!-- This site is optimized with the Yoast SEO plugin v26.0 - https:\/\/yoast.com\/wordpress\/plugins\/seo\/ -->\n<title>Zugangsdaten zur Ideenb\u00f6rse anfordern. - Bundesverband der B\u00fcrger- und Dorfl\u00e4den e.V. - Das Dorfladen Netzwerk<\/title>\n<meta name=\"description\" content=\"Zugansdaten zur Dorfladen Akadmie 24\/7 anfordern. Weiterbildung wo und wann Sie wollen in den Frischebereichen.\" \/>\n<meta name=\"robots\" content=\"index, follow, max-snippet:-1, max-image-preview:large, max-video-preview:-1\" \/>\n<link rel=\"canonical\" href=\"https:\/\/bvbdl.de\/index.php\/zugangsdaten-zur-dorfladen-akademie-anfordern\/\" \/>\n<meta property=\"og:locale\" content=\"de_DE\" \/>\n<meta property=\"og:type\" content=\"article\" \/>\n<meta property=\"og:title\" content=\"Zugangsdaten zur Ideenb\u00f6rse anfordern. - Bundesverband der B\u00fcrger- und Dorfl\u00e4den e.V. - Das Dorfladen Netzwerk\" \/>\n<meta property=\"og:description\" content=\"Zugansdaten zur Dorfladen Akadmie 24\/7 anfordern. Weiterbildung wo und wann Sie wollen in den Frischebereichen.\" \/>\n<meta property=\"og:url\" content=\"https:\/\/bvbdl.de\/index.php\/zugangsdaten-zur-dorfladen-akademie-anfordern\/\" \/>\n<meta property=\"og:site_name\" content=\"Bundesverband der B\u00fcrger- und Dorfl\u00e4den e.V. - Das Dorfladen Netzwerk\" \/>\n<meta property=\"article:publisher\" content=\"https:\/\/www.facebook.com\/Dorfladen.Familie\" \/>\n<meta property=\"article:modified_time\" content=\"2025-01-29T07:08:38+00:00\" \/>\n<meta name=\"twitter:card\" content=\"summary_large_image\" \/>\n<meta name=\"twitter:label1\" content=\"Gesch\u00e4tzte Lesezeit\" \/>\n\t<meta name=\"twitter:data1\" content=\"1\u00a0Minute\" \/>\n<script type=\"application\/ld+json\" class=\"yoast-schema-graph\">{\"@context\":\"https:\/\/schema.org\",\"@graph\":[{\"@type\":\"WebPage\",\"@id\":\"https:\/\/bvbdl.de\/index.php\/zugangsdaten-zur-dorfladen-akademie-anfordern\/\",\"url\":\"https:\/\/bvbdl.de\/index.php\/zugangsdaten-zur-dorfladen-akademie-anfordern\/\",\"name\":\"Zugangsdaten zur Ideenb\u00f6rse anfordern. - Bundesverband der B\u00fcrger- und Dorfl\u00e4den e.V. - Das Dorfladen Netzwerk\",\"isPartOf\":{\"@id\":\"https:\/\/bvbdl.de\/#website\"},\"datePublished\":\"2022-02-02T08:23:29+00:00\",\"dateModified\":\"2025-01-29T07:08:38+00:00\",\"description\":\"Zugansdaten zur Dorfladen Akadmie 24\/7 anfordern. Weiterbildung wo und wann Sie wollen in den Frischebereichen.\",\"breadcrumb\":{\"@id\":\"https:\/\/bvbdl.de\/index.php\/zugangsdaten-zur-dorfladen-akademie-anfordern\/#breadcrumb\"},\"inLanguage\":\"de\",\"potentialAction\":[{\"@type\":\"ReadAction\",\"target\":[\"https:\/\/bvbdl.de\/index.php\/zugangsdaten-zur-dorfladen-akademie-anfordern\/\"]}]},{\"@type\":\"BreadcrumbList\",\"@id\":\"https:\/\/bvbdl.de\/index.php\/zugangsdaten-zur-dorfladen-akademie-anfordern\/#breadcrumb\",\"itemListElement\":[{\"@type\":\"ListItem\",\"position\":1,\"name\":\"Home\",\"item\":\"https:\/\/bvbdl.de\/\"},{\"@type\":\"ListItem\",\"position\":2,\"name\":\"Zugangsdaten zur Dorfladen Akademie anfordern.\"}]},{\"@type\":\"WebSite\",\"@id\":\"https:\/\/bvbdl.de\/#website\",\"url\":\"https:\/\/bvbdl.de\/\",\"name\":\"Bundesverband der B\u00fcrger- und Dorfl\u00e4den e.V. - Das Dorfladen Netzwerk\",\"description\":\"bvbdl.de\",\"publisher\":{\"@id\":\"https:\/\/bvbdl.de\/#organization\"},\"potentialAction\":[{\"@type\":\"SearchAction\",\"target\":{\"@type\":\"EntryPoint\",\"urlTemplate\":\"https:\/\/bvbdl.de\/?s={search_term_string}\"},\"query-input\":{\"@type\":\"PropertyValueSpecification\",\"valueRequired\":true,\"valueName\":\"search_term_string\"}}],\"inLanguage\":\"de\"},{\"@type\":\"Organization\",\"@id\":\"https:\/\/bvbdl.de\/#organization\",\"name\":\"Bundesverband der B\u00fcrger- und Dorfl\u00e4den in Deutschland e.V.\",\"url\":\"https:\/\/bvbdl.de\/\",\"logo\":{\"@type\":\"ImageObject\",\"inLanguage\":\"de\",\"@id\":\"https:\/\/bvbdl.de\/#\/schema\/logo\/image\/\",\"url\":\"https:\/\/bvbdl.de\/wp-content\/uploads\/2025\/02\/Logo_Bundesverband_with_border.png\",\"contentUrl\":\"https:\/\/bvbdl.de\/wp-content\/uploads\/2025\/02\/Logo_Bundesverband_with_border.png\",\"width\":302,\"height\":278,\"caption\":\"Bundesverband der B\u00fcrger- und Dorfl\u00e4den in Deutschland e.V.\"},\"image\":{\"@id\":\"https:\/\/bvbdl.de\/#\/schema\/logo\/image\/\"},\"sameAs\":[\"https:\/\/www.facebook.com\/Dorfladen.Familie\",\"https:\/\/www.instagram.com\/dorfladennetzwerk\/\",\"https:\/\/www.youtube.com\/channel\/UCiIcZBpITXauy6ydrZiZIew\"]}]}<\/script>\n<!-- \/ Yoast SEO plugin. -->","yoast_head_json":{"title":"Zugangsdaten zur Ideenb\u00f6rse anfordern. - Bundesverband der B\u00fcrger- und Dorfl\u00e4den e.V. - Das Dorfladen Netzwerk","description":"Zugansdaten zur Dorfladen Akadmie 24\/7 anfordern. Weiterbildung wo und wann Sie wollen in den Frischebereichen.","robots":{"index":"index","follow":"follow","max-snippet":"max-snippet:-1","max-image-preview":"max-image-preview:large","max-video-preview":"max-video-preview:-1"},"canonical":"https:\/\/bvbdl.de\/index.php\/zugangsdaten-zur-dorfladen-akademie-anfordern\/","og_locale":"de_DE","og_type":"article","og_title":"Zugangsdaten zur Ideenb\u00f6rse anfordern. - Bundesverband der B\u00fcrger- und Dorfl\u00e4den e.V. - Das Dorfladen Netzwerk","og_description":"Zugansdaten zur Dorfladen Akadmie 24\/7 anfordern. Weiterbildung wo und wann Sie wollen in den Frischebereichen.","og_url":"https:\/\/bvbdl.de\/index.php\/zugangsdaten-zur-dorfladen-akademie-anfordern\/","og_site_name":"Bundesverband der B\u00fcrger- und Dorfl\u00e4den e.V. - Das Dorfladen Netzwerk","article_publisher":"https:\/\/www.facebook.com\/Dorfladen.Familie","article_modified_time":"2025-01-29T07:08:38+00:00","twitter_card":"summary_large_image","twitter_misc":{"Gesch\u00e4tzte Lesezeit":"1\u00a0Minute"},"schema":{"@context":"https:\/\/schema.org","@graph":[{"@type":"WebPage","@id":"https:\/\/bvbdl.de\/index.php\/zugangsdaten-zur-dorfladen-akademie-anfordern\/","url":"https:\/\/bvbdl.de\/index.php\/zugangsdaten-zur-dorfladen-akademie-anfordern\/","name":"Zugangsdaten zur Ideenb\u00f6rse anfordern. - Bundesverband der B\u00fcrger- und Dorfl\u00e4den e.V. - Das Dorfladen Netzwerk","isPartOf":{"@id":"https:\/\/bvbdl.de\/#website"},"datePublished":"2022-02-02T08:23:29+00:00","dateModified":"2025-01-29T07:08:38+00:00","description":"Zugansdaten zur Dorfladen Akadmie 24\/7 anfordern. Weiterbildung wo und wann Sie wollen in den Frischebereichen.","breadcrumb":{"@id":"https:\/\/bvbdl.de\/index.php\/zugangsdaten-zur-dorfladen-akademie-anfordern\/#breadcrumb"},"inLanguage":"de","potentialAction":[{"@type":"ReadAction","target":["https:\/\/bvbdl.de\/index.php\/zugangsdaten-zur-dorfladen-akademie-anfordern\/"]}]},{"@type":"BreadcrumbList","@id":"https:\/\/bvbdl.de\/index.php\/zugangsdaten-zur-dorfladen-akademie-anfordern\/#breadcrumb","itemListElement":[{"@type":"ListItem","position":1,"name":"Home","item":"https:\/\/bvbdl.de\/"},{"@type":"ListItem","position":2,"name":"Zugangsdaten zur Dorfladen Akademie anfordern."}]},{"@type":"WebSite","@id":"https:\/\/bvbdl.de\/#website","url":"https:\/\/bvbdl.de\/","name":"Bundesverband der B\u00fcrger- und Dorfl\u00e4den e.V. - Das Dorfladen Netzwerk","description":"bvbdl.de","publisher":{"@id":"https:\/\/bvbdl.de\/#organization"},"potentialAction":[{"@type":"SearchAction","target":{"@type":"EntryPoint","urlTemplate":"https:\/\/bvbdl.de\/?s={search_term_string}"},"query-input":{"@type":"PropertyValueSpecification","valueRequired":true,"valueName":"search_term_string"}}],"inLanguage":"de"},{"@type":"Organization","@id":"https:\/\/bvbdl.de\/#organization","name":"Bundesverband der B\u00fcrger- und Dorfl\u00e4den in Deutschland e.V.","url":"https:\/\/bvbdl.de\/","logo":{"@type":"ImageObject","inLanguage":"de","@id":"https:\/\/bvbdl.de\/#\/schema\/logo\/image\/","url":"https:\/\/bvbdl.de\/wp-content\/uploads\/2025\/02\/Logo_Bundesverband_with_border.png","contentUrl":"https:\/\/bvbdl.de\/wp-content\/uploads\/2025\/02\/Logo_Bundesverband_with_border.png","width":302,"height":278,"caption":"Bundesverband der B\u00fcrger- und Dorfl\u00e4den in Deutschland e.V."},"image":{"@id":"https:\/\/bvbdl.de\/#\/schema\/logo\/image\/"},"sameAs":["https:\/\/www.facebook.com\/Dorfladen.Familie","https:\/\/www.instagram.com\/dorfladennetzwerk\/","https:\/\/www.youtube.com\/channel\/UCiIcZBpITXauy6ydrZiZIew"]}]}},"_links":{"self":[{"href":"https:\/\/bvbdl.de\/index.php\/wp-json\/wp\/v2\/pages\/5887","targetHints":{"allow":["GET"]}}],"collection":[{"href":"https:\/\/bvbdl.de\/index.php\/wp-json\/wp\/v2\/pages"}],"about":[{"href":"https:\/\/bvbdl.de\/index.php\/wp-json\/wp\/v2\/types\/page"}],"author":[{"embeddable":true,"href":"https:\/\/bvbdl.de\/index.php\/wp-json\/wp\/v2\/users\/6"}],"replies":[{"embeddable":true,"href":"https:\/\/bvbdl.de\/index.php\/wp-json\/wp\/v2\/comments?post=5887"}],"version-history":[{"count":4,"href":"https:\/\/bvbdl.de\/index.php\/wp-json\/wp\/v2\/pages\/5887\/revisions"}],"predecessor-version":[{"id":7058,"href":"https:\/\/bvbdl.de\/index.php\/wp-json\/wp\/v2\/pages\/5887\/revisions\/7058"}],"wp:attachment":[{"href":"https:\/\/bvbdl.de\/index.php\/wp-json\/wp\/v2\/media?parent=5887"}],"curies":[{"name":"wp","href":"https:\/\/api.w.org\/{rel}","templated":true}]}}