{"id":5794,"date":"2022-01-12T12:22:58","date_gmt":"2022-01-12T12:22:58","guid":{"rendered":"https:\/\/dorfladen-netzwerk.com\/?page_id=5794"},"modified":"2022-01-12T12:55:46","modified_gmt":"2022-01-12T12:55:46","slug":"dorfladen-stammtisch","status":"publish","type":"page","link":"https:\/\/bvbdl.de\/index.php\/dorfladen-stammtisch\/","title":{"rendered":"Dorfladen Stammtisch"},"content":{"rendered":"\n<p><strong>Neu in 2022:<\/strong><\/p>\n\n\n\n<p class=\"has-large-font-size\">Der online Dorfladen Stammtisch<\/p>\n\n\n\n<p>Von Praktikern &#8211; f\u00fcr Praktiker<\/p>\n\n\n\n<p>Beim online Dorfladen Stammtisch geht es in erster Linie um einen Erfahrungsaustausch der Dorfl\u00e4den untereinander.<\/p>\n\n\n\n<p>Zu jedem Termin gibt es ein Thema das kurz vorgstellt wird, um dan gemeinsam in &#8220;lockerer Runde&#8221; Erfahrungen auszutauschen.<\/p>\n\n\n\n<p>Die Themen und Uhrzeiten zu den Stammtischen finden in unser <a href=\"https:\/\/bvbdl.de\/index.php\/event\/\">Termin\u00fcbersicht.<\/a><\/p>\n\n\n\n<p>Haben Sie einen besonderen Themenwunsch? Dann sprechen Sie uns an oder lassen uns <a href=\"https:\/\/bvbdl.de\/index.php\/kontakt\/\">hier <\/a>eine Nachricht zukommen.<\/p>\n\n\n\n<p class=\"has-accent-color has-text-color has-medium-font-size\"><strong>Selbstverst\u00e4ndlich ist die Teilnahme am Online Stammtisch f\u00fcr unsere Mitglieder kostenlos<\/strong>.<\/p>\n\n\n\n<p>Den Link mit den Zugangsdaten erhalten unsere Mitglieder vorab per Newsletter.<\/p>\n\n\n\n<p>Sie sind noch kein Mitglied? <a href=\"https:\/\/bvbdl.de\/index.php\/jetzt-mitglied-werden\/\">Hier <\/a>Mitglied werden.<\/p>\n","protected":false},"excerpt":{"rendered":"<p>Neu in 2022: Der online Dorfladen Stammtisch Von Praktikern &#8211; f\u00fcr Praktiker Beim online Dorfladen Stammtisch geht es in erster Linie um einen Erfahrungsaustausch der Dorfl\u00e4den untereinander. Zu jedem Termin gibt es ein Thema das kurz vorgstellt wird, um dan gemeinsam in &#8220;lockerer Runde&#8221; Erfahrungen auszutauschen. Die Themen und Uhrzeiten [&hellip;]<\/p>\n","protected":false},"author":6,"featured_media":5797,"parent":0,"menu_order":0,"comment_status":"closed","ping_status":"closed","template":"","meta":{"_eb_attr":"","_themeisle_gutenberg_block_has_review":false,"footnotes":""},"class_list":["post-5794","page","type-page","status-publish","has-post-thumbnail","hentry"],"yoast_head":"<!-- This site is optimized with the Yoast SEO plugin v26.0 - https:\/\/yoast.com\/wordpress\/plugins\/seo\/ -->\n<title>Dorfladen Stammtisch - Bundesverband der B\u00fcrger- und Dorfl\u00e4den e.V. - Das Dorfladen Netzwerk<\/title>\n<meta name=\"description\" content=\"Beim online Dorfladen Stammtisch geht es in erster Linie um einen Erfahrungsaustausch der Dorfl\u00e4den bzw. B\u00fcrgerl\u00e4den untereinander.\" \/>\n<meta name=\"robots\" content=\"index, follow, max-snippet:-1, max-image-preview:large, max-video-preview:-1\" \/>\n<link rel=\"canonical\" href=\"https:\/\/bvbdl.de\/index.php\/dorfladen-stammtisch\/\" \/>\n<meta property=\"og:locale\" content=\"de_DE\" \/>\n<meta property=\"og:type\" content=\"article\" \/>\n<meta property=\"og:title\" content=\"Dorfladen Stammtisch - Bundesverband der B\u00fcrger- und Dorfl\u00e4den e.V. - Das Dorfladen Netzwerk\" \/>\n<meta property=\"og:description\" content=\"Beim online Dorfladen Stammtisch geht es in erster Linie um einen Erfahrungsaustausch der Dorfl\u00e4den bzw. B\u00fcrgerl\u00e4den untereinander.\" \/>\n<meta property=\"og:url\" content=\"https:\/\/bvbdl.de\/index.php\/dorfladen-stammtisch\/\" \/>\n<meta property=\"og:site_name\" content=\"Bundesverband der B\u00fcrger- und Dorfl\u00e4den e.V. - Das Dorfladen Netzwerk\" \/>\n<meta property=\"article:publisher\" content=\"https:\/\/www.facebook.com\/Dorfladen.Familie\" \/>\n<meta property=\"article:modified_time\" content=\"2022-01-12T12:55:46+00:00\" \/>\n<meta property=\"og:image\" content=\"https:\/\/bvbdl.de\/wp-content\/uploads\/2022\/01\/Stammtisch_1.jpg\" \/>\n\t<meta property=\"og:image:width\" content=\"2560\" \/>\n\t<meta property=\"og:image:height\" content=\"1441\" \/>\n\t<meta property=\"og:image:type\" content=\"image\/jpeg\" \/>\n<meta name=\"twitter:card\" content=\"summary_large_image\" \/>\n<meta name=\"twitter:label1\" content=\"Gesch\u00e4tzte Lesezeit\" \/>\n\t<meta name=\"twitter:data1\" content=\"1\u00a0Minute\" \/>\n<script type=\"application\/ld+json\" class=\"yoast-schema-graph\">{\"@context\":\"https:\/\/schema.org\",\"@graph\":[{\"@type\":\"WebPage\",\"@id\":\"https:\/\/bvbdl.de\/index.php\/dorfladen-stammtisch\/\",\"url\":\"https:\/\/bvbdl.de\/index.php\/dorfladen-stammtisch\/\",\"name\":\"Dorfladen Stammtisch - Bundesverband der B\u00fcrger- und Dorfl\u00e4den e.V. - Das Dorfladen Netzwerk\",\"isPartOf\":{\"@id\":\"https:\/\/bvbdl.de\/#website\"},\"primaryImageOfPage\":{\"@id\":\"https:\/\/bvbdl.de\/index.php\/dorfladen-stammtisch\/#primaryimage\"},\"image\":{\"@id\":\"https:\/\/bvbdl.de\/index.php\/dorfladen-stammtisch\/#primaryimage\"},\"thumbnailUrl\":\"https:\/\/bvbdl.de\/wp-content\/uploads\/2022\/01\/Stammtisch_1.jpg\",\"datePublished\":\"2022-01-12T12:22:58+00:00\",\"dateModified\":\"2022-01-12T12:55:46+00:00\",\"description\":\"Beim online Dorfladen Stammtisch geht es in erster Linie um einen Erfahrungsaustausch der Dorfl\u00e4den bzw. B\u00fcrgerl\u00e4den untereinander.\",\"breadcrumb\":{\"@id\":\"https:\/\/bvbdl.de\/index.php\/dorfladen-stammtisch\/#breadcrumb\"},\"inLanguage\":\"de\",\"potentialAction\":[{\"@type\":\"ReadAction\",\"target\":[\"https:\/\/bvbdl.de\/index.php\/dorfladen-stammtisch\/\"]}]},{\"@type\":\"ImageObject\",\"inLanguage\":\"de\",\"@id\":\"https:\/\/bvbdl.de\/index.php\/dorfladen-stammtisch\/#primaryimage\",\"url\":\"https:\/\/bvbdl.de\/wp-content\/uploads\/2022\/01\/Stammtisch_1.jpg\",\"contentUrl\":\"https:\/\/bvbdl.de\/wp-content\/uploads\/2022\/01\/Stammtisch_1.jpg\",\"width\":2560,\"height\":1441,\"caption\":\"Bundesverband der B\u00fcrger und Dorfl\u00e4den e.V. Stammtisch\"},{\"@type\":\"BreadcrumbList\",\"@id\":\"https:\/\/bvbdl.de\/index.php\/dorfladen-stammtisch\/#breadcrumb\",\"itemListElement\":[{\"@type\":\"ListItem\",\"position\":1,\"name\":\"Home\",\"item\":\"https:\/\/bvbdl.de\/\"},{\"@type\":\"ListItem\",\"position\":2,\"name\":\"Dorfladen Stammtisch\"}]},{\"@type\":\"WebSite\",\"@id\":\"https:\/\/bvbdl.de\/#website\",\"url\":\"https:\/\/bvbdl.de\/\",\"name\":\"Bundesverband der B\u00fcrger- und Dorfl\u00e4den e.V. - Das Dorfladen Netzwerk\",\"description\":\"bvbdl.de\",\"publisher\":{\"@id\":\"https:\/\/bvbdl.de\/#organization\"},\"potentialAction\":[{\"@type\":\"SearchAction\",\"target\":{\"@type\":\"EntryPoint\",\"urlTemplate\":\"https:\/\/bvbdl.de\/?s={search_term_string}\"},\"query-input\":{\"@type\":\"PropertyValueSpecification\",\"valueRequired\":true,\"valueName\":\"search_term_string\"}}],\"inLanguage\":\"de\"},{\"@type\":\"Organization\",\"@id\":\"https:\/\/bvbdl.de\/#organization\",\"name\":\"Bundesverband der B\u00fcrger- und Dorfl\u00e4den in Deutschland e.V.\",\"url\":\"https:\/\/bvbdl.de\/\",\"logo\":{\"@type\":\"ImageObject\",\"inLanguage\":\"de\",\"@id\":\"https:\/\/bvbdl.de\/#\/schema\/logo\/image\/\",\"url\":\"https:\/\/bvbdl.de\/wp-content\/uploads\/2025\/02\/Logo_Bundesverband_with_border.png\",\"contentUrl\":\"https:\/\/bvbdl.de\/wp-content\/uploads\/2025\/02\/Logo_Bundesverband_with_border.png\",\"width\":302,\"height\":278,\"caption\":\"Bundesverband der B\u00fcrger- und Dorfl\u00e4den in Deutschland e.V.\"},\"image\":{\"@id\":\"https:\/\/bvbdl.de\/#\/schema\/logo\/image\/\"},\"sameAs\":[\"https:\/\/www.facebook.com\/Dorfladen.Familie\",\"https:\/\/www.instagram.com\/dorfladennetzwerk\/\",\"https:\/\/www.youtube.com\/channel\/UCiIcZBpITXauy6ydrZiZIew\"]}]}<\/script>\n<!-- \/ Yoast SEO plugin. -->","yoast_head_json":{"title":"Dorfladen Stammtisch - Bundesverband der B\u00fcrger- und Dorfl\u00e4den e.V. - Das Dorfladen Netzwerk","description":"Beim online Dorfladen Stammtisch geht es in erster Linie um einen Erfahrungsaustausch der Dorfl\u00e4den bzw. B\u00fcrgerl\u00e4den untereinander.","robots":{"index":"index","follow":"follow","max-snippet":"max-snippet:-1","max-image-preview":"max-image-preview:large","max-video-preview":"max-video-preview:-1"},"canonical":"https:\/\/bvbdl.de\/index.php\/dorfladen-stammtisch\/","og_locale":"de_DE","og_type":"article","og_title":"Dorfladen Stammtisch - Bundesverband der B\u00fcrger- und Dorfl\u00e4den e.V. - Das Dorfladen Netzwerk","og_description":"Beim online Dorfladen Stammtisch geht es in erster Linie um einen Erfahrungsaustausch der Dorfl\u00e4den bzw. B\u00fcrgerl\u00e4den untereinander.","og_url":"https:\/\/bvbdl.de\/index.php\/dorfladen-stammtisch\/","og_site_name":"Bundesverband der B\u00fcrger- und Dorfl\u00e4den e.V. - Das Dorfladen Netzwerk","article_publisher":"https:\/\/www.facebook.com\/Dorfladen.Familie","article_modified_time":"2022-01-12T12:55:46+00:00","og_image":[{"width":2560,"height":1441,"url":"https:\/\/bvbdl.de\/wp-content\/uploads\/2022\/01\/Stammtisch_1.jpg","type":"image\/jpeg"}],"twitter_card":"summary_large_image","twitter_misc":{"Gesch\u00e4tzte Lesezeit":"1\u00a0Minute"},"schema":{"@context":"https:\/\/schema.org","@graph":[{"@type":"WebPage","@id":"https:\/\/bvbdl.de\/index.php\/dorfladen-stammtisch\/","url":"https:\/\/bvbdl.de\/index.php\/dorfladen-stammtisch\/","name":"Dorfladen Stammtisch - Bundesverband der B\u00fcrger- und Dorfl\u00e4den e.V. - Das Dorfladen Netzwerk","isPartOf":{"@id":"https:\/\/bvbdl.de\/#website"},"primaryImageOfPage":{"@id":"https:\/\/bvbdl.de\/index.php\/dorfladen-stammtisch\/#primaryimage"},"image":{"@id":"https:\/\/bvbdl.de\/index.php\/dorfladen-stammtisch\/#primaryimage"},"thumbnailUrl":"https:\/\/bvbdl.de\/wp-content\/uploads\/2022\/01\/Stammtisch_1.jpg","datePublished":"2022-01-12T12:22:58+00:00","dateModified":"2022-01-12T12:55:46+00:00","description":"Beim online Dorfladen Stammtisch geht es in erster Linie um einen Erfahrungsaustausch der Dorfl\u00e4den bzw. B\u00fcrgerl\u00e4den untereinander.","breadcrumb":{"@id":"https:\/\/bvbdl.de\/index.php\/dorfladen-stammtisch\/#breadcrumb"},"inLanguage":"de","potentialAction":[{"@type":"ReadAction","target":["https:\/\/bvbdl.de\/index.php\/dorfladen-stammtisch\/"]}]},{"@type":"ImageObject","inLanguage":"de","@id":"https:\/\/bvbdl.de\/index.php\/dorfladen-stammtisch\/#primaryimage","url":"https:\/\/bvbdl.de\/wp-content\/uploads\/2022\/01\/Stammtisch_1.jpg","contentUrl":"https:\/\/bvbdl.de\/wp-content\/uploads\/2022\/01\/Stammtisch_1.jpg","width":2560,"height":1441,"caption":"Bundesverband der B\u00fcrger und Dorfl\u00e4den e.V. Stammtisch"},{"@type":"BreadcrumbList","@id":"https:\/\/bvbdl.de\/index.php\/dorfladen-stammtisch\/#breadcrumb","itemListElement":[{"@type":"ListItem","position":1,"name":"Home","item":"https:\/\/bvbdl.de\/"},{"@type":"ListItem","position":2,"name":"Dorfladen Stammtisch"}]},{"@type":"WebSite","@id":"https:\/\/bvbdl.de\/#website","url":"https:\/\/bvbdl.de\/","name":"Bundesverband der B\u00fcrger- und Dorfl\u00e4den e.V. - Das Dorfladen Netzwerk","description":"bvbdl.de","publisher":{"@id":"https:\/\/bvbdl.de\/#organization"},"potentialAction":[{"@type":"SearchAction","target":{"@type":"EntryPoint","urlTemplate":"https:\/\/bvbdl.de\/?s={search_term_string}"},"query-input":{"@type":"PropertyValueSpecification","valueRequired":true,"valueName":"search_term_string"}}],"inLanguage":"de"},{"@type":"Organization","@id":"https:\/\/bvbdl.de\/#organization","name":"Bundesverband der B\u00fcrger- und Dorfl\u00e4den in Deutschland e.V.","url":"https:\/\/bvbdl.de\/","logo":{"@type":"ImageObject","inLanguage":"de","@id":"https:\/\/bvbdl.de\/#\/schema\/logo\/image\/","url":"https:\/\/bvbdl.de\/wp-content\/uploads\/2025\/02\/Logo_Bundesverband_with_border.png","contentUrl":"https:\/\/bvbdl.de\/wp-content\/uploads\/2025\/02\/Logo_Bundesverband_with_border.png","width":302,"height":278,"caption":"Bundesverband der B\u00fcrger- und Dorfl\u00e4den in Deutschland e.V."},"image":{"@id":"https:\/\/bvbdl.de\/#\/schema\/logo\/image\/"},"sameAs":["https:\/\/www.facebook.com\/Dorfladen.Familie","https:\/\/www.instagram.com\/dorfladennetzwerk\/","https:\/\/www.youtube.com\/channel\/UCiIcZBpITXauy6ydrZiZIew"]}]}},"_links":{"self":[{"href":"https:\/\/bvbdl.de\/index.php\/wp-json\/wp\/v2\/pages\/5794","targetHints":{"allow":["GET"]}}],"collection":[{"href":"https:\/\/bvbdl.de\/index.php\/wp-json\/wp\/v2\/pages"}],"about":[{"href":"https:\/\/bvbdl.de\/index.php\/wp-json\/wp\/v2\/types\/page"}],"author":[{"embeddable":true,"href":"https:\/\/bvbdl.de\/index.php\/wp-json\/wp\/v2\/users\/6"}],"replies":[{"embeddable":true,"href":"https:\/\/bvbdl.de\/index.php\/wp-json\/wp\/v2\/comments?post=5794"}],"version-history":[{"count":3,"href":"https:\/\/bvbdl.de\/index.php\/wp-json\/wp\/v2\/pages\/5794\/revisions"}],"predecessor-version":[{"id":5803,"href":"https:\/\/bvbdl.de\/index.php\/wp-json\/wp\/v2\/pages\/5794\/revisions\/5803"}],"wp:featuredmedia":[{"embeddable":true,"href":"https:\/\/bvbdl.de\/index.php\/wp-json\/wp\/v2\/media\/5797"}],"wp:attachment":[{"href":"https:\/\/bvbdl.de\/index.php\/wp-json\/wp\/v2\/media?parent=5794"}],"curies":[{"name":"wp","href":"https:\/\/api.w.org\/{rel}","templated":true}]}}