{"id":5747,"date":"2022-01-11T07:40:46","date_gmt":"2022-01-11T07:40:46","guid":{"rendered":"https:\/\/dorfladen-netzwerk.com\/?page_id=5747"},"modified":"2022-06-08T07:02:10","modified_gmt":"2022-06-08T07:02:10","slug":"begleitung-im-laufenden-betrieb","status":"publish","type":"page","link":"https:\/\/bvbdl.de\/index.php\/begleitung-im-laufenden-betrieb\/","title":{"rendered":"Begleitung im laufenden Betrieb"},"content":{"rendered":"\n<p class=\"has-accent-color has-text-color has-normal-font-size\">Unser Team ist deutschlandweit unterwegs.<\/p>\n\n\n\n<p class=\"has-text-align-center has-accent-color has-text-color has-medium-font-size\"><strong>Nachfolgende Leistungen sind f\u00fcr Mitglieder der <strong>Dienstleistungsgesellschaft f\u00fcr die Nahversorgung UG (haftungsbeschr\u00e4nkt)<\/strong><\/strong> <strong>kostenlos<\/strong>:<\/p>\n\n\n\n<hr style=\"border-top: 5px solid #76B51E;\">\n\n\n\n<p class=\"has-medium-font-size\"><strong>Wir unterst\u00fctzen Sie im laufenden Betrieb vor Ort:<\/strong><\/p>\n\n\n\n<ul class=\"wp-block-list\"><li>Sortimentsoptimierungen<\/li><li>Kalkulationen<\/li><li>Schulungen<\/li><li>Thekengestaltung und Thekentraining<\/li><li>Task-Force-Gruppe bei besonderen Herausforderungen<\/li><li>Betriebsvergleich<\/li><li>Erfahrungsaustausch (2-t\u00e4gige Veranstaltungen)<\/li><li>Hot-Line in allen betriebswirtschaftlichen Fragen<\/li><li>Ladenplanung und Ladengestaltung<\/li><li>Begleitung im Bewerbungsverfahren f\u00fcr das Projekt <a href=\"https:\/\/bvbdl.de\/index.php\/5-sterne-projekt\/\">&#8220;5 Sterne Dorfladen&#8221;<\/a><\/li><li>Auszeichnung der besten Dorfl\u00e4den auf der Gr\u00fcnen Woche in Berlin<\/li><li>Online Seminare im Frischebreich<\/li><li>Dorfladen Stammtisch (Online)<\/li><li>Aufnahme in den Newsletter mit wichtigen Themen f\u00fcr Dorfl\u00e4den<\/li><\/ul>\n\n\n\n<figure class=\"wp-block-image size-large is-style-rounded\"><img loading=\"lazy\" decoding=\"async\" width=\"542\" height=\"417\" src=\"https:\/\/bvbdl.de\/wp-content\/uploads\/2022\/01\/Grafik_3.png\" alt=\"\" class=\"wp-image-5775\" srcset=\"https:\/\/bvbdl.de\/wp-content\/uploads\/2022\/01\/Grafik_3.png 542w, https:\/\/bvbdl.de\/wp-content\/uploads\/2022\/01\/Grafik_3-300x231.png 300w\" sizes=\"auto, (max-width: 542px) 100vw, 542px\" \/><\/figure>\n\n\n\n<hr style=\"border-top: 5px solid #76B51E;\">\n\n\n\n<p class=\"has-medium-font-size\"><strong>Unsere Partner &#8211; Ihre Vorteile:<\/strong><\/p>\n\n\n\n<ul class=\"wp-block-list\"><li>Zahlreiche und nahmhafte Gro\u00dfh\u00e4ndler<\/li><li>Ladenbauer, technische Ger\u00e4te<\/li><li>Namhafte Softwareh\u00e4user<\/li><li>Versicherungsagentur<\/li><li>Schulde f\u00fcr Dorf und Landentwicklung Thierhaupten<\/li><li>Waagen Dienstleister<\/li><li>Zahlreiche K\u00fchltechnikhersteller<\/li><li>Exclusive Aktionsangebote ausgew\u00e4hlter Lieferanten zur Umsatzsteigerung in unserer <a href=\"https:\/\/bvbdl.de\/index.php\/ideenboerse\/\">Ideenb\u00f6rse<\/a><\/li><\/ul>\n\n\n\n<figure class=\"wp-block-image size-large is-style-rounded\"><img loading=\"lazy\" decoding=\"async\" width=\"542\" height=\"417\" src=\"https:\/\/bvbdl.de\/wp-content\/uploads\/2022\/01\/Grafik_2.png\" alt=\"\" class=\"wp-image-5774\" srcset=\"https:\/\/bvbdl.de\/wp-content\/uploads\/2022\/01\/Grafik_2.png 542w, https:\/\/bvbdl.de\/wp-content\/uploads\/2022\/01\/Grafik_2-300x231.png 300w\" sizes=\"auto, (max-width: 542px) 100vw, 542px\" \/><\/figure>\n\n\n\n<hr style=\"border-top: 5px solid #76B51E;\">\n\n\n\n<p class=\"has-medium-font-size\"><strong>Bundesverband der B\u00fcrger- und Dorfl\u00e4den e.V.<\/strong><\/p>\n\n\n\n<ul class=\"wp-block-list\"><li>Interessensvertretungen gegen\u00fcber Politik (auf Bundes-, Landes und Kommunalebene)<\/li><li>Vernetzungsstelle mit den wichtigsten Interessensvertretungen wie IHK\u00b4 n, HWK\u00b4 n und Handelsverb\u00e4nden etc.<\/li><li>Imagearbeit in der \u00d6ffentlichkeit: Auszeichnung erfolgreicher B\u00fcrger- und Dorfl\u00e4den<\/li><li>Innovationswerkstatt f\u00fcr die st\u00e4ndige Weiterentwicklung der B\u00fcrger- und Dorfl\u00e4den (z.B. Dorfladen App, 24\/7 Dorfladen usw)<\/li><\/ul>\n\n\n\n<figure class=\"wp-block-image size-large is-style-rounded\"><img loading=\"lazy\" decoding=\"async\" width=\"542\" height=\"417\" src=\"https:\/\/bvbdl.de\/wp-content\/uploads\/2022\/01\/Grafik_1-2.png\" alt=\"\" class=\"wp-image-5773\" srcset=\"https:\/\/bvbdl.de\/wp-content\/uploads\/2022\/01\/Grafik_1-2.png 542w, https:\/\/bvbdl.de\/wp-content\/uploads\/2022\/01\/Grafik_1-2-300x231.png 300w\" sizes=\"auto, (max-width: 542px) 100vw, 542px\" \/><\/figure>\n\n\n\n<hr style=\"border-top: 5px solid #76B51E;\">\n\n\n\n<div class=\"wp-block-buttons is-layout-flex wp-block-buttons-is-layout-flex\">\n<div class=\"wp-block-button\"><a class=\"wp-block-button__link\" href=\"https:\/\/bvbdl.de\/index.php\/jetzt-mitglied-werden\/\">Jetzt Mitglied werden<\/a><\/div>\n<\/div>\n\n\n\n<hr style=\"border-top: 5px solid #76B51E;\">\n\n\n\n<p>Begleitet wird dieses Netzwerk von 6 Beratern, die sich auch in diesem Netzwerk vereint haben. Dabei ist h\u00f6chster Praxisbezug mit ausschlaggebend. Deshalb werden nur Berater mit einschl\u00e4giger Berufserfahrung im Lebensmitteleinzelhandel in diesem Netzwerk zugelassen. Lernen Sie uns <a href=\"https:\/\/bvbdl.de\/index.php\/das-beraterteam\/\">hier <\/a>kennen.<\/p>\n\n\n\n<p><\/p>\n","protected":false},"excerpt":{"rendered":"<p>Unser Team ist deutschlandweit unterwegs. Nachfolgende Leistungen sind f\u00fcr Mitglieder der Dienstleistungsgesellschaft f\u00fcr die Nahversorgung UG (haftungsbeschr\u00e4nkt) kostenlos: Wir unterst\u00fctzen Sie im laufenden Betrieb vor Ort: Sortimentsoptimierungen Kalkulationen Schulungen Thekengestaltung und Thekentraining Task-Force-Gruppe bei besonderen Herausforderungen Betriebsvergleich Erfahrungsaustausch (2-t\u00e4gige Veranstaltungen) Hot-Line in allen betriebswirtschaftlichen Fragen Ladenplanung und Ladengestaltung Begleitung im [&hellip;]<\/p>\n","protected":false},"author":6,"featured_media":4665,"parent":0,"menu_order":0,"comment_status":"closed","ping_status":"closed","template":"page-templates\/template-fullwidth.php","meta":{"_eb_attr":"","_themeisle_gutenberg_block_has_review":false,"footnotes":""},"class_list":["post-5747","page","type-page","status-publish","has-post-thumbnail","hentry"],"yoast_head":"<!-- This site is optimized with the Yoast SEO plugin v26.0 - https:\/\/yoast.com\/wordpress\/plugins\/seo\/ -->\n<title>Begleitung im laufenden Betrieb - Bundesverband der B\u00fcrger- und Dorfl\u00e4den e.V. - Das Dorfladen Netzwerk<\/title>\n<meta name=\"description\" content=\"Wir unterst\u00fctzen Sie im laufenden Betrieb vor Ort. Pers\u00f6nliche Hilfe und Optimierung. Diese Leistungen sind f\u00fcr Mitglieder kostenlos!\" \/>\n<meta name=\"robots\" content=\"index, follow, max-snippet:-1, max-image-preview:large, max-video-preview:-1\" \/>\n<link rel=\"canonical\" href=\"https:\/\/bvbdl.de\/index.php\/begleitung-im-laufenden-betrieb\/\" \/>\n<meta property=\"og:locale\" content=\"de_DE\" \/>\n<meta property=\"og:type\" content=\"article\" \/>\n<meta property=\"og:title\" content=\"Begleitung im laufenden Betrieb - Bundesverband der B\u00fcrger- und Dorfl\u00e4den e.V. - Das Dorfladen Netzwerk\" \/>\n<meta property=\"og:description\" content=\"Wir unterst\u00fctzen Sie im laufenden Betrieb vor Ort. Pers\u00f6nliche Hilfe und Optimierung. Diese Leistungen sind f\u00fcr Mitglieder kostenlos!\" \/>\n<meta property=\"og:url\" content=\"https:\/\/bvbdl.de\/index.php\/begleitung-im-laufenden-betrieb\/\" \/>\n<meta property=\"og:site_name\" content=\"Bundesverband der B\u00fcrger- und Dorfl\u00e4den e.V. - Das Dorfladen Netzwerk\" \/>\n<meta property=\"article:publisher\" content=\"https:\/\/www.facebook.com\/Dorfladen.Familie\" \/>\n<meta property=\"article:modified_time\" content=\"2022-06-08T07:02:10+00:00\" \/>\n<meta property=\"og:image\" content=\"https:\/\/bvbdl.de\/wp-content\/uploads\/2021\/08\/3-scaled.jpg\" \/>\n\t<meta property=\"og:image:width\" content=\"2560\" \/>\n\t<meta property=\"og:image:height\" content=\"1440\" \/>\n\t<meta property=\"og:image:type\" content=\"image\/jpeg\" \/>\n<meta name=\"twitter:card\" content=\"summary_large_image\" \/>\n<meta name=\"twitter:label1\" content=\"Gesch\u00e4tzte Lesezeit\" \/>\n\t<meta name=\"twitter:data1\" content=\"2\u00a0Minuten\" \/>\n<script type=\"application\/ld+json\" class=\"yoast-schema-graph\">{\"@context\":\"https:\/\/schema.org\",\"@graph\":[{\"@type\":\"WebPage\",\"@id\":\"https:\/\/bvbdl.de\/index.php\/begleitung-im-laufenden-betrieb\/\",\"url\":\"https:\/\/bvbdl.de\/index.php\/begleitung-im-laufenden-betrieb\/\",\"name\":\"Begleitung im laufenden Betrieb - Bundesverband der B\u00fcrger- und Dorfl\u00e4den e.V. - Das Dorfladen Netzwerk\",\"isPartOf\":{\"@id\":\"https:\/\/bvbdl.de\/#website\"},\"primaryImageOfPage\":{\"@id\":\"https:\/\/bvbdl.de\/index.php\/begleitung-im-laufenden-betrieb\/#primaryimage\"},\"image\":{\"@id\":\"https:\/\/bvbdl.de\/index.php\/begleitung-im-laufenden-betrieb\/#primaryimage\"},\"thumbnailUrl\":\"https:\/\/bvbdl.de\/wp-content\/uploads\/2021\/08\/3-scaled.jpg\",\"datePublished\":\"2022-01-11T07:40:46+00:00\",\"dateModified\":\"2022-06-08T07:02:10+00:00\",\"description\":\"Wir unterst\u00fctzen Sie im laufenden Betrieb vor Ort. Pers\u00f6nliche Hilfe und Optimierung. Diese Leistungen sind f\u00fcr Mitglieder kostenlos!\",\"breadcrumb\":{\"@id\":\"https:\/\/bvbdl.de\/index.php\/begleitung-im-laufenden-betrieb\/#breadcrumb\"},\"inLanguage\":\"de\",\"potentialAction\":[{\"@type\":\"ReadAction\",\"target\":[\"https:\/\/bvbdl.de\/index.php\/begleitung-im-laufenden-betrieb\/\"]}]},{\"@type\":\"ImageObject\",\"inLanguage\":\"de\",\"@id\":\"https:\/\/bvbdl.de\/index.php\/begleitung-im-laufenden-betrieb\/#primaryimage\",\"url\":\"https:\/\/bvbdl.de\/wp-content\/uploads\/2021\/08\/3-scaled.jpg\",\"contentUrl\":\"https:\/\/bvbdl.de\/wp-content\/uploads\/2021\/08\/3-scaled.jpg\",\"width\":2560,\"height\":1440},{\"@type\":\"BreadcrumbList\",\"@id\":\"https:\/\/bvbdl.de\/index.php\/begleitung-im-laufenden-betrieb\/#breadcrumb\",\"itemListElement\":[{\"@type\":\"ListItem\",\"position\":1,\"name\":\"Home\",\"item\":\"https:\/\/bvbdl.de\/\"},{\"@type\":\"ListItem\",\"position\":2,\"name\":\"Begleitung im laufenden Betrieb\"}]},{\"@type\":\"WebSite\",\"@id\":\"https:\/\/bvbdl.de\/#website\",\"url\":\"https:\/\/bvbdl.de\/\",\"name\":\"Bundesverband der B\u00fcrger- und Dorfl\u00e4den e.V. - Das Dorfladen Netzwerk\",\"description\":\"bvbdl.de\",\"publisher\":{\"@id\":\"https:\/\/bvbdl.de\/#organization\"},\"potentialAction\":[{\"@type\":\"SearchAction\",\"target\":{\"@type\":\"EntryPoint\",\"urlTemplate\":\"https:\/\/bvbdl.de\/?s={search_term_string}\"},\"query-input\":{\"@type\":\"PropertyValueSpecification\",\"valueRequired\":true,\"valueName\":\"search_term_string\"}}],\"inLanguage\":\"de\"},{\"@type\":\"Organization\",\"@id\":\"https:\/\/bvbdl.de\/#organization\",\"name\":\"Bundesverband der B\u00fcrger- und Dorfl\u00e4den in Deutschland e.V.\",\"url\":\"https:\/\/bvbdl.de\/\",\"logo\":{\"@type\":\"ImageObject\",\"inLanguage\":\"de\",\"@id\":\"https:\/\/bvbdl.de\/#\/schema\/logo\/image\/\",\"url\":\"https:\/\/bvbdl.de\/wp-content\/uploads\/2025\/02\/Logo_Bundesverband_with_border.png\",\"contentUrl\":\"https:\/\/bvbdl.de\/wp-content\/uploads\/2025\/02\/Logo_Bundesverband_with_border.png\",\"width\":302,\"height\":278,\"caption\":\"Bundesverband der B\u00fcrger- und Dorfl\u00e4den in Deutschland e.V.\"},\"image\":{\"@id\":\"https:\/\/bvbdl.de\/#\/schema\/logo\/image\/\"},\"sameAs\":[\"https:\/\/www.facebook.com\/Dorfladen.Familie\",\"https:\/\/www.instagram.com\/dorfladennetzwerk\/\",\"https:\/\/www.youtube.com\/channel\/UCiIcZBpITXauy6ydrZiZIew\"]}]}<\/script>\n<!-- \/ Yoast SEO plugin. -->","yoast_head_json":{"title":"Begleitung im laufenden Betrieb - Bundesverband der B\u00fcrger- und Dorfl\u00e4den e.V. - Das Dorfladen Netzwerk","description":"Wir unterst\u00fctzen Sie im laufenden Betrieb vor Ort. Pers\u00f6nliche Hilfe und Optimierung. Diese Leistungen sind f\u00fcr Mitglieder kostenlos!","robots":{"index":"index","follow":"follow","max-snippet":"max-snippet:-1","max-image-preview":"max-image-preview:large","max-video-preview":"max-video-preview:-1"},"canonical":"https:\/\/bvbdl.de\/index.php\/begleitung-im-laufenden-betrieb\/","og_locale":"de_DE","og_type":"article","og_title":"Begleitung im laufenden Betrieb - Bundesverband der B\u00fcrger- und Dorfl\u00e4den e.V. - Das Dorfladen Netzwerk","og_description":"Wir unterst\u00fctzen Sie im laufenden Betrieb vor Ort. Pers\u00f6nliche Hilfe und Optimierung. Diese Leistungen sind f\u00fcr Mitglieder kostenlos!","og_url":"https:\/\/bvbdl.de\/index.php\/begleitung-im-laufenden-betrieb\/","og_site_name":"Bundesverband der B\u00fcrger- und Dorfl\u00e4den e.V. - Das Dorfladen Netzwerk","article_publisher":"https:\/\/www.facebook.com\/Dorfladen.Familie","article_modified_time":"2022-06-08T07:02:10+00:00","og_image":[{"width":2560,"height":1440,"url":"https:\/\/bvbdl.de\/wp-content\/uploads\/2021\/08\/3-scaled.jpg","type":"image\/jpeg"}],"twitter_card":"summary_large_image","twitter_misc":{"Gesch\u00e4tzte Lesezeit":"2\u00a0Minuten"},"schema":{"@context":"https:\/\/schema.org","@graph":[{"@type":"WebPage","@id":"https:\/\/bvbdl.de\/index.php\/begleitung-im-laufenden-betrieb\/","url":"https:\/\/bvbdl.de\/index.php\/begleitung-im-laufenden-betrieb\/","name":"Begleitung im laufenden Betrieb - Bundesverband der B\u00fcrger- und Dorfl\u00e4den e.V. - Das Dorfladen Netzwerk","isPartOf":{"@id":"https:\/\/bvbdl.de\/#website"},"primaryImageOfPage":{"@id":"https:\/\/bvbdl.de\/index.php\/begleitung-im-laufenden-betrieb\/#primaryimage"},"image":{"@id":"https:\/\/bvbdl.de\/index.php\/begleitung-im-laufenden-betrieb\/#primaryimage"},"thumbnailUrl":"https:\/\/bvbdl.de\/wp-content\/uploads\/2021\/08\/3-scaled.jpg","datePublished":"2022-01-11T07:40:46+00:00","dateModified":"2022-06-08T07:02:10+00:00","description":"Wir unterst\u00fctzen Sie im laufenden Betrieb vor Ort. Pers\u00f6nliche Hilfe und Optimierung. Diese Leistungen sind f\u00fcr Mitglieder kostenlos!","breadcrumb":{"@id":"https:\/\/bvbdl.de\/index.php\/begleitung-im-laufenden-betrieb\/#breadcrumb"},"inLanguage":"de","potentialAction":[{"@type":"ReadAction","target":["https:\/\/bvbdl.de\/index.php\/begleitung-im-laufenden-betrieb\/"]}]},{"@type":"ImageObject","inLanguage":"de","@id":"https:\/\/bvbdl.de\/index.php\/begleitung-im-laufenden-betrieb\/#primaryimage","url":"https:\/\/bvbdl.de\/wp-content\/uploads\/2021\/08\/3-scaled.jpg","contentUrl":"https:\/\/bvbdl.de\/wp-content\/uploads\/2021\/08\/3-scaled.jpg","width":2560,"height":1440},{"@type":"BreadcrumbList","@id":"https:\/\/bvbdl.de\/index.php\/begleitung-im-laufenden-betrieb\/#breadcrumb","itemListElement":[{"@type":"ListItem","position":1,"name":"Home","item":"https:\/\/bvbdl.de\/"},{"@type":"ListItem","position":2,"name":"Begleitung im laufenden Betrieb"}]},{"@type":"WebSite","@id":"https:\/\/bvbdl.de\/#website","url":"https:\/\/bvbdl.de\/","name":"Bundesverband der B\u00fcrger- und Dorfl\u00e4den e.V. - Das Dorfladen Netzwerk","description":"bvbdl.de","publisher":{"@id":"https:\/\/bvbdl.de\/#organization"},"potentialAction":[{"@type":"SearchAction","target":{"@type":"EntryPoint","urlTemplate":"https:\/\/bvbdl.de\/?s={search_term_string}"},"query-input":{"@type":"PropertyValueSpecification","valueRequired":true,"valueName":"search_term_string"}}],"inLanguage":"de"},{"@type":"Organization","@id":"https:\/\/bvbdl.de\/#organization","name":"Bundesverband der B\u00fcrger- und Dorfl\u00e4den in Deutschland e.V.","url":"https:\/\/bvbdl.de\/","logo":{"@type":"ImageObject","inLanguage":"de","@id":"https:\/\/bvbdl.de\/#\/schema\/logo\/image\/","url":"https:\/\/bvbdl.de\/wp-content\/uploads\/2025\/02\/Logo_Bundesverband_with_border.png","contentUrl":"https:\/\/bvbdl.de\/wp-content\/uploads\/2025\/02\/Logo_Bundesverband_with_border.png","width":302,"height":278,"caption":"Bundesverband der B\u00fcrger- und Dorfl\u00e4den in Deutschland e.V."},"image":{"@id":"https:\/\/bvbdl.de\/#\/schema\/logo\/image\/"},"sameAs":["https:\/\/www.facebook.com\/Dorfladen.Familie","https:\/\/www.instagram.com\/dorfladennetzwerk\/","https:\/\/www.youtube.com\/channel\/UCiIcZBpITXauy6ydrZiZIew"]}]}},"_links":{"self":[{"href":"https:\/\/bvbdl.de\/index.php\/wp-json\/wp\/v2\/pages\/5747","targetHints":{"allow":["GET"]}}],"collection":[{"href":"https:\/\/bvbdl.de\/index.php\/wp-json\/wp\/v2\/pages"}],"about":[{"href":"https:\/\/bvbdl.de\/index.php\/wp-json\/wp\/v2\/types\/page"}],"author":[{"embeddable":true,"href":"https:\/\/bvbdl.de\/index.php\/wp-json\/wp\/v2\/users\/6"}],"replies":[{"embeddable":true,"href":"https:\/\/bvbdl.de\/index.php\/wp-json\/wp\/v2\/comments?post=5747"}],"version-history":[{"count":7,"href":"https:\/\/bvbdl.de\/index.php\/wp-json\/wp\/v2\/pages\/5747\/revisions"}],"predecessor-version":[{"id":6011,"href":"https:\/\/bvbdl.de\/index.php\/wp-json\/wp\/v2\/pages\/5747\/revisions\/6011"}],"wp:featuredmedia":[{"embeddable":true,"href":"https:\/\/bvbdl.de\/index.php\/wp-json\/wp\/v2\/media\/4665"}],"wp:attachment":[{"href":"https:\/\/bvbdl.de\/index.php\/wp-json\/wp\/v2\/media?parent=5747"}],"curies":[{"name":"wp","href":"https:\/\/api.w.org\/{rel}","templated":true}]}}