{"id":5458,"date":"2021-11-25T16:16:54","date_gmt":"2021-11-25T16:16:54","guid":{"rendered":"https:\/\/dorfladen-netzwerk.com\/?page_id=5458"},"modified":"2022-07-18T15:18:06","modified_gmt":"2022-07-18T15:18:06","slug":"jetzt-mitglied-werden","status":"publish","type":"page","link":"https:\/\/bvbdl.de\/index.php\/jetzt-mitglied-werden\/","title":{"rendered":"Jetzt Mitglied werden"},"content":{"rendered":"\n<div class=\"wp-block-columns is-layout-flex wp-container-core-columns-is-layout-28f84493 wp-block-columns-is-layout-flex\">\n<div class=\"wp-block-column is-layout-flow wp-block-column-is-layout-flow\">\n<p class=\"has-text-align-center\"><strong>Jetzt gleich die Mitgliedschaft beantragen<\/strong><\/p>\n\n\n\n<div style=\"height:50px\" aria-hidden=\"true\" class=\"wp-block-spacer\"><\/div>\n\n\n\n<div class=\"wp-block-columns is-layout-flex wp-container-core-columns-is-layout-28f84493 wp-block-columns-is-layout-flex\">\n<div class=\"wp-block-column is-layout-flow wp-block-column-is-layout-flow\" style=\"flex-basis:40%\">\n<p class=\"wp-block-themeisle-blocks-font-awesome-icons\" id=\"wp-block-themeisle-blocks-font-awesome-icons-81a49a1b\"><span class=\"wp-block-themeisle-blocks-font-awesome-icons-container\"><i class=\"fas fa-euro-sign\"><\/i><\/span><\/p>\n\n\n\n<h4 class=\"has-text-align-center wp-block-heading\">Kosten<\/h4>\n\n\n\n<p class=\"has-text-align-center\">F\u00fcr B\u00fcrger- und Dorfl\u00e4den wird kein Mitgliedschaftsbeitrag erhoben, eine Aufnamegeb\u00fchr entf\u00e4llt ebenfalls.<\/p>\n\n\n\n<p class=\"wp-block-themeisle-blocks-font-awesome-icons\" id=\"wp-block-themeisle-blocks-font-awesome-icons-1f7481f1\"><span class=\"wp-block-themeisle-blocks-font-awesome-icons-container\"><i class=\"fas fa-chart-line\"><\/i><\/span><\/p>\n\n\n\n<h4 class=\"has-text-align-center wp-block-heading\">Ablauf<\/h4>\n\n\n\n<p class=\"has-text-align-center\">Nach dem Ausf\u00fcllen diese Formulars melden wir uns umgehend mit allen weiten Details bei Ihnen.<\/p>\n\n\n\n<p><\/p>\n<\/div>\n\n\n\n<div class=\"wp-block-column is-layout-flow wp-block-column-is-layout-flow\">\n<div class=\"wpforms-container wpforms-container-full\" id=\"wpforms-6154\"><form id=\"wpforms-form-6154\" class=\"wpforms-validate wpforms-form wpforms-ajax-form\" data-formid=\"6154\" method=\"post\" enctype=\"multipart\/form-data\" action=\"\/index.php\/wp-json\/wp\/v2\/pages\/5458\" data-token=\"cf2906f395ebd990f3972731674cd1d3\" data-token-time=\"1778056115\"><noscript class=\"wpforms-error-noscript\">Bitte aktiviere JavaScript in deinem Browser, um dieses Formular fertigzustellen.<\/noscript><div class=\"wpforms-field-container\"><div id=\"wpforms-6154-field_10-container\" class=\"wpforms-field wpforms-field-checkbox\" data-field-id=\"10\"><label class=\"wpforms-field-label\">Ich m\u00f6chte beim Bundesverband der B\u00fcrger- und Dorfl\u00e4den e.V. Mitglied werden. Die Aufnahme und die Mitgliedschaft ist f\u00fcr mich als Dorfladen kostenlos. <span class=\"wpforms-required-label\">*<\/span><\/label><ul id=\"wpforms-6154-field_10\" class=\"wpforms-field-required\"><li class=\"choice-1 depth-1\"><input type=\"checkbox\" id=\"wpforms-6154-field_10_1\" name=\"wpforms[fields][10][]\" value=\"Ja\" required ><label class=\"wpforms-field-label-inline\" for=\"wpforms-6154-field_10_1\">Ja<\/label><\/li><\/ul><div class=\"wpforms-field-description\">Der Bundesverband vertritt die Interessen der Dorfl\u00e4den gegen\u00fcber Politik und Wirtschaft.<\/div><\/div><div id=\"wpforms-6154-field_11-container\" class=\"wpforms-field wpforms-field-checkbox\" data-field-id=\"11\"><label class=\"wpforms-field-label\">Ich m\u00f6chte auch beim Dienstleistungsgesellschaft f\u00fcr die Nahversorgung Mitglied werden. Die Aufnahme und die Mitgliedschaft ist f\u00fcr mich als Dorfladen kostenlos. <span class=\"wpforms-required-label\">*<\/span><\/label><ul id=\"wpforms-6154-field_11\" class=\"wpforms-field-required\"><li class=\"choice-1 depth-1\"><input type=\"checkbox\" id=\"wpforms-6154-field_11_1\" name=\"wpforms[fields][11][]\" value=\"Ja\" required ><label class=\"wpforms-field-label-inline\" for=\"wpforms-6154-field_11_1\">Ja<\/label><\/li><\/ul><div class=\"wpforms-field-description\">Als Mitglied der Dienstleistungsgesellschaft haben Sie kostenlosen Zugang zu:\n    Sortimentsoptimierungen, Kalkulationen,   Schulungen, Thekengestaltung und Thekentraining,    , Erfahrungsaustausch (2-t\u00e4gige Veranstaltungen), Hotline in allen betriebswirtschaftlichen Fragen,  Ladenplanung und Ladengestaltung, Dorfladen Stammtisch (Online) u.v.m.\n   <\/div><\/div><div id=\"wpforms-6154-field_1-container\" class=\"wpforms-field wpforms-field-text\" data-field-id=\"1\"><label class=\"wpforms-field-label\" for=\"wpforms-6154-field_1\">Name des Marktes: <span class=\"wpforms-required-label\">*<\/span><\/label><input type=\"text\" id=\"wpforms-6154-field_1\" class=\"wpforms-field-medium wpforms-field-required\" name=\"wpforms[fields][1]\" required><\/div><div id=\"wpforms-6154-field_14-container\" class=\"wpforms-field wpforms-field-radio\" data-field-id=\"14\"><label class=\"wpforms-field-label\">Ist der Markt schon er\u00f6ffnet? <span class=\"wpforms-required-label\">*<\/span><\/label><ul id=\"wpforms-6154-field_14\" class=\"wpforms-field-required\"><li class=\"choice-1 depth-1\"><input type=\"radio\" id=\"wpforms-6154-field_14_1\" name=\"wpforms[fields][14]\" value=\"Ja\" required ><label class=\"wpforms-field-label-inline\" for=\"wpforms-6154-field_14_1\">Ja<\/label><\/li><li class=\"choice-2 depth-1\"><input type=\"radio\" id=\"wpforms-6154-field_14_2\" name=\"wpforms[fields][14]\" value=\"Nein\" required ><label class=\"wpforms-field-label-inline\" for=\"wpforms-6154-field_14_2\">Nein<\/label><\/li><\/ul><\/div><div id=\"wpforms-6154-field_15-container\" class=\"wpforms-field wpforms-field-text\" data-field-id=\"15\"><label class=\"wpforms-field-label\" for=\"wpforms-6154-field_15\">Seit bzw. ab wann existiert der Markt? <span class=\"wpforms-required-label\">*<\/span><\/label><input type=\"text\" id=\"wpforms-6154-field_15\" class=\"wpforms-field-medium wpforms-field-required\" name=\"wpforms[fields][15]\" required><\/div><div id=\"wpforms-6154-field_2-container\" class=\"wpforms-field wpforms-field-text\" data-field-id=\"2\"><label class=\"wpforms-field-label\" for=\"wpforms-6154-field_2\">Ansprechpartner: <span class=\"wpforms-required-label\">*<\/span><\/label><input type=\"text\" id=\"wpforms-6154-field_2\" class=\"wpforms-field-medium wpforms-field-required\" name=\"wpforms[fields][2]\" required><\/div><div id=\"wpforms-6154-field_3-container\" class=\"wpforms-field wpforms-field-text\" data-field-id=\"3\"><label class=\"wpforms-field-label\" for=\"wpforms-6154-field_3\">E-Mail Adresse: <span class=\"wpforms-required-label\">*<\/span><\/label><input type=\"text\" id=\"wpforms-6154-field_3\" class=\"wpforms-field-medium wpforms-field-required\" name=\"wpforms[fields][3]\" required><\/div><div id=\"wpforms-6154-field_4-container\" class=\"wpforms-field wpforms-field-text\" data-field-id=\"4\"><label class=\"wpforms-field-label\" for=\"wpforms-6154-field_4\">Telefonnummer: <span class=\"wpforms-required-label\">*<\/span><\/label><input type=\"text\" id=\"wpforms-6154-field_4\" class=\"wpforms-field-medium wpforms-field-required\" name=\"wpforms[fields][4]\" required><\/div><div id=\"wpforms-6154-field_5-container\" class=\"wpforms-field wpforms-field-text\" data-field-id=\"5\"><label class=\"wpforms-field-label\" for=\"wpforms-6154-field_5\">Stra\u00dfe &amp; Hausnummer: <span class=\"wpforms-required-label\">*<\/span><\/label><input type=\"text\" id=\"wpforms-6154-field_5\" class=\"wpforms-field-medium wpforms-field-required\" name=\"wpforms[fields][5]\" required><\/div><div id=\"wpforms-6154-field_6-container\" class=\"wpforms-field wpforms-field-text\" data-field-id=\"6\"><label class=\"wpforms-field-label\" for=\"wpforms-6154-field_6\">PLZ &amp; Ort <span class=\"wpforms-required-label\">*<\/span><\/label><input type=\"text\" id=\"wpforms-6154-field_6\" class=\"wpforms-field-medium wpforms-field-required\" name=\"wpforms[fields][6]\" required><\/div><div id=\"wpforms-6154-field_7-container\" class=\"wpforms-field wpforms-field-text\" data-field-id=\"7\"><label class=\"wpforms-field-label\" for=\"wpforms-6154-field_7\">Bundesland: <span class=\"wpforms-required-label\">*<\/span><\/label><input type=\"text\" id=\"wpforms-6154-field_7\" class=\"wpforms-field-medium wpforms-field-required\" name=\"wpforms[fields][7]\" required><\/div><div id=\"wpforms-6154-field_16-container\" class=\"wpforms-field wpforms-field-text\" data-field-id=\"16\"><label class=\"wpforms-field-label\" for=\"wpforms-6154-field_16\">Wo\/Wie haben Sie von unserem Verband erfahren? <span class=\"wpforms-required-label\">*<\/span><\/label><input type=\"text\" id=\"wpforms-6154-field_16\" class=\"wpforms-field-medium wpforms-field-required\" name=\"wpforms[fields][16]\" required><\/div><div id=\"wpforms-6154-field_8-container\" class=\"wpforms-field wpforms-field-checkbox\" data-field-id=\"8\"><label class=\"wpforms-field-label\">Datenschutz: <span class=\"wpforms-required-label\">*<\/span><\/label><ul id=\"wpforms-6154-field_8\" class=\"wpforms-field-required\"><li class=\"choice-1 depth-1\"><input type=\"checkbox\" id=\"wpforms-6154-field_8_1\" name=\"wpforms[fields][8][]\" value=\"Ich stimme den Datenschutzbedingungen zwecks Bearbeitung meiner Daten zu.\" required ><label class=\"wpforms-field-label-inline\" for=\"wpforms-6154-field_8_1\">Ich stimme den Datenschutzbedingungen zwecks Bearbeitung meiner Daten zu.<\/label><\/li><\/ul><\/div><\/div><!-- .wpforms-field-container --><div class=\"wpforms-submit-container\" ><input type=\"hidden\" name=\"wpforms[id]\" value=\"6154\"><input type=\"hidden\" name=\"page_title\" value=\"\"><input type=\"hidden\" name=\"page_url\" value=\"https:\/\/bvbdl.de\/index.php\/wp-json\/wp\/v2\/pages\/5458\"><input type=\"hidden\" name=\"url_referer\" value=\"\"><button type=\"submit\" name=\"wpforms[submit]\" id=\"wpforms-submit-6154\" class=\"wpforms-submit\" data-alt-text=\"Senden\u2026\" data-submit-text=\"Absenden\" aria-live=\"assertive\" value=\"wpforms-submit\">Absenden<\/button><img loading=\"lazy\" decoding=\"async\" src=\"https:\/\/bvbdl.de\/wp-content\/plugins\/wpforms-lite\/assets\/images\/submit-spin.svg\" class=\"wpforms-submit-spinner\" style=\"display: none;\" width=\"26\" height=\"26\" alt=\"Wird geladen\"><\/div><\/form><\/div>  <!-- .wpforms-container -->\n<\/div>\n<\/div>\n<\/div>\n<\/div>\n\n\n\n<p><\/p>\n","protected":false},"excerpt":{"rendered":"<p>Jetzt gleich die Mitgliedschaft beantragen Kosten F\u00fcr B\u00fcrger- und Dorfl\u00e4den wird kein Mitgliedschaftsbeitrag erhoben, eine Aufnamegeb\u00fchr entf\u00e4llt ebenfalls. Ablauf Nach dem Ausf\u00fcllen diese Formulars melden wir uns umgehend mit allen weiten Details bei Ihnen.<\/p>\n","protected":false},"author":1,"featured_media":0,"parent":0,"menu_order":0,"comment_status":"closed","ping_status":"closed","template":"page-templates\/template-fullwidth.php","meta":{"_eb_attr":"","_themeisle_gutenberg_block_has_review":false,"footnotes":""},"class_list":["post-5458","page","type-page","status-publish","hentry"],"yoast_head":"<!-- This site is optimized with the Yoast SEO plugin v26.0 - https:\/\/yoast.com\/wordpress\/plugins\/seo\/ -->\n<title>Jetzt Mitglied werden - Bundesverband der B\u00fcrger- und Dorfl\u00e4den e.V. - Das Dorfladen Netzwerk<\/title>\n<meta name=\"description\" content=\"Kontaktdaten der Vereinigung der B\u00fcrger- und Dorfl\u00e4den in Deutschland e.V. www.dorfladen-netzwerk.com\" \/>\n<meta name=\"robots\" content=\"index, follow, max-snippet:-1, max-image-preview:large, max-video-preview:-1\" \/>\n<link rel=\"canonical\" href=\"https:\/\/bvbdl.de\/index.php\/jetzt-mitglied-werden\/\" \/>\n<meta property=\"og:locale\" content=\"de_DE\" \/>\n<meta property=\"og:type\" content=\"article\" \/>\n<meta property=\"og:title\" content=\"Jetzt Mitglied werden - Bundesverband der B\u00fcrger- und Dorfl\u00e4den e.V. - Das Dorfladen Netzwerk\" \/>\n<meta property=\"og:description\" content=\"Kontaktdaten der Vereinigung der B\u00fcrger- und Dorfl\u00e4den in Deutschland e.V. www.dorfladen-netzwerk.com\" \/>\n<meta property=\"og:url\" content=\"https:\/\/bvbdl.de\/index.php\/jetzt-mitglied-werden\/\" \/>\n<meta property=\"og:site_name\" content=\"Bundesverband der B\u00fcrger- und Dorfl\u00e4den e.V. - Das Dorfladen Netzwerk\" \/>\n<meta property=\"article:publisher\" content=\"https:\/\/www.facebook.com\/Dorfladen.Familie\" \/>\n<meta property=\"article:modified_time\" content=\"2022-07-18T15:18:06+00:00\" \/>\n<meta name=\"twitter:card\" content=\"summary_large_image\" \/>\n<meta name=\"twitter:label1\" content=\"Gesch\u00e4tzte Lesezeit\" \/>\n\t<meta name=\"twitter:data1\" content=\"1\u00a0Minute\" \/>\n<script type=\"application\/ld+json\" class=\"yoast-schema-graph\">{\"@context\":\"https:\/\/schema.org\",\"@graph\":[{\"@type\":\"WebPage\",\"@id\":\"https:\/\/bvbdl.de\/index.php\/jetzt-mitglied-werden\/\",\"url\":\"https:\/\/bvbdl.de\/index.php\/jetzt-mitglied-werden\/\",\"name\":\"Jetzt Mitglied werden - Bundesverband der B\u00fcrger- und Dorfl\u00e4den e.V. - Das Dorfladen Netzwerk\",\"isPartOf\":{\"@id\":\"https:\/\/bvbdl.de\/#website\"},\"datePublished\":\"2021-11-25T16:16:54+00:00\",\"dateModified\":\"2022-07-18T15:18:06+00:00\",\"description\":\"Kontaktdaten der Vereinigung der B\u00fcrger- und Dorfl\u00e4den in Deutschland e.V. www.dorfladen-netzwerk.com\",\"breadcrumb\":{\"@id\":\"https:\/\/bvbdl.de\/index.php\/jetzt-mitglied-werden\/#breadcrumb\"},\"inLanguage\":\"de\",\"potentialAction\":[{\"@type\":\"ReadAction\",\"target\":[\"https:\/\/bvbdl.de\/index.php\/jetzt-mitglied-werden\/\"]}]},{\"@type\":\"BreadcrumbList\",\"@id\":\"https:\/\/bvbdl.de\/index.php\/jetzt-mitglied-werden\/#breadcrumb\",\"itemListElement\":[{\"@type\":\"ListItem\",\"position\":1,\"name\":\"Home\",\"item\":\"https:\/\/bvbdl.de\/\"},{\"@type\":\"ListItem\",\"position\":2,\"name\":\"Jetzt Mitglied werden\"}]},{\"@type\":\"WebSite\",\"@id\":\"https:\/\/bvbdl.de\/#website\",\"url\":\"https:\/\/bvbdl.de\/\",\"name\":\"Bundesverband der B\u00fcrger- und Dorfl\u00e4den e.V. - Das Dorfladen Netzwerk\",\"description\":\"bvbdl.de\",\"publisher\":{\"@id\":\"https:\/\/bvbdl.de\/#organization\"},\"potentialAction\":[{\"@type\":\"SearchAction\",\"target\":{\"@type\":\"EntryPoint\",\"urlTemplate\":\"https:\/\/bvbdl.de\/?s={search_term_string}\"},\"query-input\":{\"@type\":\"PropertyValueSpecification\",\"valueRequired\":true,\"valueName\":\"search_term_string\"}}],\"inLanguage\":\"de\"},{\"@type\":\"Organization\",\"@id\":\"https:\/\/bvbdl.de\/#organization\",\"name\":\"Bundesverband der B\u00fcrger- und Dorfl\u00e4den in Deutschland e.V.\",\"url\":\"https:\/\/bvbdl.de\/\",\"logo\":{\"@type\":\"ImageObject\",\"inLanguage\":\"de\",\"@id\":\"https:\/\/bvbdl.de\/#\/schema\/logo\/image\/\",\"url\":\"https:\/\/bvbdl.de\/wp-content\/uploads\/2025\/02\/Logo_Bundesverband_with_border.png\",\"contentUrl\":\"https:\/\/bvbdl.de\/wp-content\/uploads\/2025\/02\/Logo_Bundesverband_with_border.png\",\"width\":302,\"height\":278,\"caption\":\"Bundesverband der B\u00fcrger- und Dorfl\u00e4den in Deutschland e.V.\"},\"image\":{\"@id\":\"https:\/\/bvbdl.de\/#\/schema\/logo\/image\/\"},\"sameAs\":[\"https:\/\/www.facebook.com\/Dorfladen.Familie\",\"https:\/\/www.instagram.com\/dorfladennetzwerk\/\",\"https:\/\/www.youtube.com\/channel\/UCiIcZBpITXauy6ydrZiZIew\"]}]}<\/script>\n<!-- \/ Yoast SEO plugin. -->","yoast_head_json":{"title":"Jetzt Mitglied werden - Bundesverband der B\u00fcrger- und Dorfl\u00e4den e.V. - Das Dorfladen Netzwerk","description":"Kontaktdaten der Vereinigung der B\u00fcrger- und Dorfl\u00e4den in Deutschland e.V. www.dorfladen-netzwerk.com","robots":{"index":"index","follow":"follow","max-snippet":"max-snippet:-1","max-image-preview":"max-image-preview:large","max-video-preview":"max-video-preview:-1"},"canonical":"https:\/\/bvbdl.de\/index.php\/jetzt-mitglied-werden\/","og_locale":"de_DE","og_type":"article","og_title":"Jetzt Mitglied werden - Bundesverband der B\u00fcrger- und Dorfl\u00e4den e.V. - Das Dorfladen Netzwerk","og_description":"Kontaktdaten der Vereinigung der B\u00fcrger- und Dorfl\u00e4den in Deutschland e.V. www.dorfladen-netzwerk.com","og_url":"https:\/\/bvbdl.de\/index.php\/jetzt-mitglied-werden\/","og_site_name":"Bundesverband der B\u00fcrger- und Dorfl\u00e4den e.V. - Das Dorfladen Netzwerk","article_publisher":"https:\/\/www.facebook.com\/Dorfladen.Familie","article_modified_time":"2022-07-18T15:18:06+00:00","twitter_card":"summary_large_image","twitter_misc":{"Gesch\u00e4tzte Lesezeit":"1\u00a0Minute"},"schema":{"@context":"https:\/\/schema.org","@graph":[{"@type":"WebPage","@id":"https:\/\/bvbdl.de\/index.php\/jetzt-mitglied-werden\/","url":"https:\/\/bvbdl.de\/index.php\/jetzt-mitglied-werden\/","name":"Jetzt Mitglied werden - Bundesverband der B\u00fcrger- und Dorfl\u00e4den e.V. - Das Dorfladen Netzwerk","isPartOf":{"@id":"https:\/\/bvbdl.de\/#website"},"datePublished":"2021-11-25T16:16:54+00:00","dateModified":"2022-07-18T15:18:06+00:00","description":"Kontaktdaten der Vereinigung der B\u00fcrger- und Dorfl\u00e4den in Deutschland e.V. www.dorfladen-netzwerk.com","breadcrumb":{"@id":"https:\/\/bvbdl.de\/index.php\/jetzt-mitglied-werden\/#breadcrumb"},"inLanguage":"de","potentialAction":[{"@type":"ReadAction","target":["https:\/\/bvbdl.de\/index.php\/jetzt-mitglied-werden\/"]}]},{"@type":"BreadcrumbList","@id":"https:\/\/bvbdl.de\/index.php\/jetzt-mitglied-werden\/#breadcrumb","itemListElement":[{"@type":"ListItem","position":1,"name":"Home","item":"https:\/\/bvbdl.de\/"},{"@type":"ListItem","position":2,"name":"Jetzt Mitglied werden"}]},{"@type":"WebSite","@id":"https:\/\/bvbdl.de\/#website","url":"https:\/\/bvbdl.de\/","name":"Bundesverband der B\u00fcrger- und Dorfl\u00e4den e.V. - Das Dorfladen Netzwerk","description":"bvbdl.de","publisher":{"@id":"https:\/\/bvbdl.de\/#organization"},"potentialAction":[{"@type":"SearchAction","target":{"@type":"EntryPoint","urlTemplate":"https:\/\/bvbdl.de\/?s={search_term_string}"},"query-input":{"@type":"PropertyValueSpecification","valueRequired":true,"valueName":"search_term_string"}}],"inLanguage":"de"},{"@type":"Organization","@id":"https:\/\/bvbdl.de\/#organization","name":"Bundesverband der B\u00fcrger- und Dorfl\u00e4den in Deutschland e.V.","url":"https:\/\/bvbdl.de\/","logo":{"@type":"ImageObject","inLanguage":"de","@id":"https:\/\/bvbdl.de\/#\/schema\/logo\/image\/","url":"https:\/\/bvbdl.de\/wp-content\/uploads\/2025\/02\/Logo_Bundesverband_with_border.png","contentUrl":"https:\/\/bvbdl.de\/wp-content\/uploads\/2025\/02\/Logo_Bundesverband_with_border.png","width":302,"height":278,"caption":"Bundesverband der B\u00fcrger- und Dorfl\u00e4den in Deutschland e.V."},"image":{"@id":"https:\/\/bvbdl.de\/#\/schema\/logo\/image\/"},"sameAs":["https:\/\/www.facebook.com\/Dorfladen.Familie","https:\/\/www.instagram.com\/dorfladennetzwerk\/","https:\/\/www.youtube.com\/channel\/UCiIcZBpITXauy6ydrZiZIew"]}]}},"_links":{"self":[{"href":"https:\/\/bvbdl.de\/index.php\/wp-json\/wp\/v2\/pages\/5458","targetHints":{"allow":["GET"]}}],"collection":[{"href":"https:\/\/bvbdl.de\/index.php\/wp-json\/wp\/v2\/pages"}],"about":[{"href":"https:\/\/bvbdl.de\/index.php\/wp-json\/wp\/v2\/types\/page"}],"author":[{"embeddable":true,"href":"https:\/\/bvbdl.de\/index.php\/wp-json\/wp\/v2\/users\/1"}],"replies":[{"embeddable":true,"href":"https:\/\/bvbdl.de\/index.php\/wp-json\/wp\/v2\/comments?post=5458"}],"version-history":[{"count":8,"href":"https:\/\/bvbdl.de\/index.php\/wp-json\/wp\/v2\/pages\/5458\/revisions"}],"predecessor-version":[{"id":6162,"href":"https:\/\/bvbdl.de\/index.php\/wp-json\/wp\/v2\/pages\/5458\/revisions\/6162"}],"wp:attachment":[{"href":"https:\/\/bvbdl.de\/index.php\/wp-json\/wp\/v2\/media?parent=5458"}],"curies":[{"name":"wp","href":"https:\/\/api.w.org\/{rel}","templated":true}]}}