{"id":5416,"date":"2021-11-23T15:26:11","date_gmt":"2021-11-23T15:26:11","guid":{"rendered":"https:\/\/dorfladen-netzwerk.com\/?page_id=5416"},"modified":"2026-03-13T17:12:09","modified_gmt":"2026-03-13T16:12:09","slug":"das-beraterteam","status":"publish","type":"page","link":"https:\/\/bvbdl.de\/index.php\/das-beraterteam\/","title":{"rendered":"Wir sind f\u00fcr Sie da"},"content":{"rendered":"\n<p class=\"has-text-align-center has-medium-font-size\">Unser Beraterteam steht Ihnen telefonisch, schriftlich und vor allem <strong>vor Ort<\/strong> zur Seite:<\/p>\n\n\n\n<hr style=\"border-top: 5px solid #76B51E;\">\n\n\n\n<div class=\"wp-block-columns is-layout-flex wp-container-core-columns-is-layout-28f84493 wp-block-columns-is-layout-flex\">\n<div class=\"wp-block-column is-layout-flow wp-block-column-is-layout-flow\">\n<figure class=\"wp-block-image size-large is-style-default\"><img loading=\"lazy\" decoding=\"async\" width=\"900\" height=\"900\" src=\"https:\/\/bvbdl.de\/wp-content\/uploads\/2022\/01\/WGroell.jpg\" alt=\"\" class=\"wp-image-5784\" srcset=\"https:\/\/bvbdl.de\/wp-content\/uploads\/2022\/01\/WGroell.jpg 900w, https:\/\/bvbdl.de\/wp-content\/uploads\/2022\/01\/WGroell-300x300.jpg 300w, https:\/\/bvbdl.de\/wp-content\/uploads\/2022\/01\/WGroell-150x150.jpg 150w, https:\/\/bvbdl.de\/wp-content\/uploads\/2022\/01\/WGroell-768x768.jpg 768w\" sizes=\"auto, (max-width: 900px) 100vw, 900px\" \/><\/figure>\n<\/div>\n\n\n\n<div class=\"wp-block-column is-layout-flow wp-block-column-is-layout-flow\">\n<p class=\"has-large-font-size\">Wolfgang Gr\u00f6ll<\/p>\n\n\n\n<p>Unternehmensberater<\/p>\n\n\n\n<p>Seit 1990 Erfahrung mit der Begleitung der Gr\u00fcndungsphase und dem Betrieb von B\u00fcrger- und Dorfl\u00e4den<\/p>\n<\/div>\n<\/div>\n\n\n\n<ul class=\"wp-block-list\">\n<li>Begleitung von Gr\u00fcndungs- und Entstehungsprozesses<\/li>\n\n\n\n<li>Begleitung von Initiativen und Arbeitskreisen<\/li>\n\n\n\n<li>Intensive Gr\u00fcndungsbegleitung bis zur &#8220;Schwarzen Null&#8221; und auf Wunsch dar\u00fcber hinaus<\/li>\n<\/ul>\n\n\n\n<p>Einsatzgebiet: deutschlandweit<\/p>\n\n\n\n<p class=\"has-medium-font-size\"><a href=\"https:\/\/bvbdl.de\/index.php\/kontakt-zu-hr-groell\/\">Hier direkt Kontakt zu Hr. Gr\u00f6ll aufnehmen<\/a><\/p>\n\n\n\n<hr style=\"border-top: 5px solid #76B51E;\">\n\n\n\n<div class=\"wp-block-columns is-layout-flex wp-container-core-columns-is-layout-28f84493 wp-block-columns-is-layout-flex\">\n<div class=\"wp-block-column is-layout-flow wp-block-column-is-layout-flow\">\n<figure class=\"wp-block-image size-large is-style-default\"><img loading=\"lazy\" decoding=\"async\" width=\"900\" height=\"900\" src=\"https:\/\/bvbdl.de\/wp-content\/uploads\/2022\/01\/RBoppeler.jpg\" alt=\"\" class=\"wp-image-5783\" srcset=\"https:\/\/bvbdl.de\/wp-content\/uploads\/2022\/01\/RBoppeler.jpg 900w, https:\/\/bvbdl.de\/wp-content\/uploads\/2022\/01\/RBoppeler-300x300.jpg 300w, https:\/\/bvbdl.de\/wp-content\/uploads\/2022\/01\/RBoppeler-150x150.jpg 150w, https:\/\/bvbdl.de\/wp-content\/uploads\/2022\/01\/RBoppeler-768x768.jpg 768w\" sizes=\"auto, (max-width: 900px) 100vw, 900px\" \/><\/figure>\n<\/div>\n\n\n\n<div class=\"wp-block-column is-layout-flow wp-block-column-is-layout-flow\">\n<p class=\"has-large-font-size\">Roswitha Boppeler<\/p>\n\n\n\n<p>Fachberaterin f\u00fcr Grund- und Nahversorgungskonzepte<\/p>\n\n\n\n<p>Gesch\u00e4ftsf\u00fchrerin Dorfladen Heising (03\/2020 &#8211; 02\/2023)<\/p>\n\n\n\n<p>Seit 1982 Einzelhandels- und Vertriebserfahrung in verschiedenen F\u00fchrungspositionen<\/p>\n<\/div>\n<\/div>\n\n\n\n<ul class=\"wp-block-list\">\n<li>Thekentrainerin f\u00fcr die Bedienungstheke (K\u00e4se, Wurst &amp; Fleisch, Backwaren)<\/li>\n\n\n\n<li>Sortiments- und Ladengestaltung und Optimierung<\/li>\n\n\n\n<li>Begleitung 5 Sterne Projekt<\/li>\n\n\n\n<li>K\u00e4se Sommeli\u00e8re<\/li>\n<\/ul>\n\n\n\n<p>Einsatzgebiet: deutschlandweit<\/p>\n\n\n\n<p class=\"has-medium-font-size\"><a href=\"https:\/\/bvbdl.de\/index.php\/kontakt-zu-fr-boppeler\/\">Hier direkt Kontakt zu Fr. Boppeler aufnehmen<\/a><\/p>\n\n\n\n<hr style=\"border-top: 5px solid #76B51E;\">\n\n\n\n<div class=\"wp-block-columns is-layout-flex wp-container-core-columns-is-layout-28f84493 wp-block-columns-is-layout-flex\">\n<div class=\"wp-block-column is-layout-flow wp-block-column-is-layout-flow\">\n<figure class=\"wp-block-image size-large\"><img loading=\"lazy\" decoding=\"async\" width=\"853\" height=\"1024\" src=\"https:\/\/bvbdl.de\/wp-content\/uploads\/2021\/11\/Gebhard-Wagner-853x1024.png\" alt=\"\" class=\"wp-image-5561\" srcset=\"https:\/\/bvbdl.de\/wp-content\/uploads\/2021\/11\/Gebhard-Wagner-853x1024.png 853w, https:\/\/bvbdl.de\/wp-content\/uploads\/2021\/11\/Gebhard-Wagner-250x300.png 250w, https:\/\/bvbdl.de\/wp-content\/uploads\/2021\/11\/Gebhard-Wagner-768x922.png 768w, https:\/\/bvbdl.de\/wp-content\/uploads\/2021\/11\/Gebhard-Wagner.png 900w\" sizes=\"auto, (max-width: 853px) 100vw, 853px\" \/><\/figure>\n<\/div>\n\n\n\n<div class=\"wp-block-column is-layout-flow wp-block-column-is-layout-flow\">\n<p class=\"has-large-font-size\">Gebhard Wagner<\/p>\n\n\n\n<p>Fachberater f\u00fcr Grund- und Nahversorgungskonzepte<\/p>\n\n\n\n<p>Seit 1958 Einzelhandelserfahrung in verschiedenen F\u00fchrungspositionen insbesondere bei Neuer\u00f6ffnungen<\/p>\n<\/div>\n<\/div>\n\n\n\n<ul class=\"wp-block-list\">\n<li>Intensive Gr\u00fcndungsbegleitung bis zur &#8220;Schwarzen Null&#8221; und auf Wunsch dar\u00fcber hinaus<\/li>\n\n\n\n<li>Sortiments- und Ladengestaltung und Optimierung<\/li>\n<\/ul>\n\n\n\n<p>Einsatzgebiet: Allg\u00e4u<\/p>\n\n\n\n<p class=\"has-medium-font-size\"><a href=\"https:\/\/bvbdl.de\/index.php\/kontakt-zu-hr-wagner\/\">Hier direkt Kontakt zu Hr. Wagner aufnehmen<\/a><\/p>\n\n\n\n<hr style=\"border-top: 5px solid #76B51E;\">\n\n\n\n<div class=\"wp-block-columns is-layout-flex wp-container-core-columns-is-layout-28f84493 wp-block-columns-is-layout-flex\">\n<div class=\"wp-block-column is-layout-flow wp-block-column-is-layout-flow\"><\/div>\n\n\n\n<div class=\"wp-block-column is-layout-flow wp-block-column-is-layout-flow\">\n<p><\/p>\n<\/div>\n<\/div>\n\n\n\n<div class=\"wp-block-columns is-layout-flex wp-container-core-columns-is-layout-28f84493 wp-block-columns-is-layout-flex\">\n<div class=\"wp-block-column is-layout-flow wp-block-column-is-layout-flow\">\n<figure class=\"wp-block-image size-large is-style-default\"><img loading=\"lazy\" decoding=\"async\" width=\"900\" height=\"900\" src=\"https:\/\/bvbdl.de\/wp-content\/uploads\/2022\/01\/DKramer.jpg\" alt=\"\" class=\"wp-image-5781\" srcset=\"https:\/\/bvbdl.de\/wp-content\/uploads\/2022\/01\/DKramer.jpg 900w, https:\/\/bvbdl.de\/wp-content\/uploads\/2022\/01\/DKramer-300x300.jpg 300w, https:\/\/bvbdl.de\/wp-content\/uploads\/2022\/01\/DKramer-150x150.jpg 150w, https:\/\/bvbdl.de\/wp-content\/uploads\/2022\/01\/DKramer-768x768.jpg 768w\" sizes=\"auto, (max-width: 900px) 100vw, 900px\" \/><\/figure>\n<\/div>\n\n\n\n<div class=\"wp-block-column is-layout-flow wp-block-column-is-layout-flow\">\n<p class=\"has-large-font-size\">David Kramer<\/p>\n\n\n\n<p>Fachberater f\u00fcr Grund- und Nahversorgungskonzepte<\/p>\n\n\n\n<p>Seit 2005 Einzelhandelserfahrung in verschiedenen F\u00fchrungspositionen<\/p>\n<\/div>\n<\/div>\n\n\n\n<ul class=\"wp-block-list\">\n<li>Intensive Gr\u00fcndungsbegleitung bis zur &#8220;Schwarzen Null&#8221; und auf Wunsch dar\u00fcber hinaus<\/li>\n\n\n\n<li>Sortiments- und Ladengestaltung und Optimierung<\/li>\n\n\n\n<li>Begleitung 5 Sterne Projekt<\/li>\n\n\n\n<li>Diplomierter K\u00e4sesommeli\u00e8r<\/li>\n\n\n\n<li>Einkauf und Partnervorteile<\/li>\n\n\n\n<li>Seminare und Vortr\u00e4ge<\/li>\n<\/ul>\n\n\n\n<p>Einsatzgebiete: Region bayrisches Oberland und M\u00fcnchen sowie angrenzende Gebiete aber auch deutschlandweit<\/p>\n\n\n\n<p class=\"has-medium-font-size\"><a href=\"https:\/\/bvbdl.de\/index.php\/kontakt-zu-hr-kramer\/\">Hier direkt Kontakt zu Hr. Kramer aufnehmen<\/a><\/p>\n\n\n\n<hr style=\"border-top: 5px solid #76B51E;\">\n\n\n\n<div class=\"wp-block-columns is-layout-flex wp-container-core-columns-is-layout-28f84493 wp-block-columns-is-layout-flex\">\n<div class=\"wp-block-column is-layout-flow wp-block-column-is-layout-flow\">\n<figure class=\"wp-block-image size-large is-style-default\"><img loading=\"lazy\" decoding=\"async\" width=\"900\" height=\"900\" src=\"https:\/\/bvbdl.de\/wp-content\/uploads\/2022\/01\/PFeldbauer.jpg\" alt=\"\" class=\"wp-image-5782\" srcset=\"https:\/\/bvbdl.de\/wp-content\/uploads\/2022\/01\/PFeldbauer.jpg 900w, https:\/\/bvbdl.de\/wp-content\/uploads\/2022\/01\/PFeldbauer-300x300.jpg 300w, https:\/\/bvbdl.de\/wp-content\/uploads\/2022\/01\/PFeldbauer-150x150.jpg 150w, https:\/\/bvbdl.de\/wp-content\/uploads\/2022\/01\/PFeldbauer-768x768.jpg 768w\" sizes=\"auto, (max-width: 900px) 100vw, 900px\" \/><\/figure>\n<\/div>\n\n\n\n<div class=\"wp-block-column is-layout-flow wp-block-column-is-layout-flow\">\n<p class=\"has-large-font-size\">Peter Feldbauer<\/p>\n\n\n\n<p>Fachberater f\u00fcr Grund- und Nahversorgungskonzepte<\/p>\n\n\n\n<p>Gesch\u00e4ftsf\u00fchrer &amp; Marktleiter des <a href=\"http:\/\/www.retschter-laedchen.de\" target=\"_blank\" rel=\"noreferrer noopener\">Retschter L\u00e4dchens<\/a> <\/p>\n\n\n\n<p>Trainer im <a href=\"https:\/\/bvbdl.de\/index.php\/trainings-und-entwicklungszentrum\/\">1. Trainings- und Entwicklungszentrum<\/a><\/p>\n\n\n\n<p>Seit 1993 Einzelhandels- und Vertriebserfahrung in verschiedenen F\u00fchrungspositionen<\/p>\n<\/div>\n<\/div>\n\n\n\n<ul class=\"wp-block-list\">\n<li>Intensive Gr\u00fcndungsbegleitung bis zur &#8220;Schwarzen Null&#8221; und auf Wunsch dar\u00fcber hinaus<\/li>\n\n\n\n<li>Sortiments- und Ladengestaltung und Optimierung<\/li>\n\n\n\n<li>Begleitung 5 Sterne Projekt \/ Gold Dorfladen des Jahres<\/li>\n\n\n\n<li>Ansprechpartner f\u00fcr Inhalte der Homepage, Dorfladen App &#8211; Ideenb\u00f6rse, Schatzkammer<\/li>\n\n\n\n<li>Einkauf und Partnervorteile<\/li>\n\n\n\n<li>Unterst\u00fctzung bei Vorbereitung und Durchf\u00fchrung von Dorfladentagen<\/li>\n\n\n\n<li>Begleitung von Arbeitskreisen in der Projekt- und Umsetzungsphase<\/li>\n\n\n\n<li>Begleitung von Vorstellungsgespr\u00e4chen mit potentiellen Dorfladen Marktleitern (online)<\/li>\n\n\n\n<li>Praxis-Coaching im Dorfladen vor Ort oder im Retschter L\u00e4dchen<\/li>\n\n\n\n<li>Zertifizierter DISG\u00ae Trainer<\/li>\n\n\n\n<li>DISG\u00ae Seminare f\u00fcr F\u00fchrungskr\u00e4fte<\/li>\n\n\n\n<li>DISG\u00ae Teambuilding Seminare<\/li>\n<\/ul>\n\n\n\n<p>Einsatzgebiete: Heimatgebiet ist Nordbayern, gerne auch deutschlandweit<\/p>\n\n\n\n<p class=\"has-medium-font-size\"><a href=\"https:\/\/bvbdl.de\/index.php\/kontakt-zu-hr-feldbauer\/\">Hier direkt Kontakt zu Hr. Feldbauer aufnehmen<\/a><\/p>\n\n\n\n<hr style=\"border-top: 5px solid #76B51E;\">\n\n\n\n<p><\/p>\n","protected":false},"excerpt":{"rendered":"<p>Unser Beraterteam steht Ihnen telefonisch, schriftlich und vor allem vor Ort zur Seite: Wolfgang Gr\u00f6ll Unternehmensberater Seit 1990 Erfahrung mit der Begleitung der Gr\u00fcndungsphase und dem Betrieb von B\u00fcrger- und Dorfl\u00e4den Einsatzgebiet: deutschlandweit Hier direkt Kontakt zu Hr. Gr\u00f6ll aufnehmen Roswitha Boppeler Fachberaterin f\u00fcr Grund- und Nahversorgungskonzepte Gesch\u00e4ftsf\u00fchrerin Dorfladen Heising [&hellip;]<\/p>\n","protected":false},"author":6,"featured_media":0,"parent":0,"menu_order":0,"comment_status":"closed","ping_status":"closed","template":"","meta":{"_eb_attr":"","_themeisle_gutenberg_block_has_review":false,"footnotes":""},"class_list":["post-5416","page","type-page","status-publish","hentry"],"yoast_head":"<!-- This site is optimized with the Yoast SEO plugin v26.0 - https:\/\/yoast.com\/wordpress\/plugins\/seo\/ -->\n<title>Wir sind f\u00fcr Sie da - Bundesverband der B\u00fcrger- und Dorfl\u00e4den e.V. - Das Dorfladen Netzwerk<\/title>\n<meta name=\"description\" content=\"Das Beraterteam des Bundesverbandes f\u00fcr B\u00fcrger- und Dorfl\u00e4den in Deutschland e.V. stellt sich vor. Wir sind f\u00fcr Sie da!\" \/>\n<meta name=\"robots\" content=\"index, follow, max-snippet:-1, max-image-preview:large, max-video-preview:-1\" \/>\n<link rel=\"canonical\" href=\"https:\/\/bvbdl.de\/index.php\/das-beraterteam\/\" \/>\n<meta property=\"og:locale\" content=\"de_DE\" \/>\n<meta property=\"og:type\" content=\"article\" \/>\n<meta property=\"og:title\" content=\"Wir sind f\u00fcr Sie da - Bundesverband der B\u00fcrger- und Dorfl\u00e4den e.V. - Das Dorfladen Netzwerk\" \/>\n<meta property=\"og:description\" content=\"Das Beraterteam des Bundesverbandes f\u00fcr B\u00fcrger- und Dorfl\u00e4den in Deutschland e.V. stellt sich vor. Wir sind f\u00fcr Sie da!\" \/>\n<meta property=\"og:url\" content=\"https:\/\/bvbdl.de\/index.php\/das-beraterteam\/\" \/>\n<meta property=\"og:site_name\" content=\"Bundesverband der B\u00fcrger- und Dorfl\u00e4den e.V. - Das Dorfladen Netzwerk\" \/>\n<meta property=\"article:publisher\" content=\"https:\/\/www.facebook.com\/Dorfladen.Familie\" \/>\n<meta property=\"article:modified_time\" content=\"2026-03-13T16:12:09+00:00\" \/>\n<meta property=\"og:image\" content=\"https:\/\/bvbdl.de\/wp-content\/uploads\/2022\/01\/WGroell.jpg\" \/>\n\t<meta property=\"og:image:width\" content=\"900\" \/>\n\t<meta property=\"og:image:height\" content=\"900\" \/>\n\t<meta property=\"og:image:type\" content=\"image\/jpeg\" \/>\n<meta name=\"twitter:card\" content=\"summary_large_image\" \/>\n<meta name=\"twitter:label1\" content=\"Gesch\u00e4tzte Lesezeit\" \/>\n\t<meta name=\"twitter:data1\" content=\"4\u00a0Minuten\" \/>\n<script type=\"application\/ld+json\" class=\"yoast-schema-graph\">{\"@context\":\"https:\/\/schema.org\",\"@graph\":[{\"@type\":\"WebPage\",\"@id\":\"https:\/\/bvbdl.de\/index.php\/das-beraterteam\/\",\"url\":\"https:\/\/bvbdl.de\/index.php\/das-beraterteam\/\",\"name\":\"Wir sind f\u00fcr Sie da - Bundesverband der B\u00fcrger- und Dorfl\u00e4den e.V. - Das Dorfladen Netzwerk\",\"isPartOf\":{\"@id\":\"https:\/\/bvbdl.de\/#website\"},\"primaryImageOfPage\":{\"@id\":\"https:\/\/bvbdl.de\/index.php\/das-beraterteam\/#primaryimage\"},\"image\":{\"@id\":\"https:\/\/bvbdl.de\/index.php\/das-beraterteam\/#primaryimage\"},\"thumbnailUrl\":\"https:\/\/bvbdl.de\/wp-content\/uploads\/2022\/01\/WGroell.jpg\",\"datePublished\":\"2021-11-23T15:26:11+00:00\",\"dateModified\":\"2026-03-13T16:12:09+00:00\",\"description\":\"Das Beraterteam des Bundesverbandes f\u00fcr B\u00fcrger- und Dorfl\u00e4den in Deutschland e.V. stellt sich vor. Wir sind f\u00fcr Sie da!\",\"breadcrumb\":{\"@id\":\"https:\/\/bvbdl.de\/index.php\/das-beraterteam\/#breadcrumb\"},\"inLanguage\":\"de\",\"potentialAction\":[{\"@type\":\"ReadAction\",\"target\":[\"https:\/\/bvbdl.de\/index.php\/das-beraterteam\/\"]}]},{\"@type\":\"ImageObject\",\"inLanguage\":\"de\",\"@id\":\"https:\/\/bvbdl.de\/index.php\/das-beraterteam\/#primaryimage\",\"url\":\"https:\/\/bvbdl.de\/wp-content\/uploads\/2022\/01\/WGroell.jpg\",\"contentUrl\":\"https:\/\/bvbdl.de\/wp-content\/uploads\/2022\/01\/WGroell.jpg\",\"width\":900,\"height\":900,\"caption\":\"Bild von Wolfgang Gr\u00f6ll, Unternehmensberater\"},{\"@type\":\"BreadcrumbList\",\"@id\":\"https:\/\/bvbdl.de\/index.php\/das-beraterteam\/#breadcrumb\",\"itemListElement\":[{\"@type\":\"ListItem\",\"position\":1,\"name\":\"Home\",\"item\":\"https:\/\/bvbdl.de\/\"},{\"@type\":\"ListItem\",\"position\":2,\"name\":\"Wir sind f\u00fcr Sie da\"}]},{\"@type\":\"WebSite\",\"@id\":\"https:\/\/bvbdl.de\/#website\",\"url\":\"https:\/\/bvbdl.de\/\",\"name\":\"Bundesverband der B\u00fcrger- und Dorfl\u00e4den e.V. - Das Dorfladen Netzwerk\",\"description\":\"bvbdl.de\",\"publisher\":{\"@id\":\"https:\/\/bvbdl.de\/#organization\"},\"potentialAction\":[{\"@type\":\"SearchAction\",\"target\":{\"@type\":\"EntryPoint\",\"urlTemplate\":\"https:\/\/bvbdl.de\/?s={search_term_string}\"},\"query-input\":{\"@type\":\"PropertyValueSpecification\",\"valueRequired\":true,\"valueName\":\"search_term_string\"}}],\"inLanguage\":\"de\"},{\"@type\":\"Organization\",\"@id\":\"https:\/\/bvbdl.de\/#organization\",\"name\":\"Bundesverband der B\u00fcrger- und Dorfl\u00e4den in Deutschland e.V.\",\"url\":\"https:\/\/bvbdl.de\/\",\"logo\":{\"@type\":\"ImageObject\",\"inLanguage\":\"de\",\"@id\":\"https:\/\/bvbdl.de\/#\/schema\/logo\/image\/\",\"url\":\"https:\/\/bvbdl.de\/wp-content\/uploads\/2025\/02\/Logo_Bundesverband_with_border.png\",\"contentUrl\":\"https:\/\/bvbdl.de\/wp-content\/uploads\/2025\/02\/Logo_Bundesverband_with_border.png\",\"width\":302,\"height\":278,\"caption\":\"Bundesverband der B\u00fcrger- und Dorfl\u00e4den in Deutschland e.V.\"},\"image\":{\"@id\":\"https:\/\/bvbdl.de\/#\/schema\/logo\/image\/\"},\"sameAs\":[\"https:\/\/www.facebook.com\/Dorfladen.Familie\",\"https:\/\/www.instagram.com\/dorfladennetzwerk\/\",\"https:\/\/www.youtube.com\/channel\/UCiIcZBpITXauy6ydrZiZIew\"]}]}<\/script>\n<!-- \/ Yoast SEO plugin. -->","yoast_head_json":{"title":"Wir sind f\u00fcr Sie da - Bundesverband der B\u00fcrger- und Dorfl\u00e4den e.V. - Das Dorfladen Netzwerk","description":"Das Beraterteam des Bundesverbandes f\u00fcr B\u00fcrger- und Dorfl\u00e4den in Deutschland e.V. stellt sich vor. Wir sind f\u00fcr Sie da!","robots":{"index":"index","follow":"follow","max-snippet":"max-snippet:-1","max-image-preview":"max-image-preview:large","max-video-preview":"max-video-preview:-1"},"canonical":"https:\/\/bvbdl.de\/index.php\/das-beraterteam\/","og_locale":"de_DE","og_type":"article","og_title":"Wir sind f\u00fcr Sie da - Bundesverband der B\u00fcrger- und Dorfl\u00e4den e.V. - Das Dorfladen Netzwerk","og_description":"Das Beraterteam des Bundesverbandes f\u00fcr B\u00fcrger- und Dorfl\u00e4den in Deutschland e.V. stellt sich vor. Wir sind f\u00fcr Sie da!","og_url":"https:\/\/bvbdl.de\/index.php\/das-beraterteam\/","og_site_name":"Bundesverband der B\u00fcrger- und Dorfl\u00e4den e.V. - Das Dorfladen Netzwerk","article_publisher":"https:\/\/www.facebook.com\/Dorfladen.Familie","article_modified_time":"2026-03-13T16:12:09+00:00","og_image":[{"width":900,"height":900,"url":"https:\/\/bvbdl.de\/wp-content\/uploads\/2022\/01\/WGroell.jpg","type":"image\/jpeg"}],"twitter_card":"summary_large_image","twitter_misc":{"Gesch\u00e4tzte Lesezeit":"4\u00a0Minuten"},"schema":{"@context":"https:\/\/schema.org","@graph":[{"@type":"WebPage","@id":"https:\/\/bvbdl.de\/index.php\/das-beraterteam\/","url":"https:\/\/bvbdl.de\/index.php\/das-beraterteam\/","name":"Wir sind f\u00fcr Sie da - Bundesverband der B\u00fcrger- und Dorfl\u00e4den e.V. - Das Dorfladen Netzwerk","isPartOf":{"@id":"https:\/\/bvbdl.de\/#website"},"primaryImageOfPage":{"@id":"https:\/\/bvbdl.de\/index.php\/das-beraterteam\/#primaryimage"},"image":{"@id":"https:\/\/bvbdl.de\/index.php\/das-beraterteam\/#primaryimage"},"thumbnailUrl":"https:\/\/bvbdl.de\/wp-content\/uploads\/2022\/01\/WGroell.jpg","datePublished":"2021-11-23T15:26:11+00:00","dateModified":"2026-03-13T16:12:09+00:00","description":"Das Beraterteam des Bundesverbandes f\u00fcr B\u00fcrger- und Dorfl\u00e4den in Deutschland e.V. stellt sich vor. Wir sind f\u00fcr Sie da!","breadcrumb":{"@id":"https:\/\/bvbdl.de\/index.php\/das-beraterteam\/#breadcrumb"},"inLanguage":"de","potentialAction":[{"@type":"ReadAction","target":["https:\/\/bvbdl.de\/index.php\/das-beraterteam\/"]}]},{"@type":"ImageObject","inLanguage":"de","@id":"https:\/\/bvbdl.de\/index.php\/das-beraterteam\/#primaryimage","url":"https:\/\/bvbdl.de\/wp-content\/uploads\/2022\/01\/WGroell.jpg","contentUrl":"https:\/\/bvbdl.de\/wp-content\/uploads\/2022\/01\/WGroell.jpg","width":900,"height":900,"caption":"Bild von Wolfgang Gr\u00f6ll, Unternehmensberater"},{"@type":"BreadcrumbList","@id":"https:\/\/bvbdl.de\/index.php\/das-beraterteam\/#breadcrumb","itemListElement":[{"@type":"ListItem","position":1,"name":"Home","item":"https:\/\/bvbdl.de\/"},{"@type":"ListItem","position":2,"name":"Wir sind f\u00fcr Sie da"}]},{"@type":"WebSite","@id":"https:\/\/bvbdl.de\/#website","url":"https:\/\/bvbdl.de\/","name":"Bundesverband der B\u00fcrger- und Dorfl\u00e4den e.V. - Das Dorfladen Netzwerk","description":"bvbdl.de","publisher":{"@id":"https:\/\/bvbdl.de\/#organization"},"potentialAction":[{"@type":"SearchAction","target":{"@type":"EntryPoint","urlTemplate":"https:\/\/bvbdl.de\/?s={search_term_string}"},"query-input":{"@type":"PropertyValueSpecification","valueRequired":true,"valueName":"search_term_string"}}],"inLanguage":"de"},{"@type":"Organization","@id":"https:\/\/bvbdl.de\/#organization","name":"Bundesverband der B\u00fcrger- und Dorfl\u00e4den in Deutschland e.V.","url":"https:\/\/bvbdl.de\/","logo":{"@type":"ImageObject","inLanguage":"de","@id":"https:\/\/bvbdl.de\/#\/schema\/logo\/image\/","url":"https:\/\/bvbdl.de\/wp-content\/uploads\/2025\/02\/Logo_Bundesverband_with_border.png","contentUrl":"https:\/\/bvbdl.de\/wp-content\/uploads\/2025\/02\/Logo_Bundesverband_with_border.png","width":302,"height":278,"caption":"Bundesverband der B\u00fcrger- und Dorfl\u00e4den in Deutschland e.V."},"image":{"@id":"https:\/\/bvbdl.de\/#\/schema\/logo\/image\/"},"sameAs":["https:\/\/www.facebook.com\/Dorfladen.Familie","https:\/\/www.instagram.com\/dorfladennetzwerk\/","https:\/\/www.youtube.com\/channel\/UCiIcZBpITXauy6ydrZiZIew"]}]}},"_links":{"self":[{"href":"https:\/\/bvbdl.de\/index.php\/wp-json\/wp\/v2\/pages\/5416","targetHints":{"allow":["GET"]}}],"collection":[{"href":"https:\/\/bvbdl.de\/index.php\/wp-json\/wp\/v2\/pages"}],"about":[{"href":"https:\/\/bvbdl.de\/index.php\/wp-json\/wp\/v2\/types\/page"}],"author":[{"embeddable":true,"href":"https:\/\/bvbdl.de\/index.php\/wp-json\/wp\/v2\/users\/6"}],"replies":[{"embeddable":true,"href":"https:\/\/bvbdl.de\/index.php\/wp-json\/wp\/v2\/comments?post=5416"}],"version-history":[{"count":68,"href":"https:\/\/bvbdl.de\/index.php\/wp-json\/wp\/v2\/pages\/5416\/revisions"}],"predecessor-version":[{"id":7631,"href":"https:\/\/bvbdl.de\/index.php\/wp-json\/wp\/v2\/pages\/5416\/revisions\/7631"}],"wp:attachment":[{"href":"https:\/\/bvbdl.de\/index.php\/wp-json\/wp\/v2\/media?parent=5416"}],"curies":[{"name":"wp","href":"https:\/\/api.w.org\/{rel}","templated":true}]}}