{"id":5212,"date":"2021-10-10T08:51:38","date_gmt":"2021-10-10T08:51:38","guid":{"rendered":"https:\/\/dorfladen-netzwerk.com\/?page_id=5212"},"modified":"2021-11-18T07:59:06","modified_gmt":"2021-11-18T07:59:06","slug":"branchennews","status":"publish","type":"page","link":"https:\/\/bvbdl.de\/index.php\/branchennews\/","title":{"rendered":"Branchennews"},"content":{"rendered":"\n<p>Immer Up-to-date: Nachfolgend Neuigkeiten von verschiedenen Portalen aus der Branche.<\/p>\n\n\n\n<hr style=\"border-top: 5px solid #76B51E;\">\n\n\n\n<p>Neuigkeiten vom Handelsverband Bayern:<\/p>\n\n\n<ul class=\"wp-block-rss\"><li class='wp-block-rss__item'><div class='wp-block-rss__item-title'><a href='https:\/\/www.hv-bayern.de\/aktuelles\/meldungen\/20260413-einigung-der-regierungskoalition-hde-mahnt-weiter-grossen-reformbedarf-an.php'>Einigung der Regierungskoalition: HDE mahnt weiter gro\u00dfen Reformbedarf an<\/a><\/div><\/li><li class='wp-block-rss__item'><div class='wp-block-rss__item-title'><a href='https:\/\/www.hv-bayern.de\/aktuelles\/meldungen\/20260410-verbraucherstimmung-weiter-auf-talfahrt.php'>Verbraucherstimmung: Weiter auf Talfahrt<\/a><\/div><\/li><li class='wp-block-rss__item'><div class='wp-block-rss__item-title'><a href='https:\/\/www.hv-bayern.de\/aktuelles\/meldungen\/20260410-erste-hilfe-im-betrieb-kostenlose-kurse-fuer-hbe-mitglieder.php'>Erste Hilfe im Betrieb: Kostenlose Kurse f\u00fcr HBE-Mitglieder<\/a><\/div><\/li><li class='wp-block-rss__item'><div class='wp-block-rss__item-title'><a href='https:\/\/www.hv-bayern.de\/aktuelles\/meldungen\/20260410-kuenstliche-intelligenz-im-handel-chancen-risiken-und-gesetzliche-grundlagen.php'>K\u00fcnstliche Intelligenz im Handel: Chancen, Risiken und gesetzliche Grundlagen<\/a><\/div><\/li><li class='wp-block-rss__item'><div class='wp-block-rss__item-title'><a href='https:\/\/www.hv-bayern.de\/aktuelles\/meldungen\/20260410-innenstadt-mit-zukunft-bewerben-sie-sich-jetzt-fuer-den-13-stadtmarketingpreis-bayern.php'>Innenstadt mit Zukunft: Bewerben Sie sich jetzt f\u00fcr den 13. Stadtmarketingpreis Bayern<\/a><\/div><\/li><\/ul>\n\n\n<hr style=\"border-top: 5px solid #76B51E;\">\n\n\n\n<p>Neuigkeiten von dem Portal <a href=\"https:\/\/www.kassenzone.de\/\" target=\"_blank\" rel=\"noreferrer noopener\">www.kassenzone.de <\/a>:<\/p>\n\n\n\n<div class=\"wp-block-themeisle-blocks-advanced-columns has-1-columns has-desktop-equal-layout has-tablet-equal-layout has-mobile-equal-layout has-default-gap has-vertical-unset\" id=\"wp-block-themeisle-blocks-advanced-columns-1329042d\"><div class=\"wp-block-themeisle-blocks-advanced-columns-overlay\"><\/div><div class=\"innerblocks-wrap\">\n<div class=\"wp-block-themeisle-blocks-advanced-column\" id=\"wp-block-themeisle-blocks-advanced-column-cdf5e468\"><div class=\"components-placeholder\"><div class=\"notice notice-error\"><strong>RSS-Fehler:<\/strong> https:\/\/www.kassenzone.de\/feed\/ is invalid XML, likely due to invalid characters. XML error: EntityRef: expecting &#039;;&#039; at line 165, column 110<\/div><\/div><\/div>\n<\/div><\/div>\n\n\n\n<hr style=\"border-top: 5px solid #76B51E;\">\n\n\n\n<p>F\u00fcr die angezeigten Inhalte sind ausschlie\u00dflich die angegebenen Quellen verantwortlich.<\/p>\n\n\n\n<hr style=\"border-top: 5px solid #76B51E;\">\n","protected":false},"excerpt":{"rendered":"<p>Immer Up-to-date: Nachfolgend Neuigkeiten von verschiedenen Portalen aus der Branche. Neuigkeiten vom Handelsverband Bayern: Neuigkeiten von dem Portal www.kassenzone.de : F\u00fcr die angezeigten Inhalte sind ausschlie\u00dflich die angegebenen Quellen verantwortlich.<\/p>\n","protected":false},"author":6,"featured_media":0,"parent":0,"menu_order":0,"comment_status":"closed","ping_status":"closed","template":"","meta":{"_eb_attr":"","_themeisle_gutenberg_block_has_review":false,"footnotes":""},"class_list":["post-5212","page","type-page","status-publish","hentry"],"yoast_head":"<!-- This site is optimized with the Yoast SEO plugin v26.0 - https:\/\/yoast.com\/wordpress\/plugins\/seo\/ -->\n<title>Branchennews - Bundesverband der B\u00fcrger- und Dorfl\u00e4den e.V. - Das Dorfladen Netzwerk<\/title>\n<meta name=\"description\" content=\"Die Seite f\u00fcr Dorfladen Know How\" \/>\n<meta name=\"robots\" content=\"index, follow, max-snippet:-1, max-image-preview:large, max-video-preview:-1\" \/>\n<link rel=\"canonical\" href=\"https:\/\/bvbdl.de\/index.php\/branchennews\/\" \/>\n<meta property=\"og:locale\" content=\"de_DE\" \/>\n<meta property=\"og:type\" content=\"article\" \/>\n<meta property=\"og:title\" content=\"Branchennews - Bundesverband der B\u00fcrger- und Dorfl\u00e4den e.V. - Das Dorfladen Netzwerk\" \/>\n<meta property=\"og:description\" content=\"Die Seite f\u00fcr Dorfladen Know How\" \/>\n<meta property=\"og:url\" content=\"https:\/\/bvbdl.de\/index.php\/branchennews\/\" \/>\n<meta property=\"og:site_name\" content=\"Bundesverband der B\u00fcrger- und Dorfl\u00e4den e.V. - Das Dorfladen Netzwerk\" \/>\n<meta property=\"article:publisher\" content=\"https:\/\/www.facebook.com\/Dorfladen.Familie\" \/>\n<meta property=\"article:modified_time\" content=\"2021-11-18T07:59:06+00:00\" \/>\n<meta name=\"twitter:card\" content=\"summary_large_image\" \/>\n<meta name=\"twitter:label1\" content=\"Gesch\u00e4tzte Lesezeit\" \/>\n\t<meta name=\"twitter:data1\" content=\"1\u00a0Minute\" \/>\n<script type=\"application\/ld+json\" class=\"yoast-schema-graph\">{\"@context\":\"https:\/\/schema.org\",\"@graph\":[{\"@type\":\"WebPage\",\"@id\":\"https:\/\/bvbdl.de\/index.php\/branchennews\/\",\"url\":\"https:\/\/bvbdl.de\/index.php\/branchennews\/\",\"name\":\"Branchennews - Bundesverband der B\u00fcrger- und Dorfl\u00e4den e.V. - Das Dorfladen Netzwerk\",\"isPartOf\":{\"@id\":\"https:\/\/bvbdl.de\/#website\"},\"datePublished\":\"2021-10-10T08:51:38+00:00\",\"dateModified\":\"2021-11-18T07:59:06+00:00\",\"description\":\"Die Seite f\u00fcr Dorfladen Know How\",\"breadcrumb\":{\"@id\":\"https:\/\/bvbdl.de\/index.php\/branchennews\/#breadcrumb\"},\"inLanguage\":\"de\",\"potentialAction\":[{\"@type\":\"ReadAction\",\"target\":[\"https:\/\/bvbdl.de\/index.php\/branchennews\/\"]}]},{\"@type\":\"BreadcrumbList\",\"@id\":\"https:\/\/bvbdl.de\/index.php\/branchennews\/#breadcrumb\",\"itemListElement\":[{\"@type\":\"ListItem\",\"position\":1,\"name\":\"Home\",\"item\":\"https:\/\/bvbdl.de\/\"},{\"@type\":\"ListItem\",\"position\":2,\"name\":\"Branchennews\"}]},{\"@type\":\"WebSite\",\"@id\":\"https:\/\/bvbdl.de\/#website\",\"url\":\"https:\/\/bvbdl.de\/\",\"name\":\"Bundesverband der B\u00fcrger- und Dorfl\u00e4den e.V. - Das Dorfladen Netzwerk\",\"description\":\"bvbdl.de\",\"publisher\":{\"@id\":\"https:\/\/bvbdl.de\/#organization\"},\"potentialAction\":[{\"@type\":\"SearchAction\",\"target\":{\"@type\":\"EntryPoint\",\"urlTemplate\":\"https:\/\/bvbdl.de\/?s={search_term_string}\"},\"query-input\":{\"@type\":\"PropertyValueSpecification\",\"valueRequired\":true,\"valueName\":\"search_term_string\"}}],\"inLanguage\":\"de\"},{\"@type\":\"Organization\",\"@id\":\"https:\/\/bvbdl.de\/#organization\",\"name\":\"Bundesverband der B\u00fcrger- und Dorfl\u00e4den in Deutschland e.V.\",\"url\":\"https:\/\/bvbdl.de\/\",\"logo\":{\"@type\":\"ImageObject\",\"inLanguage\":\"de\",\"@id\":\"https:\/\/bvbdl.de\/#\/schema\/logo\/image\/\",\"url\":\"https:\/\/bvbdl.de\/wp-content\/uploads\/2025\/02\/Logo_Bundesverband_with_border.png\",\"contentUrl\":\"https:\/\/bvbdl.de\/wp-content\/uploads\/2025\/02\/Logo_Bundesverband_with_border.png\",\"width\":302,\"height\":278,\"caption\":\"Bundesverband der B\u00fcrger- und Dorfl\u00e4den in Deutschland e.V.\"},\"image\":{\"@id\":\"https:\/\/bvbdl.de\/#\/schema\/logo\/image\/\"},\"sameAs\":[\"https:\/\/www.facebook.com\/Dorfladen.Familie\",\"https:\/\/www.instagram.com\/dorfladennetzwerk\/\",\"https:\/\/www.youtube.com\/channel\/UCiIcZBpITXauy6ydrZiZIew\"]}]}<\/script>\n<!-- \/ Yoast SEO plugin. -->","yoast_head_json":{"title":"Branchennews - Bundesverband der B\u00fcrger- und Dorfl\u00e4den e.V. - Das Dorfladen Netzwerk","description":"Die Seite f\u00fcr Dorfladen Know How","robots":{"index":"index","follow":"follow","max-snippet":"max-snippet:-1","max-image-preview":"max-image-preview:large","max-video-preview":"max-video-preview:-1"},"canonical":"https:\/\/bvbdl.de\/index.php\/branchennews\/","og_locale":"de_DE","og_type":"article","og_title":"Branchennews - Bundesverband der B\u00fcrger- und Dorfl\u00e4den e.V. - Das Dorfladen Netzwerk","og_description":"Die Seite f\u00fcr Dorfladen Know How","og_url":"https:\/\/bvbdl.de\/index.php\/branchennews\/","og_site_name":"Bundesverband der B\u00fcrger- und Dorfl\u00e4den e.V. - Das Dorfladen Netzwerk","article_publisher":"https:\/\/www.facebook.com\/Dorfladen.Familie","article_modified_time":"2021-11-18T07:59:06+00:00","twitter_card":"summary_large_image","twitter_misc":{"Gesch\u00e4tzte Lesezeit":"1\u00a0Minute"},"schema":{"@context":"https:\/\/schema.org","@graph":[{"@type":"WebPage","@id":"https:\/\/bvbdl.de\/index.php\/branchennews\/","url":"https:\/\/bvbdl.de\/index.php\/branchennews\/","name":"Branchennews - Bundesverband der B\u00fcrger- und Dorfl\u00e4den e.V. - Das Dorfladen Netzwerk","isPartOf":{"@id":"https:\/\/bvbdl.de\/#website"},"datePublished":"2021-10-10T08:51:38+00:00","dateModified":"2021-11-18T07:59:06+00:00","description":"Die Seite f\u00fcr Dorfladen Know How","breadcrumb":{"@id":"https:\/\/bvbdl.de\/index.php\/branchennews\/#breadcrumb"},"inLanguage":"de","potentialAction":[{"@type":"ReadAction","target":["https:\/\/bvbdl.de\/index.php\/branchennews\/"]}]},{"@type":"BreadcrumbList","@id":"https:\/\/bvbdl.de\/index.php\/branchennews\/#breadcrumb","itemListElement":[{"@type":"ListItem","position":1,"name":"Home","item":"https:\/\/bvbdl.de\/"},{"@type":"ListItem","position":2,"name":"Branchennews"}]},{"@type":"WebSite","@id":"https:\/\/bvbdl.de\/#website","url":"https:\/\/bvbdl.de\/","name":"Bundesverband der B\u00fcrger- und Dorfl\u00e4den e.V. - Das Dorfladen Netzwerk","description":"bvbdl.de","publisher":{"@id":"https:\/\/bvbdl.de\/#organization"},"potentialAction":[{"@type":"SearchAction","target":{"@type":"EntryPoint","urlTemplate":"https:\/\/bvbdl.de\/?s={search_term_string}"},"query-input":{"@type":"PropertyValueSpecification","valueRequired":true,"valueName":"search_term_string"}}],"inLanguage":"de"},{"@type":"Organization","@id":"https:\/\/bvbdl.de\/#organization","name":"Bundesverband der B\u00fcrger- und Dorfl\u00e4den in Deutschland e.V.","url":"https:\/\/bvbdl.de\/","logo":{"@type":"ImageObject","inLanguage":"de","@id":"https:\/\/bvbdl.de\/#\/schema\/logo\/image\/","url":"https:\/\/bvbdl.de\/wp-content\/uploads\/2025\/02\/Logo_Bundesverband_with_border.png","contentUrl":"https:\/\/bvbdl.de\/wp-content\/uploads\/2025\/02\/Logo_Bundesverband_with_border.png","width":302,"height":278,"caption":"Bundesverband der B\u00fcrger- und Dorfl\u00e4den in Deutschland e.V."},"image":{"@id":"https:\/\/bvbdl.de\/#\/schema\/logo\/image\/"},"sameAs":["https:\/\/www.facebook.com\/Dorfladen.Familie","https:\/\/www.instagram.com\/dorfladennetzwerk\/","https:\/\/www.youtube.com\/channel\/UCiIcZBpITXauy6ydrZiZIew"]}]}},"_links":{"self":[{"href":"https:\/\/bvbdl.de\/index.php\/wp-json\/wp\/v2\/pages\/5212","targetHints":{"allow":["GET"]}}],"collection":[{"href":"https:\/\/bvbdl.de\/index.php\/wp-json\/wp\/v2\/pages"}],"about":[{"href":"https:\/\/bvbdl.de\/index.php\/wp-json\/wp\/v2\/types\/page"}],"author":[{"embeddable":true,"href":"https:\/\/bvbdl.de\/index.php\/wp-json\/wp\/v2\/users\/6"}],"replies":[{"embeddable":true,"href":"https:\/\/bvbdl.de\/index.php\/wp-json\/wp\/v2\/comments?post=5212"}],"version-history":[{"count":5,"href":"https:\/\/bvbdl.de\/index.php\/wp-json\/wp\/v2\/pages\/5212\/revisions"}],"predecessor-version":[{"id":5380,"href":"https:\/\/bvbdl.de\/index.php\/wp-json\/wp\/v2\/pages\/5212\/revisions\/5380"}],"wp:attachment":[{"href":"https:\/\/bvbdl.de\/index.php\/wp-json\/wp\/v2\/media?parent=5212"}],"curies":[{"name":"wp","href":"https:\/\/api.w.org\/{rel}","templated":true}]}}