{"id":5127,"date":"2021-09-22T12:03:07","date_gmt":"2021-09-22T12:03:07","guid":{"rendered":"https:\/\/dorfladen-netzwerk.com\/?page_id=5127"},"modified":"2025-01-21T07:16:21","modified_gmt":"2025-01-21T07:16:21","slug":"5-sterne-projekt","status":"publish","type":"page","link":"https:\/\/bvbdl.de\/index.php\/5-sterne-projekt\/","title":{"rendered":"5 Sterne Projekt"},"content":{"rendered":"\n<figure class=\"wp-block-image size-large\"><img loading=\"lazy\" decoding=\"async\" width=\"229\" height=\"189\" src=\"https:\/\/bvbdl.de\/wp-content\/uploads\/2021\/09\/5sterne-e1632139764257.jpg\" alt=\"5 Sterne Dorfladen\" class=\"wp-image-5039\"\/><figcaption class=\"wp-element-caption\">5 Sterne Dorfladen Wettbewerb der Vereinigung der B\u00fcrger und Dorfl\u00e4den in Deutschland<\/figcaption><\/figure>\n\n\n\n<p>Pressemitteilung:<\/p>\n\n\n\n<p><strong>Einen eigenen Qualit\u00e4tsstandard definiert die Vereinigung der B\u00fcrger- und Dorfl\u00e4den in Deutschland e.V. (www.dorfladen-netzwerk.com) mit ihrem Projekt \u201e5 Sterne Dorfladen\u201c. Nicht nur Mitglieder k\u00f6nnen sich f\u00fcr diese Auszeichnung bewerben.&nbsp;<\/strong><\/p>\n\n\n\n<p>Mit dem Projekt sollen das Kundenvertrauen gest\u00e4rkt und die Dorfl\u00e4den dazu bewegt werden, \u00fcber den Tellerrand des eigenen Arbeitens hinauszuschauen. Eine Jury \u00fcberpr\u00fcft bei den Bewerbern vor Ort, in welcher der f\u00fcnf Kategorien (Wirtschaftlichkeit, Sortimentsvielfalt, Teambildung\/Motivation, Ideen\/Marketing, Netzwerkarbeit) sie einen Stern verdient haben.&nbsp; Das Ergebnis d\u00fcrfen sie dann auf einer Tafel am Ladeneingang pr\u00e4sentieren.<\/p>\n\n\n\n<p>Ein Dorfladen kann sich jederzeit f\u00fcr das 5-Sterne-Projekt bewerben. Eine Auszeichnung erfolgt ab drei Sternen. Anhand einer, zusammen mit den Dorfl\u00e4den entwickelten Tabelle, pr\u00fcft die Jury die Kriterien und nimmt die Bewertung vor.&nbsp;<\/p>\n\n\n\n<p>\u201eDie Dorfl\u00e4den besch\u00e4ftigen sich dadurch mit Themen, die sonst im Dorfladenalltag unter gehen\u201c. Derzeit betreut das Netzwerk deutschlandweit rund 100 Dorfl\u00e4den, die gemeinsam die folgenden f\u00fcnf Bewertungskriterien festgelegt und damit den Anspruch an sich selbst sehr hoch gesetzt haben.<\/p>\n\n\n\n<ul class=\"wp-block-list\">\n<li>Beim Punkt <strong>Wirtschaftlichkeit <\/strong>z\u00e4hlt vor allem, dass der Dorfladen mindestens die schwarze Null erreicht. Positiv auf die Bewertung wirkt sich au\u00dferdem aus, wenn der Dorfladen seinen Mitarbeitern \u00fcber den Mindestlohn bezahlt. Ehrenamtliche T\u00e4tigkeiten aus dem operativen Gesch\u00e4ft werden rechnerisch mit einkalkuliert um die fairness zwischen den Dorfl\u00e4den zu gew\u00e4hrleisten.<\/li>\n\n\n\n<li>Bei der <strong>Sortimentsvielfalt <\/strong>achtet die Jury darauf, wie viele regionale Produkte im Sortiment sind und von regionalen Lieferanten geliefert werden. Au\u00dferdem sollte das Sortiment regelm\u00e4\u00dfig nachpr\u00fcfbar gecheckt und Aktionsprodukte angeboten werden.&nbsp;<\/li>\n\n\n\n<li><strong>Teambildung und Motivation<\/strong> ist ein weiteres Bewertungskriterium. Bietet der Dorfladen regelm\u00e4\u00dfig Mitarbeiterworkshops an, werden Lieferanten und andere Dorfl\u00e4den besucht und Teamevents veranstaltet (Sommerfest, Weihnachtsfeier o.\u00e4.) \u2013 das alles wirkt sich positiv auf das Gesamtergebnis aus.&nbsp;<\/li>\n\n\n\n<li>Au\u00dferdem sollte der Dorfladen neue Ideen in Sachen <strong>Marketing <\/strong>entwickeln. Und dabei bestenfalls durch seine Alleinstellungsmerkmale sein Angebot attraktiv bewerben. Sowie die Kunden regelm\u00e4\u00dfig nach ihrer Meinung fragen, um sein Angebot stetig verbessern zu k\u00f6nnen.<\/li>\n\n\n\n<li>Der f\u00fcnfte Punkt auf dem Bewertungsbogen besch\u00e4ftigt sich mit der <strong>Netzwerkarbeit<\/strong>. Wer sich innerhalb des Dorfladennetzwerkes engagiert, kann sich den Stern in dieser Kategorie verdienen. In die interne Ideenb\u00f6rse soll jedes Mitglied im Jahr mindestens zwei Vorschl\u00e4ge\/Beispiele einbringen, von denen die anderen L\u00e4den ebenfalls profitieren k\u00f6nnen.<\/li>\n<\/ul>\n\n\n\n<p>\u201eBei diesem Projekt geht es uns nicht nur um eine einmalige direkte Bewertung mit f\u00fcnf Sternen\u201c &#8211; \u201eAuf Wunsch begleiten wir die Dorfl\u00e4den auch bei dem Prozess. F\u00fcnf Sterne kann nur der Dorfladen erreichen der am Ende des Gesch\u00e4ftsjahres auch eine schwarze Null schreibt. Und genau das ist wichtig f\u00fcr den langfristigen Erfolg und die Nahversorgung der B\u00fcrger.\u201c&nbsp;<\/p>\n\n\n\n<p>Jeder Dorfladen, der 5 Sterne erh\u00e4lt, ist automatisch f\u00fcr den <a href=\"https:\/\/bvbdl.de\/index.php\/dorfladen-des-jahres\/\">\u201eDorfladen des Jahres\u201c<\/a> nominiert. Die Pr\u00e4mierung, die separat mit einem Preisgeld belohnt wird, erfolgt durch den Handelsverband und dem bayrischen Staatsministerium f\u00fcr Wirtschaft, Landesentwicklung und Energie. <strong>Stichtag f\u00fcr die Nominierung zum Gold Dorfladen des Jahres ist j\u00e4hrlich am 1. Oktober<\/strong><\/p>\n\n\n\n<p><strong>Der Bundesverband der B\u00fcrger- und Dorfl\u00e4den in Deutschland e.V. <\/strong>ist die mitgliederst\u00e4rkste Vereinigung von B\u00fcrger- und Dorfl\u00e4den und steht formal hinter dem bereits 1995 gegr\u00fcndeten Dienstleistungsnetzwerk f\u00fcr die Nahversorgung. Zieldes Verbandes ist es, insbesondere kleine B\u00fcrger- und Dorfl\u00e4den in den wichtigsten fachlichen Fragen professionell vor Ort zu begleiten und deren Interessen zu vertreten.&nbsp;<\/p>\n\n\n\n<p><a href=\"https:\/\/bvbdl.de\/index.php\/unsere-sterne-dorflaeden\/\">Eine \u00dcbersicht \u00fcber unsere ausgezeichneten Dorfl\u00e4den finden Sie hier.<\/a><\/p>\n\n\n\n<p><\/p>\n\n\n\n<p><\/p>\n\n\n\n<p><\/p>\n\n\n\n<p><\/p>\n","protected":false},"excerpt":{"rendered":"<p>Pressemitteilung: Einen eigenen Qualit\u00e4tsstandard definiert die Vereinigung der B\u00fcrger- und Dorfl\u00e4den in Deutschland e.V. (www.dorfladen-netzwerk.com) mit ihrem Projekt \u201e5 Sterne Dorfladen\u201c. Nicht nur Mitglieder k\u00f6nnen sich f\u00fcr diese Auszeichnung bewerben.&nbsp; Mit dem Projekt sollen das Kundenvertrauen gest\u00e4rkt und die Dorfl\u00e4den dazu bewegt werden, \u00fcber den Tellerrand des eigenen Arbeitens hinauszuschauen. [&hellip;]<\/p>\n","protected":false},"author":6,"featured_media":4665,"parent":0,"menu_order":0,"comment_status":"closed","ping_status":"closed","template":"page-templates\/template-fullwidth.php","meta":{"_eb_attr":"","_themeisle_gutenberg_block_has_review":false,"footnotes":""},"class_list":["post-5127","page","type-page","status-publish","has-post-thumbnail","hentry"],"yoast_head":"<!-- This site is optimized with the Yoast SEO plugin v26.0 - https:\/\/yoast.com\/wordpress\/plugins\/seo\/ -->\n<title>5 Sterne Projekt - Bundesverband der B\u00fcrger- und Dorfl\u00e4den e.V. - Das Dorfladen Netzwerk<\/title>\n<meta name=\"description\" content=\"Pressemitteilung zu dem Projekt &quot;5 Sterne Dorfladen&quot; Welche Kriterien muss der Dorfladen erf\u00fcllen um eine m\u00f6glichst hohe Auszeichnung zu bekommen.\" \/>\n<meta name=\"robots\" content=\"index, follow, max-snippet:-1, max-image-preview:large, max-video-preview:-1\" \/>\n<link rel=\"canonical\" href=\"https:\/\/bvbdl.de\/index.php\/5-sterne-projekt\/\" \/>\n<meta property=\"og:locale\" content=\"de_DE\" \/>\n<meta property=\"og:type\" content=\"article\" \/>\n<meta property=\"og:title\" content=\"5 Sterne Projekt - Bundesverband der B\u00fcrger- und Dorfl\u00e4den e.V. - Das Dorfladen Netzwerk\" \/>\n<meta property=\"og:description\" content=\"Pressemitteilung zu dem Projekt &quot;5 Sterne Dorfladen&quot; Welche Kriterien muss der Dorfladen erf\u00fcllen um eine m\u00f6glichst hohe Auszeichnung zu bekommen.\" \/>\n<meta property=\"og:url\" content=\"https:\/\/bvbdl.de\/index.php\/5-sterne-projekt\/\" \/>\n<meta property=\"og:site_name\" content=\"Bundesverband der B\u00fcrger- und Dorfl\u00e4den e.V. - Das Dorfladen Netzwerk\" \/>\n<meta property=\"article:publisher\" content=\"https:\/\/www.facebook.com\/Dorfladen.Familie\" \/>\n<meta property=\"article:modified_time\" content=\"2025-01-21T07:16:21+00:00\" \/>\n<meta property=\"og:image\" content=\"https:\/\/bvbdl.de\/wp-content\/uploads\/2021\/08\/3-scaled.jpg\" \/>\n\t<meta property=\"og:image:width\" content=\"2560\" \/>\n\t<meta property=\"og:image:height\" content=\"1440\" \/>\n\t<meta property=\"og:image:type\" content=\"image\/jpeg\" \/>\n<meta name=\"twitter:card\" content=\"summary_large_image\" \/>\n<meta name=\"twitter:label1\" content=\"Gesch\u00e4tzte Lesezeit\" \/>\n\t<meta name=\"twitter:data1\" content=\"4\u00a0Minuten\" \/>\n<script type=\"application\/ld+json\" class=\"yoast-schema-graph\">{\"@context\":\"https:\/\/schema.org\",\"@graph\":[{\"@type\":\"WebPage\",\"@id\":\"https:\/\/bvbdl.de\/index.php\/5-sterne-projekt\/\",\"url\":\"https:\/\/bvbdl.de\/index.php\/5-sterne-projekt\/\",\"name\":\"5 Sterne Projekt - Bundesverband der B\u00fcrger- und Dorfl\u00e4den e.V. - Das Dorfladen Netzwerk\",\"isPartOf\":{\"@id\":\"https:\/\/bvbdl.de\/#website\"},\"primaryImageOfPage\":{\"@id\":\"https:\/\/bvbdl.de\/index.php\/5-sterne-projekt\/#primaryimage\"},\"image\":{\"@id\":\"https:\/\/bvbdl.de\/index.php\/5-sterne-projekt\/#primaryimage\"},\"thumbnailUrl\":\"https:\/\/bvbdl.de\/wp-content\/uploads\/2021\/08\/3-scaled.jpg\",\"datePublished\":\"2021-09-22T12:03:07+00:00\",\"dateModified\":\"2025-01-21T07:16:21+00:00\",\"description\":\"Pressemitteilung zu dem Projekt \\\"5 Sterne Dorfladen\\\" Welche Kriterien muss der Dorfladen erf\u00fcllen um eine m\u00f6glichst hohe Auszeichnung zu bekommen.\",\"breadcrumb\":{\"@id\":\"https:\/\/bvbdl.de\/index.php\/5-sterne-projekt\/#breadcrumb\"},\"inLanguage\":\"de\",\"potentialAction\":[{\"@type\":\"ReadAction\",\"target\":[\"https:\/\/bvbdl.de\/index.php\/5-sterne-projekt\/\"]}]},{\"@type\":\"ImageObject\",\"inLanguage\":\"de\",\"@id\":\"https:\/\/bvbdl.de\/index.php\/5-sterne-projekt\/#primaryimage\",\"url\":\"https:\/\/bvbdl.de\/wp-content\/uploads\/2021\/08\/3-scaled.jpg\",\"contentUrl\":\"https:\/\/bvbdl.de\/wp-content\/uploads\/2021\/08\/3-scaled.jpg\",\"width\":2560,\"height\":1440},{\"@type\":\"BreadcrumbList\",\"@id\":\"https:\/\/bvbdl.de\/index.php\/5-sterne-projekt\/#breadcrumb\",\"itemListElement\":[{\"@type\":\"ListItem\",\"position\":1,\"name\":\"Home\",\"item\":\"https:\/\/bvbdl.de\/\"},{\"@type\":\"ListItem\",\"position\":2,\"name\":\"5 Sterne Projekt\"}]},{\"@type\":\"WebSite\",\"@id\":\"https:\/\/bvbdl.de\/#website\",\"url\":\"https:\/\/bvbdl.de\/\",\"name\":\"Bundesverband der B\u00fcrger- und Dorfl\u00e4den e.V. - Das Dorfladen Netzwerk\",\"description\":\"bvbdl.de\",\"publisher\":{\"@id\":\"https:\/\/bvbdl.de\/#organization\"},\"potentialAction\":[{\"@type\":\"SearchAction\",\"target\":{\"@type\":\"EntryPoint\",\"urlTemplate\":\"https:\/\/bvbdl.de\/?s={search_term_string}\"},\"query-input\":{\"@type\":\"PropertyValueSpecification\",\"valueRequired\":true,\"valueName\":\"search_term_string\"}}],\"inLanguage\":\"de\"},{\"@type\":\"Organization\",\"@id\":\"https:\/\/bvbdl.de\/#organization\",\"name\":\"Bundesverband der B\u00fcrger- und Dorfl\u00e4den in Deutschland e.V.\",\"url\":\"https:\/\/bvbdl.de\/\",\"logo\":{\"@type\":\"ImageObject\",\"inLanguage\":\"de\",\"@id\":\"https:\/\/bvbdl.de\/#\/schema\/logo\/image\/\",\"url\":\"https:\/\/bvbdl.de\/wp-content\/uploads\/2025\/02\/Logo_Bundesverband_with_border.png\",\"contentUrl\":\"https:\/\/bvbdl.de\/wp-content\/uploads\/2025\/02\/Logo_Bundesverband_with_border.png\",\"width\":302,\"height\":278,\"caption\":\"Bundesverband der B\u00fcrger- und Dorfl\u00e4den in Deutschland e.V.\"},\"image\":{\"@id\":\"https:\/\/bvbdl.de\/#\/schema\/logo\/image\/\"},\"sameAs\":[\"https:\/\/www.facebook.com\/Dorfladen.Familie\",\"https:\/\/www.instagram.com\/dorfladennetzwerk\/\",\"https:\/\/www.youtube.com\/channel\/UCiIcZBpITXauy6ydrZiZIew\"]}]}<\/script>\n<!-- \/ Yoast SEO plugin. -->","yoast_head_json":{"title":"5 Sterne Projekt - Bundesverband der B\u00fcrger- und Dorfl\u00e4den e.V. - Das Dorfladen Netzwerk","description":"Pressemitteilung zu dem Projekt \"5 Sterne Dorfladen\" Welche Kriterien muss der Dorfladen erf\u00fcllen um eine m\u00f6glichst hohe Auszeichnung zu bekommen.","robots":{"index":"index","follow":"follow","max-snippet":"max-snippet:-1","max-image-preview":"max-image-preview:large","max-video-preview":"max-video-preview:-1"},"canonical":"https:\/\/bvbdl.de\/index.php\/5-sterne-projekt\/","og_locale":"de_DE","og_type":"article","og_title":"5 Sterne Projekt - Bundesverband der B\u00fcrger- und Dorfl\u00e4den e.V. - Das Dorfladen Netzwerk","og_description":"Pressemitteilung zu dem Projekt \"5 Sterne Dorfladen\" Welche Kriterien muss der Dorfladen erf\u00fcllen um eine m\u00f6glichst hohe Auszeichnung zu bekommen.","og_url":"https:\/\/bvbdl.de\/index.php\/5-sterne-projekt\/","og_site_name":"Bundesverband der B\u00fcrger- und Dorfl\u00e4den e.V. - Das Dorfladen Netzwerk","article_publisher":"https:\/\/www.facebook.com\/Dorfladen.Familie","article_modified_time":"2025-01-21T07:16:21+00:00","og_image":[{"width":2560,"height":1440,"url":"https:\/\/bvbdl.de\/wp-content\/uploads\/2021\/08\/3-scaled.jpg","type":"image\/jpeg"}],"twitter_card":"summary_large_image","twitter_misc":{"Gesch\u00e4tzte Lesezeit":"4\u00a0Minuten"},"schema":{"@context":"https:\/\/schema.org","@graph":[{"@type":"WebPage","@id":"https:\/\/bvbdl.de\/index.php\/5-sterne-projekt\/","url":"https:\/\/bvbdl.de\/index.php\/5-sterne-projekt\/","name":"5 Sterne Projekt - Bundesverband der B\u00fcrger- und Dorfl\u00e4den e.V. - Das Dorfladen Netzwerk","isPartOf":{"@id":"https:\/\/bvbdl.de\/#website"},"primaryImageOfPage":{"@id":"https:\/\/bvbdl.de\/index.php\/5-sterne-projekt\/#primaryimage"},"image":{"@id":"https:\/\/bvbdl.de\/index.php\/5-sterne-projekt\/#primaryimage"},"thumbnailUrl":"https:\/\/bvbdl.de\/wp-content\/uploads\/2021\/08\/3-scaled.jpg","datePublished":"2021-09-22T12:03:07+00:00","dateModified":"2025-01-21T07:16:21+00:00","description":"Pressemitteilung zu dem Projekt \"5 Sterne Dorfladen\" Welche Kriterien muss der Dorfladen erf\u00fcllen um eine m\u00f6glichst hohe Auszeichnung zu bekommen.","breadcrumb":{"@id":"https:\/\/bvbdl.de\/index.php\/5-sterne-projekt\/#breadcrumb"},"inLanguage":"de","potentialAction":[{"@type":"ReadAction","target":["https:\/\/bvbdl.de\/index.php\/5-sterne-projekt\/"]}]},{"@type":"ImageObject","inLanguage":"de","@id":"https:\/\/bvbdl.de\/index.php\/5-sterne-projekt\/#primaryimage","url":"https:\/\/bvbdl.de\/wp-content\/uploads\/2021\/08\/3-scaled.jpg","contentUrl":"https:\/\/bvbdl.de\/wp-content\/uploads\/2021\/08\/3-scaled.jpg","width":2560,"height":1440},{"@type":"BreadcrumbList","@id":"https:\/\/bvbdl.de\/index.php\/5-sterne-projekt\/#breadcrumb","itemListElement":[{"@type":"ListItem","position":1,"name":"Home","item":"https:\/\/bvbdl.de\/"},{"@type":"ListItem","position":2,"name":"5 Sterne Projekt"}]},{"@type":"WebSite","@id":"https:\/\/bvbdl.de\/#website","url":"https:\/\/bvbdl.de\/","name":"Bundesverband der B\u00fcrger- und Dorfl\u00e4den e.V. - Das Dorfladen Netzwerk","description":"bvbdl.de","publisher":{"@id":"https:\/\/bvbdl.de\/#organization"},"potentialAction":[{"@type":"SearchAction","target":{"@type":"EntryPoint","urlTemplate":"https:\/\/bvbdl.de\/?s={search_term_string}"},"query-input":{"@type":"PropertyValueSpecification","valueRequired":true,"valueName":"search_term_string"}}],"inLanguage":"de"},{"@type":"Organization","@id":"https:\/\/bvbdl.de\/#organization","name":"Bundesverband der B\u00fcrger- und Dorfl\u00e4den in Deutschland e.V.","url":"https:\/\/bvbdl.de\/","logo":{"@type":"ImageObject","inLanguage":"de","@id":"https:\/\/bvbdl.de\/#\/schema\/logo\/image\/","url":"https:\/\/bvbdl.de\/wp-content\/uploads\/2025\/02\/Logo_Bundesverband_with_border.png","contentUrl":"https:\/\/bvbdl.de\/wp-content\/uploads\/2025\/02\/Logo_Bundesverband_with_border.png","width":302,"height":278,"caption":"Bundesverband der B\u00fcrger- und Dorfl\u00e4den in Deutschland e.V."},"image":{"@id":"https:\/\/bvbdl.de\/#\/schema\/logo\/image\/"},"sameAs":["https:\/\/www.facebook.com\/Dorfladen.Familie","https:\/\/www.instagram.com\/dorfladennetzwerk\/","https:\/\/www.youtube.com\/channel\/UCiIcZBpITXauy6ydrZiZIew"]}]}},"_links":{"self":[{"href":"https:\/\/bvbdl.de\/index.php\/wp-json\/wp\/v2\/pages\/5127","targetHints":{"allow":["GET"]}}],"collection":[{"href":"https:\/\/bvbdl.de\/index.php\/wp-json\/wp\/v2\/pages"}],"about":[{"href":"https:\/\/bvbdl.de\/index.php\/wp-json\/wp\/v2\/types\/page"}],"author":[{"embeddable":true,"href":"https:\/\/bvbdl.de\/index.php\/wp-json\/wp\/v2\/users\/6"}],"replies":[{"embeddable":true,"href":"https:\/\/bvbdl.de\/index.php\/wp-json\/wp\/v2\/comments?post=5127"}],"version-history":[{"count":11,"href":"https:\/\/bvbdl.de\/index.php\/wp-json\/wp\/v2\/pages\/5127\/revisions"}],"predecessor-version":[{"id":7034,"href":"https:\/\/bvbdl.de\/index.php\/wp-json\/wp\/v2\/pages\/5127\/revisions\/7034"}],"wp:featuredmedia":[{"embeddable":true,"href":"https:\/\/bvbdl.de\/index.php\/wp-json\/wp\/v2\/media\/4665"}],"wp:attachment":[{"href":"https:\/\/bvbdl.de\/index.php\/wp-json\/wp\/v2\/media?parent=5127"}],"curies":[{"name":"wp","href":"https:\/\/api.w.org\/{rel}","templated":true}]}}