{"id":4794,"date":"2021-09-01T09:21:18","date_gmt":"2021-09-01T09:21:18","guid":{"rendered":"https:\/\/praxiswissen.dorfladen-netzwerk.com\/?page_id=4794"},"modified":"2021-09-01T09:21:19","modified_gmt":"2021-09-01T09:21:19","slug":"impressum","status":"publish","type":"page","link":"https:\/\/bvbdl.de\/index.php\/impressum\/","title":{"rendered":"Impressum"},"content":{"rendered":"\n<div class=\"wp-block-columns is-layout-flex wp-container-core-columns-is-layout-28f84493 wp-block-columns-is-layout-flex\">\n<div class=\"wp-block-column is-layout-flow wp-block-column-is-layout-flow\" style=\"flex-basis:100%\">\n\t\t\t\t<h2>Vereinigung der B\u00fcrger- und Dorfl\u00e4den in Deutschland e.V.<\/h2>\n\n\t\t\t\tKempfenhauser Stra\u00dfe 11 <br>\n\t\t\t\t82335 Berg\n\t\t\t\t<p><\/p>\n\n\t\t\t\t<p>\n\t\t\t\t\tTel.: 08151-7467290<br>\n\t\t\t\t\tEmail: wimgroell@t-online.de\n\t\t\t\t<\/p>\n\n\t\t\t\t<h2>Vertretungsberechtigter Vorstand:<\/h2>\n\t\t\t\t<p>Wolfgang Gr\u00f6ll<\/p>\n\n\t\t\t\t<h2>Registereintrag<\/h2>\n\t\t\t\tEintragung im Vereinsregister.<br>\n\t\t\t\tRegistergericht:Amtsgericht M\u00fcnchen-Registergericht <br>\n\t\t\t\tRegisternummer: VR208357 <br>\n\t\t\t\t<br>\n\n\t\t\t\t<h3>Haftung f\u00fcr Inhalte<\/h3>\n\t\t\t\t<p>\n\t\t\t\t\tAls Diensteanbieter sind wir gem\u00e4\u00df \u00a7 7 Abs.1 TMG f\u00fcr eigene Inhalte\n\t\t\t\t\tauf diesen Seiten nach den allgemeinen Gesetzen verantwortlich. Nach\n\t\t\t\t\t\u00a7\u00a7 8 bis 10 TMG sind wir als Diensteanbieter jedoch nicht\n\t\t\t\t\tverpflichtet, \u00fcbermittelte oder gespeicherte fremde Informationen zu\n\t\t\t\t\t\u00fcberwachen oder nach Umst\u00e4nden zu forschen, die auf eine\n\t\t\t\t\trechtswidrige T\u00e4tigkeit hinweisen.\n\t\t\t\t<\/p>\n\t\t\t\t<p>\n\t\t\t\t\tVerpflichtungen zur Entfernung oder Sperrung der Nutzung von\n\t\t\t\t\tInformationen nach den allgemeinen Gesetzen bleiben hiervon\n\t\t\t\t\tunber\u00fchrt. Eine diesbez\u00fcgliche Haftung ist jedoch erst ab dem\n\t\t\t\t\tZeitpunkt der Kenntnis einer konkreten Rechtsverletzung m\u00f6glich. Bei\n\t\t\t\t\tBekanntwerden von entsprechenden Rechtsverletzungen werden wir diese\n\t\t\t\t\tInhalte umgehend entfernen.\n\t\t\t\t<\/p>\n\t\t\t\t<h3>Haftung f\u00fcr Links<\/h3>\n\t\t\t\t<p>\n\t\t\t\t\tUnser Angebot enth\u00e4lt Links zu externen Websites Dritter, auf deren\n\t\t\t\t\tInhalte wir keinen Einfluss haben. Deshalb k\u00f6nnen wir f\u00fcr diese\n\t\t\t\t\tfremden Inhalte auch keine Gew\u00e4hr \u00fcbernehmen. F\u00fcr die Inhalte der\n\t\t\t\t\tverlinkten Seiten ist stets der jeweilige Anbieter oder Betreiber\n\t\t\t\t\tder Seiten verantwortlich. Die verlinkten Seiten wurden zum\n\t\t\t\t\tZeitpunkt der Verlinkung auf m\u00f6gliche Rechtsverst\u00f6\u00dfe \u00fcberpr\u00fcft.\n\t\t\t\t\tRechtswidrige Inhalte waren zum Zeitpunkt der Verlinkung nicht\n\t\t\t\t\terkennbar.\n\t\t\t\t<\/p>\n\t\t\t\t<p>\n\t\t\t\t\tEine permanente inhaltliche Kontrolle der verlinkten Seiten ist\n\t\t\t\t\tjedoch ohne konkrete Anhaltspunkte einer Rechtsverletzung nicht\n\t\t\t\t\tzumutbar. Bei Bekanntwerden von Rechtsverletzungen werden wir\n\t\t\t\t\tderartige Links umgehend entfernen.\n\t\t\t\t<\/p>\n\t\t\t\t<h3>Urheberrecht<\/h3>\n\t\t\t\t<p>\n\t\t\t\t\tDie durch die Seitenbetreiber erstellten Inhalte und Werke auf\n\t\t\t\t\tdiesen Seiten unterliegen dem deutschen Urheberrecht. Die\n\t\t\t\t\tVervielf\u00e4ltigung, Bearbeitung, Verbreitung und jede Art der\n\t\t\t\t\tVerwertung au\u00dferhalb der Grenzen des Urheberrechtes bed\u00fcrfen der\n\t\t\t\t\tschriftlichen Zustimmung des jeweiligen Autors bzw. Erstellers.\n\t\t\t\t\tDownloads und Kopien dieser Seite sind nur f\u00fcr den privaten, nicht\n\t\t\t\t\tkommerziellen Gebrauch gestattet.\n\t\t\t\t<\/p>\n\t\t\t\t<p>\n\t\t\t\t\tSoweit die Inhalte auf dieser Seite nicht vom Betreiber erstellt\n\t\t\t\t\twurden, werden die Urheberrechte Dritter beachtet. Insbesondere\n\t\t\t\t\twerden Inhalte Dritter als solche gekennzeichnet. Sollten Sie\n\t\t\t\t\ttrotzdem auf eine Urheberrechtsverletzung aufmerksam werden, bitten\n\t\t\t\t\twir um einen entsprechenden Hinweis. Bei Bekanntwerden von\n\t\t\t\t\tRechtsverletzungen werden wir derartige Inhalte umgehend entfernen.\n\t\t\t\t<\/p>\n\t\t\t\n<\/div>\n<\/div>\n","protected":false},"excerpt":{"rendered":"<p>Vereinigung der B\u00fcrger- und Dorfl\u00e4den in Deutschland e.V. Kempfenhauser Stra\u00dfe 11 82335 Berg Tel.: 08151-7467290 Email: wimgroell@t-online.de Vertretungsberechtigter Vorstand: Wolfgang Gr\u00f6ll Registereintrag Eintragung im Vereinsregister. Registergericht:Amtsgericht M\u00fcnchen-Registergericht Registernummer: VR208357 Haftung f\u00fcr Inhalte Als Diensteanbieter sind wir gem\u00e4\u00df \u00a7 7 Abs.1 TMG f\u00fcr eigene Inhalte auf diesen Seiten nach den allgemeinen [&hellip;]<\/p>\n","protected":false},"author":1,"featured_media":0,"parent":0,"menu_order":0,"comment_status":"closed","ping_status":"closed","template":"page-templates\/template-fullwidth.php","meta":{"_eb_attr":"","_themeisle_gutenberg_block_has_review":false,"footnotes":""},"class_list":["post-4794","page","type-page","status-publish","hentry"],"yoast_head":"<!-- This site is optimized with the Yoast SEO plugin v26.0 - https:\/\/yoast.com\/wordpress\/plugins\/seo\/ -->\n<title>Impressum - Bundesverband der B\u00fcrger- und Dorfl\u00e4den e.V. - Das Dorfladen Netzwerk<\/title>\n<meta name=\"description\" content=\"Die Seite f\u00fcr Dorfladen Know How\" \/>\n<meta name=\"robots\" content=\"index, follow, max-snippet:-1, max-image-preview:large, max-video-preview:-1\" \/>\n<link rel=\"canonical\" href=\"https:\/\/bvbdl.de\/index.php\/impressum\/\" \/>\n<meta property=\"og:locale\" content=\"de_DE\" \/>\n<meta property=\"og:type\" content=\"article\" \/>\n<meta property=\"og:title\" content=\"Impressum - Bundesverband der B\u00fcrger- und Dorfl\u00e4den e.V. - Das Dorfladen Netzwerk\" \/>\n<meta property=\"og:description\" content=\"Die Seite f\u00fcr Dorfladen Know How\" \/>\n<meta property=\"og:url\" content=\"https:\/\/bvbdl.de\/index.php\/impressum\/\" \/>\n<meta property=\"og:site_name\" content=\"Bundesverband der B\u00fcrger- und Dorfl\u00e4den e.V. - Das Dorfladen Netzwerk\" \/>\n<meta property=\"article:publisher\" content=\"https:\/\/www.facebook.com\/Dorfladen.Familie\" \/>\n<meta property=\"article:modified_time\" content=\"2021-09-01T09:21:19+00:00\" \/>\n<meta name=\"twitter:card\" content=\"summary_large_image\" \/>\n<meta name=\"twitter:label1\" content=\"Gesch\u00e4tzte Lesezeit\" \/>\n\t<meta name=\"twitter:data1\" content=\"2\u00a0Minuten\" \/>\n<script type=\"application\/ld+json\" class=\"yoast-schema-graph\">{\"@context\":\"https:\/\/schema.org\",\"@graph\":[{\"@type\":\"WebPage\",\"@id\":\"https:\/\/bvbdl.de\/index.php\/impressum\/\",\"url\":\"https:\/\/bvbdl.de\/index.php\/impressum\/\",\"name\":\"Impressum - Bundesverband der B\u00fcrger- und Dorfl\u00e4den e.V. - Das Dorfladen Netzwerk\",\"isPartOf\":{\"@id\":\"https:\/\/bvbdl.de\/#website\"},\"datePublished\":\"2021-09-01T09:21:18+00:00\",\"dateModified\":\"2021-09-01T09:21:19+00:00\",\"description\":\"Die Seite f\u00fcr Dorfladen Know How\",\"breadcrumb\":{\"@id\":\"https:\/\/bvbdl.de\/index.php\/impressum\/#breadcrumb\"},\"inLanguage\":\"de\",\"potentialAction\":[{\"@type\":\"ReadAction\",\"target\":[\"https:\/\/bvbdl.de\/index.php\/impressum\/\"]}]},{\"@type\":\"BreadcrumbList\",\"@id\":\"https:\/\/bvbdl.de\/index.php\/impressum\/#breadcrumb\",\"itemListElement\":[{\"@type\":\"ListItem\",\"position\":1,\"name\":\"Home\",\"item\":\"https:\/\/bvbdl.de\/\"},{\"@type\":\"ListItem\",\"position\":2,\"name\":\"Impressum\"}]},{\"@type\":\"WebSite\",\"@id\":\"https:\/\/bvbdl.de\/#website\",\"url\":\"https:\/\/bvbdl.de\/\",\"name\":\"Bundesverband der B\u00fcrger- und Dorfl\u00e4den e.V. - Das Dorfladen Netzwerk\",\"description\":\"bvbdl.de\",\"publisher\":{\"@id\":\"https:\/\/bvbdl.de\/#organization\"},\"potentialAction\":[{\"@type\":\"SearchAction\",\"target\":{\"@type\":\"EntryPoint\",\"urlTemplate\":\"https:\/\/bvbdl.de\/?s={search_term_string}\"},\"query-input\":{\"@type\":\"PropertyValueSpecification\",\"valueRequired\":true,\"valueName\":\"search_term_string\"}}],\"inLanguage\":\"de\"},{\"@type\":\"Organization\",\"@id\":\"https:\/\/bvbdl.de\/#organization\",\"name\":\"Bundesverband der B\u00fcrger- und Dorfl\u00e4den in Deutschland e.V.\",\"url\":\"https:\/\/bvbdl.de\/\",\"logo\":{\"@type\":\"ImageObject\",\"inLanguage\":\"de\",\"@id\":\"https:\/\/bvbdl.de\/#\/schema\/logo\/image\/\",\"url\":\"https:\/\/bvbdl.de\/wp-content\/uploads\/2025\/02\/Logo_Bundesverband_with_border.png\",\"contentUrl\":\"https:\/\/bvbdl.de\/wp-content\/uploads\/2025\/02\/Logo_Bundesverband_with_border.png\",\"width\":302,\"height\":278,\"caption\":\"Bundesverband der B\u00fcrger- und Dorfl\u00e4den in Deutschland e.V.\"},\"image\":{\"@id\":\"https:\/\/bvbdl.de\/#\/schema\/logo\/image\/\"},\"sameAs\":[\"https:\/\/www.facebook.com\/Dorfladen.Familie\",\"https:\/\/www.instagram.com\/dorfladennetzwerk\/\",\"https:\/\/www.youtube.com\/channel\/UCiIcZBpITXauy6ydrZiZIew\"]}]}<\/script>\n<!-- \/ Yoast SEO plugin. -->","yoast_head_json":{"title":"Impressum - Bundesverband der B\u00fcrger- und Dorfl\u00e4den e.V. - Das Dorfladen Netzwerk","description":"Die Seite f\u00fcr Dorfladen Know How","robots":{"index":"index","follow":"follow","max-snippet":"max-snippet:-1","max-image-preview":"max-image-preview:large","max-video-preview":"max-video-preview:-1"},"canonical":"https:\/\/bvbdl.de\/index.php\/impressum\/","og_locale":"de_DE","og_type":"article","og_title":"Impressum - Bundesverband der B\u00fcrger- und Dorfl\u00e4den e.V. - Das Dorfladen Netzwerk","og_description":"Die Seite f\u00fcr Dorfladen Know How","og_url":"https:\/\/bvbdl.de\/index.php\/impressum\/","og_site_name":"Bundesverband der B\u00fcrger- und Dorfl\u00e4den e.V. - Das Dorfladen Netzwerk","article_publisher":"https:\/\/www.facebook.com\/Dorfladen.Familie","article_modified_time":"2021-09-01T09:21:19+00:00","twitter_card":"summary_large_image","twitter_misc":{"Gesch\u00e4tzte Lesezeit":"2\u00a0Minuten"},"schema":{"@context":"https:\/\/schema.org","@graph":[{"@type":"WebPage","@id":"https:\/\/bvbdl.de\/index.php\/impressum\/","url":"https:\/\/bvbdl.de\/index.php\/impressum\/","name":"Impressum - Bundesverband der B\u00fcrger- und Dorfl\u00e4den e.V. - Das Dorfladen Netzwerk","isPartOf":{"@id":"https:\/\/bvbdl.de\/#website"},"datePublished":"2021-09-01T09:21:18+00:00","dateModified":"2021-09-01T09:21:19+00:00","description":"Die Seite f\u00fcr Dorfladen Know How","breadcrumb":{"@id":"https:\/\/bvbdl.de\/index.php\/impressum\/#breadcrumb"},"inLanguage":"de","potentialAction":[{"@type":"ReadAction","target":["https:\/\/bvbdl.de\/index.php\/impressum\/"]}]},{"@type":"BreadcrumbList","@id":"https:\/\/bvbdl.de\/index.php\/impressum\/#breadcrumb","itemListElement":[{"@type":"ListItem","position":1,"name":"Home","item":"https:\/\/bvbdl.de\/"},{"@type":"ListItem","position":2,"name":"Impressum"}]},{"@type":"WebSite","@id":"https:\/\/bvbdl.de\/#website","url":"https:\/\/bvbdl.de\/","name":"Bundesverband der B\u00fcrger- und Dorfl\u00e4den e.V. - Das Dorfladen Netzwerk","description":"bvbdl.de","publisher":{"@id":"https:\/\/bvbdl.de\/#organization"},"potentialAction":[{"@type":"SearchAction","target":{"@type":"EntryPoint","urlTemplate":"https:\/\/bvbdl.de\/?s={search_term_string}"},"query-input":{"@type":"PropertyValueSpecification","valueRequired":true,"valueName":"search_term_string"}}],"inLanguage":"de"},{"@type":"Organization","@id":"https:\/\/bvbdl.de\/#organization","name":"Bundesverband der B\u00fcrger- und Dorfl\u00e4den in Deutschland e.V.","url":"https:\/\/bvbdl.de\/","logo":{"@type":"ImageObject","inLanguage":"de","@id":"https:\/\/bvbdl.de\/#\/schema\/logo\/image\/","url":"https:\/\/bvbdl.de\/wp-content\/uploads\/2025\/02\/Logo_Bundesverband_with_border.png","contentUrl":"https:\/\/bvbdl.de\/wp-content\/uploads\/2025\/02\/Logo_Bundesverband_with_border.png","width":302,"height":278,"caption":"Bundesverband der B\u00fcrger- und Dorfl\u00e4den in Deutschland e.V."},"image":{"@id":"https:\/\/bvbdl.de\/#\/schema\/logo\/image\/"},"sameAs":["https:\/\/www.facebook.com\/Dorfladen.Familie","https:\/\/www.instagram.com\/dorfladennetzwerk\/","https:\/\/www.youtube.com\/channel\/UCiIcZBpITXauy6ydrZiZIew"]}]}},"_links":{"self":[{"href":"https:\/\/bvbdl.de\/index.php\/wp-json\/wp\/v2\/pages\/4794","targetHints":{"allow":["GET"]}}],"collection":[{"href":"https:\/\/bvbdl.de\/index.php\/wp-json\/wp\/v2\/pages"}],"about":[{"href":"https:\/\/bvbdl.de\/index.php\/wp-json\/wp\/v2\/types\/page"}],"author":[{"embeddable":true,"href":"https:\/\/bvbdl.de\/index.php\/wp-json\/wp\/v2\/users\/1"}],"replies":[{"embeddable":true,"href":"https:\/\/bvbdl.de\/index.php\/wp-json\/wp\/v2\/comments?post=4794"}],"version-history":[{"count":1,"href":"https:\/\/bvbdl.de\/index.php\/wp-json\/wp\/v2\/pages\/4794\/revisions"}],"predecessor-version":[{"id":4795,"href":"https:\/\/bvbdl.de\/index.php\/wp-json\/wp\/v2\/pages\/4794\/revisions\/4795"}],"wp:attachment":[{"href":"https:\/\/bvbdl.de\/index.php\/wp-json\/wp\/v2\/media?parent=4794"}],"curies":[{"name":"wp","href":"https:\/\/api.w.org\/{rel}","templated":true}]}}