{"id":4790,"date":"2021-09-01T09:16:27","date_gmt":"2021-09-01T09:16:27","guid":{"rendered":"https:\/\/praxiswissen.dorfladen-netzwerk.com\/?page_id=4790"},"modified":"2021-09-01T09:19:13","modified_gmt":"2021-09-01T09:19:13","slug":"datenschutz","status":"publish","type":"page","link":"https:\/\/bvbdl.de\/index.php\/datenschutz\/","title":{"rendered":"Datenschutz"},"content":{"rendered":"\n<h1 class=\"wp-block-heading\">Datenschutzerkl\u00e4rung<\/h1>\n\n\n\n<div class=\"wp-block-columns is-layout-flex wp-container-core-columns-is-layout-28f84493 wp-block-columns-is-layout-flex\">\n<div class=\"wp-block-column is-layout-flow wp-block-column-is-layout-flow\" style=\"flex-basis:100%\">\n<div class=\"col2to3\">\n\t\t\t\t\t<h2>1. Datenschutz auf einen Blick<\/h2>\n\t\t\t\t\t<h3>Allgemeine Hinweise<\/h3>\n\t\t\t\t\t<p>\n\t\t\t\t\t\tDie folgenden Hinweise geben einen einfachen \u00dcberblick dar\u00fcber,\n\t\t\t\t\t\twas mit Ihren personenbezogenen Daten passiert, wenn Sie unsere\n\t\t\t\t\t\tWebsite besuchen. Personenbezogene Daten sind alle Daten, mit\n\t\t\t\t\t\tdenen Sie pers\u00f6nlich identifiziert werden k\u00f6nnen. Ausf\u00fchrliche\n\t\t\t\t\t\tInformationen zum Thema Datenschutz entnehmen Sie unserer unter\n\t\t\t\t\t\tdiesem Text aufgef\u00fchrten Datenschutzerkl\u00e4rung.\n\t\t\t\t\t<\/p>\n\t\t\t\t\t<h3>Datenerfassung auf unserer Website<\/h3>\n\t\t\t\t\t<p>\n\t\t\t\t\t\t<strong>Wer ist verantwortlich f\u00fcr die Datenerfassung auf dieser\n\t\t\t\t\t\t\tWebsite?<\/strong>\n\t\t\t\t\t<\/p>\n\t\t\t\t\t<p>\n\t\t\t\t\t\tDie Datenverarbeitung auf dieser Website erfolgt durch den\n\t\t\t\t\t\tWebsitebetreiber. Dessen Kontaktdaten k\u00f6nnen Sie dem Impressum\n\t\t\t\t\t\tdieser Website entnehmen.\n\t\t\t\t\t<\/p>\n\t\t\t\t\t<p><strong>Wie erfassen wir Ihre Daten?<\/strong><\/p>\n\t\t\t\t\t<p>\n\t\t\t\t\t\tIhre Daten werden zum einen dadurch erhoben, dass Sie uns diese\n\t\t\t\t\t\tmitteilen. Hierbei kann es sich z.B. um Daten handeln, die Sie in\n\t\t\t\t\t\tein Kontaktformular eingeben.\n\t\t\t\t\t<\/p>\n\t\t\t\t\t<p>\n\t\t\t\t\t\tAndere Daten werden automatisch beim Besuch der Website durch\n\t\t\t\t\t\tunsere IT-Systeme erfasst. Das sind vor allem technische Daten\n\t\t\t\t\t\t(z.B. Internetbrowser, Betriebssystem oder Uhrzeit des\n\t\t\t\t\t\tSeitenaufrufs). Die Erfassung dieser Daten erfolgt automatisch,\n\t\t\t\t\t\tsobald Sie unsere Website betreten.\n\t\t\t\t\t<\/p>\n\t\t\t\t\t<p><strong>Wof\u00fcr nutzen wir Ihre Daten?<\/strong><\/p>\n\t\t\t\t\t<p>\n\t\t\t\t\t\tEin Teil der Daten wird erhoben, um eine fehlerfreie\n\t\t\t\t\t\tBereitstellung der Website zu gew\u00e4hrleisten. Andere Daten k\u00f6nnen\n\t\t\t\t\t\tzur Analyse Ihres Nutzerverhaltens verwendet werden.\n\t\t\t\t\t<\/p>\n\t\t\t\t\t<p>\n\t\t\t\t\t\t<strong>Welche Rechte haben Sie bez\u00fcglich Ihrer Daten?<\/strong>\n\t\t\t\t\t<\/p>\n\t\t\t\t\t<p>\n\t\t\t\t\t\tSie haben jederzeit das Recht unentgeltlich Auskunft \u00fcber\n\t\t\t\t\t\tHerkunft, Empf\u00e4nger und Zweck Ihrer gespeicherten\n\t\t\t\t\t\tpersonenbezogenen Daten zu erhalten. Sie haben au\u00dferdem ein Recht,\n\t\t\t\t\t\tdie Berichtigung, Sperrung oder L\u00f6schung dieser Daten zu\n\t\t\t\t\t\tverlangen. Hierzu sowie zu weiteren Fragen zum Thema Datenschutz\n\t\t\t\t\t\tk\u00f6nnen Sie sich jederzeit unter der im Impressum angegebenen\n\t\t\t\t\t\tAdresse an uns wenden. Des Weiteren steht Ihnen ein\n\t\t\t\t\t\tBeschwerderecht bei der zust\u00e4ndigen Aufsichtsbeh\u00f6rde zu, wenn Sie\n\t\t\t\t\t\tder Ansicht sind, dass die Verarbeitung der Sie betreffenden\n\t\t\t\t\t\tpersonenbezogenen Daten gegen die DSGVO verst\u00f6\u00dft.\n\t\t\t\t\t<\/p>\n\t\t\t\t\t<h2>2. Allgemeine Hinweise und Pflichtinformationen<\/h2>\n\t\t\t\t\t<h3>Datenschutz<\/h3>\n\t\t\t\t\t<p>\n\t\t\t\t\t\tDie Betreiber dieser Seiten nehmen den Schutz Ihrer pers\u00f6nlichen\n\t\t\t\t\t\tDaten sehr ernst. Wir behandeln Ihre personenbezogenen Daten\n\t\t\t\t\t\tvertraulich und entsprechend der gesetzlichen\n\t\t\t\t\t\tDatenschutzvorschriften sowie dieser Datenschutzerkl\u00e4rung.\n\t\t\t\t\t<\/p>\n\t\t\t\t\t<p>\n\t\t\t\t\t\tWenn Sie diese Website benutzen, werden verschiedene\n\t\t\t\t\t\tpersonenbezogene Daten erhoben. Personenbezogene Daten sind Daten,\n\t\t\t\t\t\tmit denen Sie pers\u00f6nlich identifiziert werden k\u00f6nnen. Die\n\t\t\t\t\t\tvorliegende Datenschutzerkl\u00e4rung erl\u00e4utert, welche Daten wir\n\t\t\t\t\t\terheben und wof\u00fcr wir sie nutzen. Sie erl\u00e4utert auch, wie und zu\n\t\t\t\t\t\twelchem Zweck das geschieht.\n\t\t\t\t\t<\/p>\n\t\t\t\t\t<p>\n\t\t\t\t\t\tWir weisen darauf hin, dass die Daten\u00fcbertragung im Internet (z.B.\n\t\t\t\t\t\tbei der Kommunikation per E-Mail) Sicherheitsl\u00fccken aufweisen\n\t\t\t\t\t\tkann. Ein l\u00fcckenloser Schutz der Daten vor dem Zugriff durch\n\t\t\t\t\t\tDritte ist nicht m\u00f6glich.\n\t\t\t\t\t<\/p>\n\t\t\t\t\t<h3>Hinweis zur verantwortlichen Stelle<\/h3>\n\t\t\t\t\t<p>\n\t\t\t\t\t\tDie verantwortliche Stelle f\u00fcr die Datenverarbeitung auf dieser\n\t\t\t\t\t\tWebsite ist:\n\t\t\t\t\t<\/p>\n\n\t\t\t\t\t<br>\n\t\t\t\t\t<p>\n\t\t\t\t\t\tWolfgang Gr\u00f6ll <br>\n\t\t\t\t\t\tKempfenhauser Stra\u00dfe 11 <br>\n\t\t\t\t\t\t82335 Berg\n\t\t\t\t\t<\/p>\n\n\t\t\t\t\t<p>\n\t\t\t\t\t\tTel.: 08151-7467290<br>\n\t\t\t\t\t\tEmail: wimgroell@t-online.de\n\t\t\t\t\t<\/p>\n\t\t\t\t\t<br>\n\n\t\t\t\t\t<p>\n\t\t\t\t\t\tVerantwortliche Stelle ist die nat\u00fcrliche oder juristische Person,\n\t\t\t\t\t\tdie allein oder gemeinsam mit anderen \u00fcber die Zwecke und Mittel\n\t\t\t\t\t\tder Verarbeitung von personenbezogenen Daten (z.B. Namen,\n\t\t\t\t\t\tE-Mail-Adressen o. \u00c4.) entscheidet.\n\t\t\t\t\t<\/p>\n\t\t\t\t\t<h3>Widerruf Ihrer Einwilligung zur Datenverarbeitung<\/h3>\n\t\t\t\t\t<p>\n\t\t\t\t\t\tViele Datenverarbeitungsvorg\u00e4nge sind nur mit Ihrer ausdr\u00fccklichen\n\t\t\t\t\t\tEinwilligung m\u00f6glich. Sie k\u00f6nnen eine bereits erteilte\n\t\t\t\t\t\tEinwilligung jederzeit widerrufen. Dazu reicht eine formlose\n\t\t\t\t\t\tMitteilung per E-Mail an uns. Die Rechtm\u00e4\u00dfigkeit der bis zum\n\t\t\t\t\t\tWiderruf erfolgten Datenverarbeitung bleibt vom Widerruf\n\t\t\t\t\t\tunber\u00fchrt.\n\t\t\t\t\t<\/p>\n\t\t\t\t\t<h3>SSL- bzw. TLS-Verschl\u00fcsselung<\/h3>\n\t\t\t\t\t<p>\n\t\t\t\t\t\tDiese Seite nutzt aus Sicherheitsgr\u00fcnden und zum Schutz der\n\t\t\t\t\t\t\u00dcbertragung vertraulicher Inhalte, wie zum Beispiel Bestellungen\n\t\t\t\t\t\toder Anfragen, die Sie an uns als Seitenbetreiber senden, eine\n\t\t\t\t\t\tSSL-bzw. TLS-Verschl\u00fcsselung. Eine verschl\u00fcsselte Verbindung\n\t\t\t\t\t\terkennen Sie daran, dass die Adresszeile des Browsers von\n\t\t\t\t\t\t\u201chttp:\/\/\u201d auf \u201chttps:\/\/\u201d wechselt und an dem Schloss-Symbol in\n\t\t\t\t\t\tIhrer Browserzeile.\n\t\t\t\t\t<\/p>\n\t\t\t\t\t<p>\n\t\t\t\t\t\tWenn die SSL- bzw. TLS-Verschl\u00fcsselung aktiviert ist, k\u00f6nnen die\n\t\t\t\t\t\tDaten, die Sie an uns \u00fcbermitteln, nicht von Dritten mitgelesen\n\t\t\t\t\t\twerden.\n\t\t\t\t\t<\/p>\n\t\t\t\t\t<h3>Auskunft, Sperrung, L\u00f6schung<\/h3>\n\t\t\t\t\t<p>\n\t\t\t\t\t\tSie haben im Rahmen der geltenden gesetzlichen Bestimmungen\n\t\t\t\t\t\tjederzeit das Recht auf unentgeltliche Auskunft \u00fcber Ihre\n\t\t\t\t\t\tgespeicherten personenbezogenen Daten, deren Herkunft und\n\t\t\t\t\t\tEmpf\u00e4nger und den Zweck der Datenverarbeitung und ggf. ein Recht\n\t\t\t\t\t\tauf Berichtigung, Sperrung oder L\u00f6schung dieser Daten. Hierzu\n\t\t\t\t\t\tsowie zu weiteren Fragen zum Thema personenbezogene Daten k\u00f6nnen\n\t\t\t\t\t\tSie sich jederzeit unter der im Impressum angegebenen Adresse an\n\t\t\t\t\t\tuns wenden.\n\t\t\t\t\t<\/p>\n\t\t\t\t\t<h3>Verwendung von Cookies<\/h3>\n\t\t\t\t\t<p>\n\t\t\t\t\t\tDa uns der Schutz Ihrer Daten wichtig ist, verzichten wir v\u00f6llig\n\t\t\t\t\t\tauf das Setzen von Cookies.\n\t\t\t\t\t<\/p>\n\t\t\t\t\t<h2>3. Datenerfassung auf unserer Website<\/h2>\n\t\t\t\t\t<h3>Server-Log-Dateien<\/h3>\n\t\t\t\t\t<p>\n\t\t\t\t\t\tDer Provider der Seiten erhebt und speichert automatisch\n\t\t\t\t\t\tInformationen in so genannten Server-Log-Dateien, die Ihr Browser\n\t\t\t\t\t\tautomatisch an uns \u00fcbermittelt. Dies sind:\n\t\t\t\t\t<\/p>\n\t\t\t\t\t<ul class=\"mainlist\">\n\t\t\t\t\t\t<li>Browsertyp und Browserversion<\/li>\n\t\t\t\t\t\t<li>verwendetes Betriebssystem<\/li>\n\t\t\t\t\t\t<li>Referrer URL<\/li>\n\t\t\t\t\t\t<li>Hostname des zugreifenden Rechners<\/li>\n\t\t\t\t\t\t<li>Uhrzeit der Serveranfrage<\/li>\n\t\t\t\t\t\t<li>IP-Adresse<\/li>\n\t\t\t\t\t<\/ul>\n\t\t\t\t\t<p>\n\t\t\t\t\t\tEine Zusammenf\u00fchrung dieser Daten mit anderen Datenquellen wird\n\t\t\t\t\t\tnicht vorgenommen.<br>\n\t\t\t\t\t\tDie vor\u00fcbergehende Speicherung der IP-Adresse durch das System ist\n\t\t\t\t\t\tnotwendig, um eine Auslieferung der Website an den Rechner des\n\t\t\t\t\t\tNutzers zu erm\u00f6glichen. Die Daten werden gel\u00f6scht, sobald sie f\u00fcr\n\t\t\t\t\t\tdie Erreichung des Zweckes ihrer Erhebung nicht mehr erforderlich\n\t\t\t\t\t\tsind, sp\u00e4testens nach 14 Tagen.\n\t\t\t\t\t<\/p>\n\t\t\t\t\t<p>\n\t\t\t\t\t\tDie Erfassung der Daten zur Bereitstellung der Internetseite und\n\t\t\t\t\t\tihre Speicherung in Logfiles sind f\u00fcr den Betrieb der\n\t\t\t\t\t\tInternetseite zwingend erforderlich. Es besteht daher keine\n\t\t\t\t\t\tWiderspruchsm\u00f6glichkeit des Nutzers.\n\t\t\t\t\t<\/p>\n\t\t\t\t\t<p>\n\t\t\t\t\t\tRechtsgrundlage f\u00fcr die vor\u00fcbergehende Speicherung der Daten ist\n\t\t\t\t\t\tArt. 6 Abs. 1 lit. f DSGVO.\n\t\t\t\t\t<\/p>\n\n\t\t\t\t\t<h3>Kontaktformular<\/h3>\n\t\t\t\t\t<p>\n\t\t\t\t\t\tWenn Sie uns per Kontaktformular Anfragen zukommen lassen, werden\n\t\t\t\t\t\tIhre Angaben aus dem Anfrageformular inklusive der von Ihnen dort\n\t\t\t\t\t\tangegebenen Kontaktdaten zwecks Bearbeitung der Anfrage und f\u00fcr\n\t\t\t\t\t\tden Fall von Anschlussfragen bei uns gespeichert. Diese Daten\n\t\t\t\t\t\tgeben wir nicht ohne Ihre Einwilligung weiter.\n\t\t\t\t\t<\/p>\n\t\t\t\t\t<p>\n\t\t\t\t\t\tDie Verarbeitung der in das Kontaktformular eingegebenen Daten\n\t\t\t\t\t\terfolgt somit ausschlie\u00dflich auf Grundlage Ihrer Einwilligung\n\t\t\t\t\t\t(Art. 6 Abs. 1 lit. a DSGVO). Sie k\u00f6nnen diese Einwilligung\n\t\t\t\t\t\tjederzeit widerrufen. Dazu reicht eine formlose Mitteilung per\n\t\t\t\t\t\tE-Mail an uns. Die Rechtm\u00e4\u00dfigkeit der bis zum Widerruf erfolgten\n\t\t\t\t\t\tDatenverarbeitungsvorg\u00e4nge bleibt vom Widerruf unber\u00fchrt.\n\t\t\t\t\t<\/p>\n\t\t\t\t\t<p>\n\t\t\t\t\t\tDie von Ihnen im Kontaktformular eingegebenen Daten verbleiben bei\n\t\t\t\t\t\tuns, bis Sie uns zur L\u00f6schung auffordern, Ihre Einwilligung zur\n\t\t\t\t\t\tSpeicherung widerrufen oder der Zweck f\u00fcr die Datenspeicherung\n\t\t\t\t\t\tentf\u00e4llt (z.B. nach abgeschlossener Bearbeitung Ihrer Anfrage).\n\t\t\t\t\t\tZwingende gesetzliche Bestimmungen \u2013 insbesondere\n\t\t\t\t\t\tAufbewahrungsfristen \u2013 bleiben unber\u00fchrt.\n\t\t\t\t\t<\/p>\n\n\t\t\t\t\t<h3> Datenverarbeitung durch Formspree <\/h3>\n\t\t\t\t\t<p>Um Ihnen die Funktionalit\u00e4t des Kontaktformulars zur Verf\u00fcgung zu stellen, senden wir die von\n\t\t\t\t\t\tIhnen\n\t\t\t\t\t\tangegebene E-Mail-Adresse, Telefonnummer, Adresse und den Namen an Formspree Inc. &#8211; sobald sie\n\t\t\t\t\t\tdas Kontaktformular\n\t\t\t\t\t\tabsenden.\n\t\t\t\t\t\tDiese Daten werden dort verarbeitet, gespeichert und an uns per Mail weitergegeben. Au\u00dferdem\n\t\t\t\t\t\twerden\n\t\t\t\t\t\tvon Formspree unter anderem weitere Daten wie Ihre IP-Adresse, Ihr Typ des Browsers, die Domain\n\t\t\t\t\t\tder\n\t\t\t\t\t\tWebseite, das Datum und die Zeit des Zugriffs erhoben, um die gew\u00fcnschte Funktionalit\u00e4t des\n\t\t\t\t\t\tKontaktformulars bereitzustellen. Eine detaillierte \u00dcbersicht der erhobenen Daten finden Sie\n\t\t\t\t\t\thier\n\t\t\t\t\t\thttp:\/\/docs.formspree.io\/files\/terms.pdf. Rechtsgrundlage f\u00fcr die Nutzung von Formspree ist Art.\n\t\t\t\t\t\t6\n\t\t\t\t\t\tAbs. 1 S. 1 lit. f DS-GVO (berechtigtes Interesse). In dem vorliegenden Fall werden\n\t\t\t\t\t\tpersonenbezogene\n\t\t\t\t\t\tDaten in die USA \u00fcbertragen werden: Die Verarbeitung, Weitergabe und Speicherung der Daten ist\n\t\t\t\t\t\tvon\n\t\t\t\t\t\tFormspree in dem folgenden Dokument zusammengefasst: http:\/\/docs.formspree.io\/files\/terms.pdf.\n\t\t\t\t\t\tAnstatt des Kontaktformulars k\u00f6nnen Sie uns nat\u00fcrlich auch direkt per E-Mail kontaktieren:\n\t\t\t\t\t\twimgroell@t-online.de.<\/p>\n\n\t\t\t\t\t<h3>Google Analytics<\/h3>\n\t\t\t\t\t<p>\n\t\t\t\t\t\tWir setzen auf Grundlage unserer berechtigten Interessen (d.h. Interesse an der Analyse,\n\t\t\t\t\t\tOptimierung\n\t\t\t\t\t\tund wirtschaftlichem Betrieb unseres Onlineangebotes im Sinne des Art. 6 Abs. 1 lit. f. DSGVO)\n\t\t\t\t\t\tGoogle Analytics, einen Webanalysedienst der Google LLC (\u201eGoogle\u201c) ein. Google verwendet\n\t\t\t\t\t\tCookies.\n\t\t\t\t\t\tDie durch das Cookie erzeugten Informationen \u00fcber Benutzung des Onlineangebotes durch die Nutzer\n\t\t\t\t\t\twerden in der Regel an einen Server von Google in den USA \u00fcbertragen und dort gespeichert.\n\t\t\t\t\t\tGoogle\n\t\t\t\t\t\tist unter dem Privacy-Shield-Abkommen zertifiziert und bietet hierdurch eine Garantie, das\n\t\t\t\t\t\teurop\u00e4ische Datenschutzrecht einzuhalten\n\t\t\t\t\t\t(https:\/\/www.privacyshield.gov\/participant?id=a2zt000000001L5AAI&amp;status=Active). Google wird\n\t\t\t\t\t\tdiese\n\t\t\t\t\t\tInformationen in unserem Auftrag benutzen, um die Nutzung unseres Onlineangebotes durch die\n\t\t\t\t\t\tNutzer\n\t\t\t\t\t\tauszuwerten, um Reports \u00fcber die Aktivit\u00e4ten innerhalb dieses Onlineangebotes zusammenzustellen\n\t\t\t\t\t\tund\n\t\t\t\t\t\tum weitere, mit der Nutzung dieses Onlineangebotes und der Internetnutzung verbundene\n\t\t\t\t\t\tDienstleistungen, uns gegen\u00fcber zu erbringen. Dabei k\u00f6nnen aus den verarbeiteten Daten\n\t\t\t\t\t\tpseudonyme\n\t\t\t\t\t\tNutzungsprofile der Nutzer erstellt werden. Wir setzen Google Analytics nur mit aktivierter\n\t\t\t\t\t\tIP-Anonymisierung ein. Das bedeutet, die IP-Adresse der Nutzer wird von Google innerhalb von\n\t\t\t\t\t\tMitgliedstaaten der Europ\u00e4ischen Union oder in anderen Vertragsstaaten des Abkommens \u00fcber den\n\t\t\t\t\t\tEurop\u00e4ischen Wirtschaftsraum gek\u00fcrzt. Nur in Ausnahmef\u00e4llen wird die volle IP-Adresse an einen\n\t\t\t\t\t\tServer von Google in den USA \u00fcbertragen und dort gek\u00fcrzt. Die von dem Browser des Nutzers\n\t\t\t\t\t\t\u00fcbermittelte IP-Adresse wird nicht mit anderen Daten von Google zusammengef\u00fchrt. Die Nutzer\n\t\t\t\t\t\tk\u00f6nnen\n\t\t\t\t\t\tdie Speicherung der Cookies durch eine entsprechende Einstellung ihrer Browser-Software\n\t\t\t\t\t\tverhindern;\n\t\t\t\t\t\tdie Nutzer k\u00f6nnen dar\u00fcber hinaus die Erfassung der durch das Cookie erzeugten und auf ihre\n\t\t\t\t\t\tNutzung\n\t\t\t\t\t\tdes Onlineangebotes bezogenen Daten an Google sowie die Verarbeitung dieser Daten durch Google\n\t\t\t\t\t\tverhindern, indem sie das unter folgendem Link verf\u00fcgbare Browser-Plugin herunterladen und\n\t\t\t\t\t\tinstallieren: http:\/\/tools.google.com\/dlpage\/gaoptout?hl=de. Weitere Informationen zur\n\t\t\t\t\t\tDatennutzung\n\t\t\t\t\t\tdurch Google, Einstellungs- und Widerspruchsm\u00f6glichkeiten, erfahren Sie in der\n\t\t\t\t\t\tDatenschutzerkl\u00e4rung\n\t\t\t\t\t\tvon Google (https:\/\/policies.google.com\/technologies\/ads) sowie in den Einstellungen f\u00fcr die\n\t\t\t\t\t\tDarstellung von Werbeeinblendungen durch Google (https:\/\/adssettings.google.com\/authenticated).\n\t\t\t\t\t\tDie\n\t\t\t\t\t\tpersonenbezogenen Daten der Nutzer werden nach 14 Monaten gel\u00f6scht oder anonymisiert.<\/p>\n\n\t\t\t\t\t<h2>\u00c4nderung unserer Datenschutzbestimmungen<\/h2>\n\t\t\t\t\t<p>\n\t\t\t\t\t\tWir behalten uns vor, diese Datenschutzerkl\u00e4rung anzupassen, damit\n\t\t\t\t\t\tsie stets den aktuellen rechtlichen Anforderungen entspricht oder\n\t\t\t\t\t\tum \u00c4nderungen unserer Leistungen in der Datenschutzerkl\u00e4rung\n\t\t\t\t\t\tumzusetzen, z.B. bei der Einf\u00fchrung neuer Services. F\u00fcr Ihren\n\t\t\t\t\t\terneuten Besuch gilt dann die neue Datenschutzerkl\u00e4rung.\n\t\t\t\t\t<\/p>\n\t\t\t\t<\/div>\n<\/div>\n<\/div>\n","protected":false},"excerpt":{"rendered":"<p>Datenschutzerkl\u00e4rung 1. Datenschutz auf einen Blick Allgemeine Hinweise Die folgenden Hinweise geben einen einfachen \u00dcberblick dar\u00fcber, was mit Ihren personenbezogenen Daten passiert, wenn Sie unsere Website besuchen. Personenbezogene Daten sind alle Daten, mit denen Sie pers\u00f6nlich identifiziert werden k\u00f6nnen. Ausf\u00fchrliche Informationen zum Thema Datenschutz entnehmen Sie unserer unter diesem Text [&hellip;]<\/p>\n","protected":false},"author":1,"featured_media":0,"parent":0,"menu_order":0,"comment_status":"closed","ping_status":"closed","template":"page-templates\/template-fullwidth.php","meta":{"_eb_attr":"","_themeisle_gutenberg_block_has_review":false,"footnotes":""},"class_list":["post-4790","page","type-page","status-publish","hentry"],"yoast_head":"<!-- This site is optimized with the Yoast SEO plugin v26.0 - https:\/\/yoast.com\/wordpress\/plugins\/seo\/ -->\n<title>Datenschutz - Bundesverband der B\u00fcrger- und Dorfl\u00e4den e.V. - Das Dorfladen Netzwerk<\/title>\n<meta name=\"description\" content=\"Die Seite f\u00fcr Dorfladen Know How\" \/>\n<meta name=\"robots\" content=\"index, follow, max-snippet:-1, max-image-preview:large, max-video-preview:-1\" \/>\n<link rel=\"canonical\" href=\"https:\/\/bvbdl.de\/index.php\/datenschutz\/\" \/>\n<meta property=\"og:locale\" content=\"de_DE\" \/>\n<meta property=\"og:type\" content=\"article\" \/>\n<meta property=\"og:title\" content=\"Datenschutz - Bundesverband der B\u00fcrger- und Dorfl\u00e4den e.V. - Das Dorfladen Netzwerk\" \/>\n<meta property=\"og:description\" content=\"Die Seite f\u00fcr Dorfladen Know How\" \/>\n<meta property=\"og:url\" content=\"https:\/\/bvbdl.de\/index.php\/datenschutz\/\" \/>\n<meta property=\"og:site_name\" content=\"Bundesverband der B\u00fcrger- und Dorfl\u00e4den e.V. - Das Dorfladen Netzwerk\" \/>\n<meta property=\"article:publisher\" content=\"https:\/\/www.facebook.com\/Dorfladen.Familie\" \/>\n<meta property=\"article:modified_time\" content=\"2021-09-01T09:19:13+00:00\" \/>\n<meta name=\"twitter:card\" content=\"summary_large_image\" \/>\n<meta name=\"twitter:label1\" content=\"Gesch\u00e4tzte Lesezeit\" \/>\n\t<meta name=\"twitter:data1\" content=\"7\u00a0Minuten\" \/>\n<script type=\"application\/ld+json\" class=\"yoast-schema-graph\">{\"@context\":\"https:\/\/schema.org\",\"@graph\":[{\"@type\":\"WebPage\",\"@id\":\"https:\/\/bvbdl.de\/index.php\/datenschutz\/\",\"url\":\"https:\/\/bvbdl.de\/index.php\/datenschutz\/\",\"name\":\"Datenschutz - Bundesverband der B\u00fcrger- und Dorfl\u00e4den e.V. - Das Dorfladen Netzwerk\",\"isPartOf\":{\"@id\":\"https:\/\/bvbdl.de\/#website\"},\"datePublished\":\"2021-09-01T09:16:27+00:00\",\"dateModified\":\"2021-09-01T09:19:13+00:00\",\"description\":\"Die Seite f\u00fcr Dorfladen Know How\",\"breadcrumb\":{\"@id\":\"https:\/\/bvbdl.de\/index.php\/datenschutz\/#breadcrumb\"},\"inLanguage\":\"de\",\"potentialAction\":[{\"@type\":\"ReadAction\",\"target\":[\"https:\/\/bvbdl.de\/index.php\/datenschutz\/\"]}]},{\"@type\":\"BreadcrumbList\",\"@id\":\"https:\/\/bvbdl.de\/index.php\/datenschutz\/#breadcrumb\",\"itemListElement\":[{\"@type\":\"ListItem\",\"position\":1,\"name\":\"Home\",\"item\":\"https:\/\/bvbdl.de\/\"},{\"@type\":\"ListItem\",\"position\":2,\"name\":\"Datenschutz\"}]},{\"@type\":\"WebSite\",\"@id\":\"https:\/\/bvbdl.de\/#website\",\"url\":\"https:\/\/bvbdl.de\/\",\"name\":\"Bundesverband der B\u00fcrger- und Dorfl\u00e4den e.V. - Das Dorfladen Netzwerk\",\"description\":\"bvbdl.de\",\"publisher\":{\"@id\":\"https:\/\/bvbdl.de\/#organization\"},\"potentialAction\":[{\"@type\":\"SearchAction\",\"target\":{\"@type\":\"EntryPoint\",\"urlTemplate\":\"https:\/\/bvbdl.de\/?s={search_term_string}\"},\"query-input\":{\"@type\":\"PropertyValueSpecification\",\"valueRequired\":true,\"valueName\":\"search_term_string\"}}],\"inLanguage\":\"de\"},{\"@type\":\"Organization\",\"@id\":\"https:\/\/bvbdl.de\/#organization\",\"name\":\"Bundesverband der B\u00fcrger- und Dorfl\u00e4den in Deutschland e.V.\",\"url\":\"https:\/\/bvbdl.de\/\",\"logo\":{\"@type\":\"ImageObject\",\"inLanguage\":\"de\",\"@id\":\"https:\/\/bvbdl.de\/#\/schema\/logo\/image\/\",\"url\":\"https:\/\/bvbdl.de\/wp-content\/uploads\/2025\/02\/Logo_Bundesverband_with_border.png\",\"contentUrl\":\"https:\/\/bvbdl.de\/wp-content\/uploads\/2025\/02\/Logo_Bundesverband_with_border.png\",\"width\":302,\"height\":278,\"caption\":\"Bundesverband der B\u00fcrger- und Dorfl\u00e4den in Deutschland e.V.\"},\"image\":{\"@id\":\"https:\/\/bvbdl.de\/#\/schema\/logo\/image\/\"},\"sameAs\":[\"https:\/\/www.facebook.com\/Dorfladen.Familie\",\"https:\/\/www.instagram.com\/dorfladennetzwerk\/\",\"https:\/\/www.youtube.com\/channel\/UCiIcZBpITXauy6ydrZiZIew\"]}]}<\/script>\n<!-- \/ Yoast SEO plugin. -->","yoast_head_json":{"title":"Datenschutz - Bundesverband der B\u00fcrger- und Dorfl\u00e4den e.V. - Das Dorfladen Netzwerk","description":"Die Seite f\u00fcr Dorfladen Know How","robots":{"index":"index","follow":"follow","max-snippet":"max-snippet:-1","max-image-preview":"max-image-preview:large","max-video-preview":"max-video-preview:-1"},"canonical":"https:\/\/bvbdl.de\/index.php\/datenschutz\/","og_locale":"de_DE","og_type":"article","og_title":"Datenschutz - Bundesverband der B\u00fcrger- und Dorfl\u00e4den e.V. - Das Dorfladen Netzwerk","og_description":"Die Seite f\u00fcr Dorfladen Know How","og_url":"https:\/\/bvbdl.de\/index.php\/datenschutz\/","og_site_name":"Bundesverband der B\u00fcrger- und Dorfl\u00e4den e.V. - Das Dorfladen Netzwerk","article_publisher":"https:\/\/www.facebook.com\/Dorfladen.Familie","article_modified_time":"2021-09-01T09:19:13+00:00","twitter_card":"summary_large_image","twitter_misc":{"Gesch\u00e4tzte Lesezeit":"7\u00a0Minuten"},"schema":{"@context":"https:\/\/schema.org","@graph":[{"@type":"WebPage","@id":"https:\/\/bvbdl.de\/index.php\/datenschutz\/","url":"https:\/\/bvbdl.de\/index.php\/datenschutz\/","name":"Datenschutz - Bundesverband der B\u00fcrger- und Dorfl\u00e4den e.V. - Das Dorfladen Netzwerk","isPartOf":{"@id":"https:\/\/bvbdl.de\/#website"},"datePublished":"2021-09-01T09:16:27+00:00","dateModified":"2021-09-01T09:19:13+00:00","description":"Die Seite f\u00fcr Dorfladen Know How","breadcrumb":{"@id":"https:\/\/bvbdl.de\/index.php\/datenschutz\/#breadcrumb"},"inLanguage":"de","potentialAction":[{"@type":"ReadAction","target":["https:\/\/bvbdl.de\/index.php\/datenschutz\/"]}]},{"@type":"BreadcrumbList","@id":"https:\/\/bvbdl.de\/index.php\/datenschutz\/#breadcrumb","itemListElement":[{"@type":"ListItem","position":1,"name":"Home","item":"https:\/\/bvbdl.de\/"},{"@type":"ListItem","position":2,"name":"Datenschutz"}]},{"@type":"WebSite","@id":"https:\/\/bvbdl.de\/#website","url":"https:\/\/bvbdl.de\/","name":"Bundesverband der B\u00fcrger- und Dorfl\u00e4den e.V. - Das Dorfladen Netzwerk","description":"bvbdl.de","publisher":{"@id":"https:\/\/bvbdl.de\/#organization"},"potentialAction":[{"@type":"SearchAction","target":{"@type":"EntryPoint","urlTemplate":"https:\/\/bvbdl.de\/?s={search_term_string}"},"query-input":{"@type":"PropertyValueSpecification","valueRequired":true,"valueName":"search_term_string"}}],"inLanguage":"de"},{"@type":"Organization","@id":"https:\/\/bvbdl.de\/#organization","name":"Bundesverband der B\u00fcrger- und Dorfl\u00e4den in Deutschland e.V.","url":"https:\/\/bvbdl.de\/","logo":{"@type":"ImageObject","inLanguage":"de","@id":"https:\/\/bvbdl.de\/#\/schema\/logo\/image\/","url":"https:\/\/bvbdl.de\/wp-content\/uploads\/2025\/02\/Logo_Bundesverband_with_border.png","contentUrl":"https:\/\/bvbdl.de\/wp-content\/uploads\/2025\/02\/Logo_Bundesverband_with_border.png","width":302,"height":278,"caption":"Bundesverband der B\u00fcrger- und Dorfl\u00e4den in Deutschland e.V."},"image":{"@id":"https:\/\/bvbdl.de\/#\/schema\/logo\/image\/"},"sameAs":["https:\/\/www.facebook.com\/Dorfladen.Familie","https:\/\/www.instagram.com\/dorfladennetzwerk\/","https:\/\/www.youtube.com\/channel\/UCiIcZBpITXauy6ydrZiZIew"]}]}},"_links":{"self":[{"href":"https:\/\/bvbdl.de\/index.php\/wp-json\/wp\/v2\/pages\/4790","targetHints":{"allow":["GET"]}}],"collection":[{"href":"https:\/\/bvbdl.de\/index.php\/wp-json\/wp\/v2\/pages"}],"about":[{"href":"https:\/\/bvbdl.de\/index.php\/wp-json\/wp\/v2\/types\/page"}],"author":[{"embeddable":true,"href":"https:\/\/bvbdl.de\/index.php\/wp-json\/wp\/v2\/users\/1"}],"replies":[{"embeddable":true,"href":"https:\/\/bvbdl.de\/index.php\/wp-json\/wp\/v2\/comments?post=4790"}],"version-history":[{"count":2,"href":"https:\/\/bvbdl.de\/index.php\/wp-json\/wp\/v2\/pages\/4790\/revisions"}],"predecessor-version":[{"id":4793,"href":"https:\/\/bvbdl.de\/index.php\/wp-json\/wp\/v2\/pages\/4790\/revisions\/4793"}],"wp:attachment":[{"href":"https:\/\/bvbdl.de\/index.php\/wp-json\/wp\/v2\/media?parent=4790"}],"curies":[{"name":"wp","href":"https:\/\/api.w.org\/{rel}","templated":true}]}}