{"id":4285,"date":"2018-11-12T11:50:12","date_gmt":"2018-11-12T11:50:12","guid":{"rendered":"https:\/\/demo.themeisle.com\/hestia-default\/blog\/"},"modified":"2024-10-11T12:49:42","modified_gmt":"2024-10-11T12:49:42","slug":"beitraege","status":"publish","type":"page","link":"https:\/\/bvbdl.de\/index.php\/beitraege\/","title":{"rendered":"Praxiswissen"},"content":{"rendered":"<div class=\"is-style-boxed wp-block-themeisle-blocks-posts-grid\" id=\"wp-block-themeisle-blocks-posts-grid-9c3462e4\"><div class=\"is-list\"><div class=\"o-posts-grid-post-blog o-posts-grid-post-plain\"><div class=\"o-posts-grid-post\"><div class=\"o-posts-grid-post-image\"><a href=\"https:\/\/bvbdl.de\/index.php\/2025\/05\/28\/praxiswissen-5-den-richtigen-partner-fuer-24-7-finden\/\"><img loading=\"lazy\" decoding=\"async\" width=\"1024\" height=\"1024\" src=\"https:\/\/bvbdl.de\/wp-content\/uploads\/2025\/05\/ChatGPT-Image-28.-Mai-2025-07_49_30.png\" class=\"attachment-full size-full\" alt=\"Praxiswissen 5 \u2013 Den richtigen Partner f\u00fcr 24\/7 finden\" srcset=\"https:\/\/bvbdl.de\/wp-content\/uploads\/2025\/05\/ChatGPT-Image-28.-Mai-2025-07_49_30.png 1024w, https:\/\/bvbdl.de\/wp-content\/uploads\/2025\/05\/ChatGPT-Image-28.-Mai-2025-07_49_30-300x300.png 300w, https:\/\/bvbdl.de\/wp-content\/uploads\/2025\/05\/ChatGPT-Image-28.-Mai-2025-07_49_30-150x150.png 150w, https:\/\/bvbdl.de\/wp-content\/uploads\/2025\/05\/ChatGPT-Image-28.-Mai-2025-07_49_30-768x768.png 768w\" sizes=\"(max-width: 1024px) 100vw, 1024px\" \/><\/a><\/div><div class=\"o-posts-grid-post-body\"><span class=\"o-posts-grid-post-category\"><a href=\"https:\/\/bvbdl.de\/index.php\/category\/praxiswissen\/\">Praxiswissen<\/a><\/span><h4 class=\"o-posts-grid-post-title\"><a href=\"https:\/\/bvbdl.de\/index.php\/2025\/05\/28\/praxiswissen-5-den-richtigen-partner-fuer-24-7-finden\/\">Praxiswissen 5 \u2013 Den richtigen Partner f\u00fcr 24\/7 finden<\/a><\/h4><div class=\"o-posts-grid-post-description\"><p>Das vierseitige Merkblatt des Bundesverbands der B\u00fcrger- und Dorfl\u00e4den e.V. bietet praxisnahe Orient\u2026<\/p><\/div><\/div><\/div><\/div><div class=\"o-posts-grid-post-blog o-posts-grid-post-plain\"><div class=\"o-posts-grid-post\"><div class=\"o-posts-grid-post-image\"><a href=\"https:\/\/bvbdl.de\/index.php\/2025\/02\/05\/praxiswissen-kuehlmoebel\/\"><img loading=\"lazy\" decoding=\"async\" width=\"524\" height=\"476\" src=\"https:\/\/bvbdl.de\/wp-content\/uploads\/2024\/10\/Logo_Bundesverband-removebg-preview.png\" class=\"attachment-full size-full\" alt=\"Praxiswissen K\u00fchlm\u00f6bel\" srcset=\"https:\/\/bvbdl.de\/wp-content\/uploads\/2024\/10\/Logo_Bundesverband-removebg-preview.png 524w, https:\/\/bvbdl.de\/wp-content\/uploads\/2024\/10\/Logo_Bundesverband-removebg-preview-300x273.png 300w\" sizes=\"(max-width: 524px) 100vw, 524px\" \/><\/a><\/div><div class=\"o-posts-grid-post-body\"><span class=\"o-posts-grid-post-category\"><a href=\"https:\/\/bvbdl.de\/index.php\/category\/praxiswissen\/\">Praxiswissen<\/a><\/span><h4 class=\"o-posts-grid-post-title\"><a href=\"https:\/\/bvbdl.de\/index.php\/2025\/02\/05\/praxiswissen-kuehlmoebel\/\">Praxiswissen K\u00fchlm\u00f6bel<\/a><\/h4><div class=\"o-posts-grid-post-description\"><p>Den Beitrag k\u00f6nnen Sie hier als PDF ansehen und herunterladen: https:\/\/bvbdl.de\/wp-content\/uploads\/2\u2026<\/p><\/div><\/div><\/div><\/div><div class=\"o-posts-grid-post-blog o-posts-grid-post-plain\"><div class=\"o-posts-grid-post\"><div class=\"o-posts-grid-post-body is-full\"><span class=\"o-posts-grid-post-category\"><a href=\"https:\/\/bvbdl.de\/index.php\/category\/praxiswissen\/\">Praxiswissen<\/a><\/span><h4 class=\"o-posts-grid-post-title\"><a href=\"https:\/\/bvbdl.de\/index.php\/2024\/04\/15\/praxisswissen-3-kasse\/\">Praxiswissen 3 Kasse<\/a><\/h4><div class=\"o-posts-grid-post-description\"><p>Siehe Anlage https:\/\/bvbdl.de\/wp-content\/uploads\/2024\/04\/Praxiswissen-3-Kasse.pdf<\/p><\/div><\/div><\/div><\/div><div class=\"o-posts-grid-post-blog o-posts-grid-post-plain\"><div class=\"o-posts-grid-post\"><div class=\"o-posts-grid-post-image\"><a href=\"https:\/\/bvbdl.de\/index.php\/2023\/09\/04\/praxiswissen-5\/\"><img loading=\"lazy\" decoding=\"async\" width=\"1200\" height=\"426\" src=\"https:\/\/bvbdl.de\/wp-content\/uploads\/2021\/11\/cropped-Bundesverband-der-Buerger-und-Dorflaeden-e.V._LOGO-quer-1200px_WEB.png\" class=\"attachment-full size-full\" alt=\"Praxiswissen #5\" srcset=\"https:\/\/bvbdl.de\/wp-content\/uploads\/2021\/11\/cropped-Bundesverband-der-Buerger-und-Dorflaeden-e.V._LOGO-quer-1200px_WEB.png 1200w, https:\/\/bvbdl.de\/wp-content\/uploads\/2021\/11\/cropped-Bundesverband-der-Buerger-und-Dorflaeden-e.V._LOGO-quer-1200px_WEB-300x107.png 300w, https:\/\/bvbdl.de\/wp-content\/uploads\/2021\/11\/cropped-Bundesverband-der-Buerger-und-Dorflaeden-e.V._LOGO-quer-1200px_WEB-1024x364.png 1024w, https:\/\/bvbdl.de\/wp-content\/uploads\/2021\/11\/cropped-Bundesverband-der-Buerger-und-Dorflaeden-e.V._LOGO-quer-1200px_WEB-768x273.png 768w\" sizes=\"(max-width: 1200px) 100vw, 1200px\" \/><\/a><\/div><div class=\"o-posts-grid-post-body\"><span class=\"o-posts-grid-post-category\"><a href=\"https:\/\/bvbdl.de\/index.php\/category\/praxiswissen\/\">Praxiswissen<\/a><\/span><h4 class=\"o-posts-grid-post-title\"><a href=\"https:\/\/bvbdl.de\/index.php\/2023\/09\/04\/praxiswissen-5\/\">Praxiswissen #5<\/a><\/h4><div class=\"o-posts-grid-post-description\"><p>&#8230;den richtigen Partner f\u00fcr einen 24\/7 Dorfladen finden. Mehr dazu in der nachfolgenden PDF.<\/p><\/div><\/div><\/div><\/div><div class=\"o-posts-grid-post-blog o-posts-grid-post-plain\"><div class=\"o-posts-grid-post\"><div class=\"o-posts-grid-post-image\"><a href=\"https:\/\/bvbdl.de\/index.php\/2020\/11\/13\/praxiswissen-kaffeemaschine\/\"><img loading=\"lazy\" decoding=\"async\" width=\"300\" height=\"100\" src=\"https:\/\/bvbdl.de\/wp-content\/uploads\/2020\/06\/Logo.png\" class=\"attachment-full size-full\" alt=\"Praxiswissen Kaffeemaschine\" \/><\/a><\/div><div class=\"o-posts-grid-post-body\"><span class=\"o-posts-grid-post-category\"><a href=\"https:\/\/bvbdl.de\/index.php\/category\/praxiswissen\/\">Praxiswissen<\/a><\/span><h4 class=\"o-posts-grid-post-title\"><a href=\"https:\/\/bvbdl.de\/index.php\/2020\/11\/13\/praxiswissen-kaffeemaschine\/\">Praxiswissen Kaffeemaschine<\/a><\/h4><div class=\"o-posts-grid-post-description\"><p>Hier erfahren Sie wertvolle Tipps zur richtigen Auswahl Ihrer Kaffeemaschine Den Text k\u00f6nnen Sie hie\u2026<\/p><\/div><\/div><\/div><\/div><div class=\"o-posts-grid-post-blog o-posts-grid-post-plain\"><div class=\"o-posts-grid-post\"><div class=\"o-posts-grid-post-image\"><a href=\"https:\/\/bvbdl.de\/index.php\/2020\/11\/13\/praxiswissen-lieferantenauswahl\/\"><img loading=\"lazy\" decoding=\"async\" width=\"300\" height=\"80\" src=\"https:\/\/bvbdl.de\/wp-content\/uploads\/2020\/06\/assets_Logo-Dorfladen-Netzwerk.png\" class=\"attachment-full size-full\" alt=\"Praxiswissen Lieferantenauswahl\" \/><\/a><\/div><div class=\"o-posts-grid-post-body\"><span class=\"o-posts-grid-post-category\"><a href=\"https:\/\/bvbdl.de\/index.php\/category\/praxiswissen\/\">Praxiswissen<\/a><\/span><h4 class=\"o-posts-grid-post-title\"><a href=\"https:\/\/bvbdl.de\/index.php\/2020\/11\/13\/praxiswissen-lieferantenauswahl\/\">Praxiswissen Lieferantenauswahl<\/a><\/h4><div class=\"o-posts-grid-post-description\"><p>Hier erfahren Sie wichtige Tipps f\u00fcr die Auswahl des passenden Lieferanten. Den Beitrag k\u00f6nnen Sie h\u2026<\/p><\/div><\/div><\/div><\/div><div class=\"o-posts-grid-post-blog o-posts-grid-post-plain\"><div class=\"o-posts-grid-post\"><div class=\"o-posts-grid-post-image\"><a href=\"https:\/\/bvbdl.de\/index.php\/2020\/06\/11\/kuehl-und-tiefkuehlmoebel\/\"><img loading=\"lazy\" decoding=\"async\" width=\"1280\" height=\"736\" src=\"https:\/\/bvbdl.de\/wp-content\/uploads\/2020\/06\/supermarket-949912_1280.jpg\" class=\"attachment-full size-full\" alt=\"K\u00fchl- und Tiefk\u00fchlm\u00f6bel\" srcset=\"https:\/\/bvbdl.de\/wp-content\/uploads\/2020\/06\/supermarket-949912_1280.jpg 1280w, https:\/\/bvbdl.de\/wp-content\/uploads\/2020\/06\/supermarket-949912_1280-300x173.jpg 300w, https:\/\/bvbdl.de\/wp-content\/uploads\/2020\/06\/supermarket-949912_1280-1024x589.jpg 1024w, https:\/\/bvbdl.de\/wp-content\/uploads\/2020\/06\/supermarket-949912_1280-768x442.jpg 768w\" sizes=\"(max-width: 1280px) 100vw, 1280px\" \/><\/a><\/div><div class=\"o-posts-grid-post-body\"><span class=\"o-posts-grid-post-category\"><a href=\"https:\/\/bvbdl.de\/index.php\/category\/praxiswissen\/\">Praxiswissen<\/a><\/span><h4 class=\"o-posts-grid-post-title\"><a href=\"https:\/\/bvbdl.de\/index.php\/2020\/06\/11\/kuehl-und-tiefkuehlmoebel\/\">K\u00fchl- und Tiefk\u00fchlm\u00f6bel<\/a><\/h4><div class=\"o-posts-grid-post-description\"><p>In dem ersten Praxiswissen-Artikel finden Sie alle Kriterien zur Beurteilung der richtigen K\u00fchl- und\u2026<\/p><\/div><\/div><\/div><\/div><\/div> <\/div>\n\n\n<div style=\"height:100px\" aria-hidden=\"true\" class=\"wp-block-spacer\"><\/div>\n","protected":false},"excerpt":{"rendered":"","protected":false},"author":1,"featured_media":4313,"parent":0,"menu_order":0,"comment_status":"closed","ping_status":"closed","template":"","meta":{"_eb_attr":"","_themeisle_gutenberg_block_has_review":false,"footnotes":""},"class_list":["post-4285","page","type-page","status-publish","has-post-thumbnail","hentry"],"yoast_head":"<!-- This site is optimized with the Yoast SEO plugin v26.0 - https:\/\/yoast.com\/wordpress\/plugins\/seo\/ -->\n<title>Praxiswissen - Bundesverband der B\u00fcrger- und Dorfl\u00e4den e.V. - Das Dorfladen Netzwerk<\/title>\n<meta name=\"description\" content=\"Die Seite f\u00fcr Dorfladen Know How\" \/>\n<meta name=\"robots\" content=\"index, follow, max-snippet:-1, max-image-preview:large, max-video-preview:-1\" \/>\n<link rel=\"canonical\" href=\"https:\/\/bvbdl.de\/index.php\/beitraege\/\" \/>\n<meta property=\"og:locale\" content=\"de_DE\" \/>\n<meta property=\"og:type\" content=\"article\" \/>\n<meta property=\"og:title\" content=\"Praxiswissen - Bundesverband der B\u00fcrger- und Dorfl\u00e4den e.V. - Das Dorfladen Netzwerk\" \/>\n<meta property=\"og:description\" content=\"Die Seite f\u00fcr Dorfladen Know How\" \/>\n<meta property=\"og:url\" content=\"https:\/\/bvbdl.de\/index.php\/beitraege\/\" \/>\n<meta property=\"og:site_name\" content=\"Bundesverband der B\u00fcrger- und Dorfl\u00e4den e.V. - Das Dorfladen Netzwerk\" \/>\n<meta property=\"article:publisher\" content=\"https:\/\/www.facebook.com\/Dorfladen.Familie\" \/>\n<meta property=\"article:modified_time\" content=\"2024-10-11T12:49:42+00:00\" \/>\n<meta property=\"og:image\" content=\"https:\/\/bvbdl.de\/wp-content\/uploads\/2020\/06\/assets_img_1-min-scaled.jpg\" \/>\n\t<meta property=\"og:image:width\" content=\"2560\" \/>\n\t<meta property=\"og:image:height\" content=\"1244\" \/>\n\t<meta property=\"og:image:type\" content=\"image\/jpeg\" \/>\n<meta name=\"twitter:card\" content=\"summary_large_image\" \/>\n<script type=\"application\/ld+json\" class=\"yoast-schema-graph\">{\"@context\":\"https:\/\/schema.org\",\"@graph\":[{\"@type\":\"WebPage\",\"@id\":\"https:\/\/bvbdl.de\/index.php\/beitraege\/\",\"url\":\"https:\/\/bvbdl.de\/index.php\/beitraege\/\",\"name\":\"Praxiswissen - Bundesverband der B\u00fcrger- und Dorfl\u00e4den e.V. - Das Dorfladen Netzwerk\",\"isPartOf\":{\"@id\":\"https:\/\/bvbdl.de\/#website\"},\"primaryImageOfPage\":{\"@id\":\"https:\/\/bvbdl.de\/index.php\/beitraege\/#primaryimage\"},\"image\":{\"@id\":\"https:\/\/bvbdl.de\/index.php\/beitraege\/#primaryimage\"},\"thumbnailUrl\":\"https:\/\/bvbdl.de\/wp-content\/uploads\/2020\/06\/assets_img_1-min-scaled.jpg\",\"datePublished\":\"2018-11-12T11:50:12+00:00\",\"dateModified\":\"2024-10-11T12:49:42+00:00\",\"description\":\"Die Seite f\u00fcr Dorfladen Know How\",\"breadcrumb\":{\"@id\":\"https:\/\/bvbdl.de\/index.php\/beitraege\/#breadcrumb\"},\"inLanguage\":\"de\",\"potentialAction\":[{\"@type\":\"ReadAction\",\"target\":[\"https:\/\/bvbdl.de\/index.php\/beitraege\/\"]}]},{\"@type\":\"ImageObject\",\"inLanguage\":\"de\",\"@id\":\"https:\/\/bvbdl.de\/index.php\/beitraege\/#primaryimage\",\"url\":\"https:\/\/bvbdl.de\/wp-content\/uploads\/2020\/06\/assets_img_1-min-scaled.jpg\",\"contentUrl\":\"https:\/\/bvbdl.de\/wp-content\/uploads\/2020\/06\/assets_img_1-min-scaled.jpg\",\"width\":2560,\"height\":1244},{\"@type\":\"BreadcrumbList\",\"@id\":\"https:\/\/bvbdl.de\/index.php\/beitraege\/#breadcrumb\",\"itemListElement\":[{\"@type\":\"ListItem\",\"position\":1,\"name\":\"Home\",\"item\":\"https:\/\/bvbdl.de\/\"},{\"@type\":\"ListItem\",\"position\":2,\"name\":\"Praxiswissen\"}]},{\"@type\":\"WebSite\",\"@id\":\"https:\/\/bvbdl.de\/#website\",\"url\":\"https:\/\/bvbdl.de\/\",\"name\":\"Bundesverband der B\u00fcrger- und Dorfl\u00e4den e.V. - Das Dorfladen Netzwerk\",\"description\":\"bvbdl.de\",\"publisher\":{\"@id\":\"https:\/\/bvbdl.de\/#organization\"},\"potentialAction\":[{\"@type\":\"SearchAction\",\"target\":{\"@type\":\"EntryPoint\",\"urlTemplate\":\"https:\/\/bvbdl.de\/?s={search_term_string}\"},\"query-input\":{\"@type\":\"PropertyValueSpecification\",\"valueRequired\":true,\"valueName\":\"search_term_string\"}}],\"inLanguage\":\"de\"},{\"@type\":\"Organization\",\"@id\":\"https:\/\/bvbdl.de\/#organization\",\"name\":\"Bundesverband der B\u00fcrger- und Dorfl\u00e4den in Deutschland e.V.\",\"url\":\"https:\/\/bvbdl.de\/\",\"logo\":{\"@type\":\"ImageObject\",\"inLanguage\":\"de\",\"@id\":\"https:\/\/bvbdl.de\/#\/schema\/logo\/image\/\",\"url\":\"https:\/\/bvbdl.de\/wp-content\/uploads\/2025\/02\/Logo_Bundesverband_with_border.png\",\"contentUrl\":\"https:\/\/bvbdl.de\/wp-content\/uploads\/2025\/02\/Logo_Bundesverband_with_border.png\",\"width\":302,\"height\":278,\"caption\":\"Bundesverband der B\u00fcrger- und Dorfl\u00e4den in Deutschland e.V.\"},\"image\":{\"@id\":\"https:\/\/bvbdl.de\/#\/schema\/logo\/image\/\"},\"sameAs\":[\"https:\/\/www.facebook.com\/Dorfladen.Familie\",\"https:\/\/www.instagram.com\/dorfladennetzwerk\/\",\"https:\/\/www.youtube.com\/channel\/UCiIcZBpITXauy6ydrZiZIew\"]}]}<\/script>\n<!-- \/ Yoast SEO plugin. -->","yoast_head_json":{"title":"Praxiswissen - Bundesverband der B\u00fcrger- und Dorfl\u00e4den e.V. - Das Dorfladen Netzwerk","description":"Die Seite f\u00fcr Dorfladen Know How","robots":{"index":"index","follow":"follow","max-snippet":"max-snippet:-1","max-image-preview":"max-image-preview:large","max-video-preview":"max-video-preview:-1"},"canonical":"https:\/\/bvbdl.de\/index.php\/beitraege\/","og_locale":"de_DE","og_type":"article","og_title":"Praxiswissen - Bundesverband der B\u00fcrger- und Dorfl\u00e4den e.V. - Das Dorfladen Netzwerk","og_description":"Die Seite f\u00fcr Dorfladen Know How","og_url":"https:\/\/bvbdl.de\/index.php\/beitraege\/","og_site_name":"Bundesverband der B\u00fcrger- und Dorfl\u00e4den e.V. - Das Dorfladen Netzwerk","article_publisher":"https:\/\/www.facebook.com\/Dorfladen.Familie","article_modified_time":"2024-10-11T12:49:42+00:00","og_image":[{"width":2560,"height":1244,"url":"https:\/\/bvbdl.de\/wp-content\/uploads\/2020\/06\/assets_img_1-min-scaled.jpg","type":"image\/jpeg"}],"twitter_card":"summary_large_image","schema":{"@context":"https:\/\/schema.org","@graph":[{"@type":"WebPage","@id":"https:\/\/bvbdl.de\/index.php\/beitraege\/","url":"https:\/\/bvbdl.de\/index.php\/beitraege\/","name":"Praxiswissen - Bundesverband der B\u00fcrger- und Dorfl\u00e4den e.V. - Das Dorfladen Netzwerk","isPartOf":{"@id":"https:\/\/bvbdl.de\/#website"},"primaryImageOfPage":{"@id":"https:\/\/bvbdl.de\/index.php\/beitraege\/#primaryimage"},"image":{"@id":"https:\/\/bvbdl.de\/index.php\/beitraege\/#primaryimage"},"thumbnailUrl":"https:\/\/bvbdl.de\/wp-content\/uploads\/2020\/06\/assets_img_1-min-scaled.jpg","datePublished":"2018-11-12T11:50:12+00:00","dateModified":"2024-10-11T12:49:42+00:00","description":"Die Seite f\u00fcr Dorfladen Know How","breadcrumb":{"@id":"https:\/\/bvbdl.de\/index.php\/beitraege\/#breadcrumb"},"inLanguage":"de","potentialAction":[{"@type":"ReadAction","target":["https:\/\/bvbdl.de\/index.php\/beitraege\/"]}]},{"@type":"ImageObject","inLanguage":"de","@id":"https:\/\/bvbdl.de\/index.php\/beitraege\/#primaryimage","url":"https:\/\/bvbdl.de\/wp-content\/uploads\/2020\/06\/assets_img_1-min-scaled.jpg","contentUrl":"https:\/\/bvbdl.de\/wp-content\/uploads\/2020\/06\/assets_img_1-min-scaled.jpg","width":2560,"height":1244},{"@type":"BreadcrumbList","@id":"https:\/\/bvbdl.de\/index.php\/beitraege\/#breadcrumb","itemListElement":[{"@type":"ListItem","position":1,"name":"Home","item":"https:\/\/bvbdl.de\/"},{"@type":"ListItem","position":2,"name":"Praxiswissen"}]},{"@type":"WebSite","@id":"https:\/\/bvbdl.de\/#website","url":"https:\/\/bvbdl.de\/","name":"Bundesverband der B\u00fcrger- und Dorfl\u00e4den e.V. - Das Dorfladen Netzwerk","description":"bvbdl.de","publisher":{"@id":"https:\/\/bvbdl.de\/#organization"},"potentialAction":[{"@type":"SearchAction","target":{"@type":"EntryPoint","urlTemplate":"https:\/\/bvbdl.de\/?s={search_term_string}"},"query-input":{"@type":"PropertyValueSpecification","valueRequired":true,"valueName":"search_term_string"}}],"inLanguage":"de"},{"@type":"Organization","@id":"https:\/\/bvbdl.de\/#organization","name":"Bundesverband der B\u00fcrger- und Dorfl\u00e4den in Deutschland e.V.","url":"https:\/\/bvbdl.de\/","logo":{"@type":"ImageObject","inLanguage":"de","@id":"https:\/\/bvbdl.de\/#\/schema\/logo\/image\/","url":"https:\/\/bvbdl.de\/wp-content\/uploads\/2025\/02\/Logo_Bundesverband_with_border.png","contentUrl":"https:\/\/bvbdl.de\/wp-content\/uploads\/2025\/02\/Logo_Bundesverband_with_border.png","width":302,"height":278,"caption":"Bundesverband der B\u00fcrger- und Dorfl\u00e4den in Deutschland e.V."},"image":{"@id":"https:\/\/bvbdl.de\/#\/schema\/logo\/image\/"},"sameAs":["https:\/\/www.facebook.com\/Dorfladen.Familie","https:\/\/www.instagram.com\/dorfladennetzwerk\/","https:\/\/www.youtube.com\/channel\/UCiIcZBpITXauy6ydrZiZIew"]}]}},"_links":{"self":[{"href":"https:\/\/bvbdl.de\/index.php\/wp-json\/wp\/v2\/pages\/4285","targetHints":{"allow":["GET"]}}],"collection":[{"href":"https:\/\/bvbdl.de\/index.php\/wp-json\/wp\/v2\/pages"}],"about":[{"href":"https:\/\/bvbdl.de\/index.php\/wp-json\/wp\/v2\/types\/page"}],"author":[{"embeddable":true,"href":"https:\/\/bvbdl.de\/index.php\/wp-json\/wp\/v2\/users\/1"}],"replies":[{"embeddable":true,"href":"https:\/\/bvbdl.de\/index.php\/wp-json\/wp\/v2\/comments?post=4285"}],"version-history":[{"count":4,"href":"https:\/\/bvbdl.de\/index.php\/wp-json\/wp\/v2\/pages\/4285\/revisions"}],"predecessor-version":[{"id":6837,"href":"https:\/\/bvbdl.de\/index.php\/wp-json\/wp\/v2\/pages\/4285\/revisions\/6837"}],"wp:featuredmedia":[{"embeddable":true,"href":"https:\/\/bvbdl.de\/index.php\/wp-json\/wp\/v2\/media\/4313"}],"wp:attachment":[{"href":"https:\/\/bvbdl.de\/index.php\/wp-json\/wp\/v2\/media?parent=4285"}],"curies":[{"name":"wp","href":"https:\/\/api.w.org\/{rel}","templated":true}]}}